{"id":55603,"date":"2022-04-08T12:21:00","date_gmt":"2022-04-08T10:21:00","guid":{"rendered":"https:\/\/secureus.se\/produkt\/powerseries-pc1616-pcb\/"},"modified":"2026-01-06T20:49:05","modified_gmt":"2026-01-06T19:49:05","slug":"dsc-powerseries-1616-control-panel","status":"publish","type":"product","link":"https:\/\/secureus.se\/dk\/dsc-powerseries-1616-control-panel\/","title":{"rendered":"DSC PowerSeries 1616 kontrolpanel (dette produkt er udg\u00e5et af sortimentet)"},"content":{"rendered":"<p><strong>DSC Power Series 1616<\/strong> er et robust og fleksibelt kontrolpanel, der er en del af DSC PowerSeries-serien, udviklet f\u00f8r DSC NEO.<\/p>\n<p>Med sin grundl\u00e6ggende konfiguration p\u00e5 6 zoner p\u00e5 bundkortet kan systemet nemt udvides til 16 faste zoner og underst\u00f8tte op til 32 tr\u00e5dl\u00f8se zoner.<\/p>\n<p>Dette g\u00f8r PowerSeries 1616 til et fremragende valg for b\u00e5de hjem og virksomheder, der kr\u00e6ver en brugerdefinerbar sikkerhedsl\u00f8sning.<\/p>\n<p>Dette kontrolpanel har mulighed for dobbelt omr\u00e5de, hvilket g\u00f8r det muligt at administrere separate sikkerhedssystemer inden for samme installation.<\/p>\n<p>Med en h\u00e6ndelsesbuffer p\u00e5 500 h\u00e6ndelser og underst\u00f8ttelse af op til 97 brugerkoder giver det b\u00e5de sikkerhed og fleksibilitet til flere brugere.<\/p>\n<p>PowerSeries 1616 har to programmerbare PGM-udgange, der kan udvides til 14 med PC5204 eller PC5208, hvilket muligg\u00f8r yderligere kontrol af eksterne enheder.<\/p>\n<p>Panelet underst\u00f8tter op til 8 overv\u00e5gede tastaturer og er kompatibelt med tr\u00e5dl\u00f8se tastaturer via TR5164-433 transceiveren, hvilket g\u00f8r installationen enkel og effektiv.<\/p>\n<p>PowerSeries 1616 er CP-01-kompatibel og giver en p\u00e5lidelig l\u00f8sning til det moderne sikkerhedsmarked.<\/p>","protected":false},"excerpt":{"rendered":"<p>DSC PowerSeries 1616 er et alsidigt kontrolpanel med underst\u00f8ttelse af 6-16 zoner, ideelt til sikkerhedssystemer med op til 32 tr\u00e5dl\u00f8se zoner.<\/p>\n<p>&nbsp;<\/p>","protected":false},"featured_media":145176,"template":"","meta":{"_acf_changed":false},"product_brand":[],"product_cat":[3330,1322],"product_tag":[3311,3027],"class_list":{"0":"post-55603","1":"product","2":"type-product","3":"status-publish","4":"has-post-thumbnail","6":"product_cat-powerseries-1616-1864","7":"product_cat-dsc-larm-neo-power-hybridlarm","8":"product_tag-dsc-neo-svensk-manual","9":"product_tag-power-pc1616-1864-aldre-versionen-av-neo","10":"product_shipping_class-postnord-varubrev","11":"pa_brands-4dsc","12":"pa_dsc-neo-hybridlarm-power-pc1616-1864-aldre-version-av-neo","13":"tm-has-options","15":"first","16":"outofstock","17":"sale","18":"featured","19":"taxable","20":"shipping-taxable","21":"purchasable","22":"product-type-simple"},"acf":[],"_links":{"self":[{"href":"https:\/\/secureus.se\/dk\/wp-json\/wp\/v2\/product\/55603","targetHints":{"allow":["GET"]}}],"collection":[{"href":"https:\/\/secureus.se\/dk\/wp-json\/wp\/v2\/product"}],"about":[{"href":"https:\/\/secureus.se\/dk\/wp-json\/wp\/v2\/types\/product"}],"wp:featuredmedia":[{"embeddable":true,"href":"https:\/\/secureus.se\/dk\/wp-json\/wp\/v2\/media\/145176"}],"wp:attachment":[{"href":"https:\/\/secureus.se\/dk\/wp-json\/wp\/v2\/media?parent=55603"}],"wp:term":[{"taxonomy":"product_brand","embeddable":true,"href":"https:\/\/secureus.se\/dk\/wp-json\/wp\/v2\/product_brand?post=55603"},{"taxonomy":"product_cat","embeddable":true,"href":"https:\/\/secureus.se\/dk\/wp-json\/wp\/v2\/product_cat?post=55603"},{"taxonomy":"product_tag","embeddable":true,"href":"https:\/\/secureus.se\/dk\/wp-json\/wp\/v2\/product_tag?post=55603"}],"curies":[{"name":"wp","href":"https:\/\/api.w.org\/{rel}","templated":true}]}}