{"id":55605,"date":"2022-04-08T12:18:00","date_gmt":"2022-04-08T10:18:00","guid":{"rendered":"https:\/\/secureus.se\/produkt\/powerseries-keypad-lcd5511\/"},"modified":"2026-03-17T10:32:56","modified_gmt":"2026-03-17T09:32:56","slug":"dsc-powerseries-lcd-keypad-5511s","status":"publish","type":"product","link":"https:\/\/secureus.se\/dk\/dsc-powerseries-lcd-keypad-5511s\/","title":{"rendered":"DSC PowerSeries LCD-tastatur 5511S Symbol"},"content":{"rendered":"<p><strong>DSC PowerSeries LCD-tastatur 5511S<\/strong> er et moderne og stilfuldt kablet tastatur, der tilbyder en brugervenlig l\u00f8sning til styring af dit sikkerhedssystem.<\/p>\n<p>Den er designet til systemer, der underst\u00f8tter op til 64 sektioner, hvilket g\u00f8r den ideel til b\u00e5de bolig- og erhvervsinstallationer.<\/p>\n<p>Tastaturet er udstyret med et tydeligt symboldisplay, der inkluderer et ur, hvilket giver en intuitiv brugeroplevelse.<\/p>\n<p>Med fire programmerbare funktionstaster kan brugere hurtigt og nemt aktivere almindelige kommandoer.<\/p>\n<p>Derudover er der tre &quot;dobbelt-tryk&quot; n\u00f8dknapper for at sikre hurtig adgang i n\u00f8dsituationer.<\/p>\n<p>Det store, baggrundsbelyste tastatur er let at se og aktivere, selv i svagt lys.<\/p>\n<p>LCD5511S har ogs\u00e5 en input\/output terminal, der kan programmeres til at fungere som zoneindgang, programmerbar udgang eller som lavtemperaturf\u00f8ler.<\/p>\n<p>Med underst\u00f8ttelse af op til 8 partitioner og et nyt AC-statusikon er dette tastatur en p\u00e5lidelig og funktionel komponent i DSC PowerSeries-systemet.<\/p>","protected":false},"excerpt":{"rendered":"<p>DSC PowerSeries LCD-tastatur 5511S er et kablet tastatur med symboler og et tydeligt display, designet til systemer med op til 64 sektioner.<\/p>","protected":false},"featured_media":144834,"template":"","meta":{"_acf_changed":false},"product_brand":[],"product_cat":[3330,1322],"product_tag":[3311,3027],"class_list":{"0":"post-55605","1":"product","2":"type-product","3":"status-publish","4":"has-post-thumbnail","6":"product_cat-powerseries-1616-1864","7":"product_cat-dsc-larm-neo-power-hybridlarm","8":"product_tag-dsc-neo-svensk-manual","9":"product_tag-power-pc1616-1864-aldre-versionen-av-neo","10":"product_shipping_class-postnord-varubrev","11":"pa_brands-4dsc","12":"pa_dsc-neo-hybridlarm-power-pc1616-1864-aldre-version-av-neo","13":"tm-has-options","15":"first","16":"instock","17":"sale","18":"featured","19":"taxable","20":"shipping-taxable","21":"purchasable","22":"product-type-simple"},"acf":[],"_links":{"self":[{"href":"https:\/\/secureus.se\/dk\/wp-json\/wp\/v2\/product\/55605","targetHints":{"allow":["GET"]}}],"collection":[{"href":"https:\/\/secureus.se\/dk\/wp-json\/wp\/v2\/product"}],"about":[{"href":"https:\/\/secureus.se\/dk\/wp-json\/wp\/v2\/types\/product"}],"wp:featuredmedia":[{"embeddable":true,"href":"https:\/\/secureus.se\/dk\/wp-json\/wp\/v2\/media\/144834"}],"wp:attachment":[{"href":"https:\/\/secureus.se\/dk\/wp-json\/wp\/v2\/media?parent=55605"}],"wp:term":[{"taxonomy":"product_brand","embeddable":true,"href":"https:\/\/secureus.se\/dk\/wp-json\/wp\/v2\/product_brand?post=55605"},{"taxonomy":"product_cat","embeddable":true,"href":"https:\/\/secureus.se\/dk\/wp-json\/wp\/v2\/product_cat?post=55605"},{"taxonomy":"product_tag","embeddable":true,"href":"https:\/\/secureus.se\/dk\/wp-json\/wp\/v2\/product_tag?post=55605"}],"curies":[{"name":"wp","href":"https:\/\/api.w.org\/{rel}","templated":true}]}}