{"id":55606,"date":"2022-04-08T12:16:00","date_gmt":"2022-04-08T10:16:00","guid":{"rendered":"https:\/\/secureus.se\/produkt\/wireless-key-ws4939\/"},"modified":"2026-01-06T20:48:46","modified_gmt":"2026-01-06T19:48:46","slug":"dsc-4-button-wireless-key-ws4939","status":"publish","type":"product","link":"https:\/\/secureus.se\/dk\/dsc-4-button-wireless-key-ws4939\/","title":{"rendered":"DSC 4-knaps tr\u00e5dl\u00f8s n\u00f8gle - fjernbetjening WS4939 433 Mhz (dette produkt er udg\u00e5et)"},"content":{"rendered":"<p><strong>DSC 4-knaps tr\u00e5dl\u00f8s n\u00f8gle WS4939<\/strong> er en funktionel og praktisk tr\u00e5dl\u00f8s fjernbetjening, der giver brugerne nem adgang og kontrol over deres sikkerhedssystem.<\/p>\n<p>Den har fire programmerbare knapper, der g\u00f8r det muligt hurtigt at aktivere specifikke funktioner s\u00e5som at t\u00e6nde eller slukke for alarmen, alarmere i n\u00f8dstilf\u00e6lde eller styre andre tilsluttede enheder.<\/p>\n<p>Fjernbetjeningen har batterisp\u00e6ndingsoverv\u00e5gning og leveres med to CR2025 type lithium batterier, hvilket sikrer langtidsbrug.<\/p>\n<p>Enheden kan bruges med op til 16 fjernbetjeninger i systemet uden at optage sektionsplads, hvilket g\u00f8r den ideel til komplekse installationer.<\/p>\n<p>Med et kompakt design (m\u00e5l 57x32x11 mm) er denne fjernbetjening b\u00e5de nem at h\u00e5ndtere og nem at have med.<\/p>\n<p>For at sikre optimal funktion skal din alarm have en Transceiver HSM2HOST eller et tastatur med RF teknologi, som fungerer som modtager for de tr\u00e5dl\u00f8se produkter.<\/p>\n<p>DSC 4-knap tr\u00e5dl\u00f8s n\u00f8gle er perfekt til b\u00e5de hjem og virksomheder og giver en bekvem m\u00e5de at styre sikkerhedssystemet p\u00e5 p\u00e5 en brugervenlig m\u00e5de.<\/p>","protected":false},"excerpt":{"rendered":"<p>DSC 4-knap tr\u00e5dl\u00f8s n\u00f8gle WS4939 er en tr\u00e5dl\u00f8s fjernbetjening med fire programmerbare knapper, perfekt til at styre DSC PowerSeries Neo-systemer.<\/p>","protected":false},"featured_media":144639,"template":"","meta":{"_acf_changed":false},"product_brand":[],"product_cat":[1322,3327],"product_tag":[3311,3027],"class_list":{"0":"post-55606","1":"product","2":"type-product","3":"status-publish","4":"has-post-thumbnail","6":"product_cat-dsc-larm-neo-power-hybridlarm","7":"product_cat-overfall-fjarrkontrol","8":"product_tag-dsc-neo-svensk-manual","9":"product_tag-power-pc1616-1864-aldre-versionen-av-neo","10":"product_shipping_class-postnord-varubrev","11":"pa_brands-4dsc","12":"pa_dsc-neo-hybridlarm-power-pc1616-1864-aldre-version-av-neo","13":"tm-has-options","15":"first","16":"outofstock","17":"sale","18":"featured","19":"taxable","20":"shipping-taxable","21":"purchasable","22":"product-type-simple"},"acf":[],"_links":{"self":[{"href":"https:\/\/secureus.se\/dk\/wp-json\/wp\/v2\/product\/55606","targetHints":{"allow":["GET"]}}],"collection":[{"href":"https:\/\/secureus.se\/dk\/wp-json\/wp\/v2\/product"}],"about":[{"href":"https:\/\/secureus.se\/dk\/wp-json\/wp\/v2\/types\/product"}],"wp:featuredmedia":[{"embeddable":true,"href":"https:\/\/secureus.se\/dk\/wp-json\/wp\/v2\/media\/144639"}],"wp:attachment":[{"href":"https:\/\/secureus.se\/dk\/wp-json\/wp\/v2\/media?parent=55606"}],"wp:term":[{"taxonomy":"product_brand","embeddable":true,"href":"https:\/\/secureus.se\/dk\/wp-json\/wp\/v2\/product_brand?post=55606"},{"taxonomy":"product_cat","embeddable":true,"href":"https:\/\/secureus.se\/dk\/wp-json\/wp\/v2\/product_cat?post=55606"},{"taxonomy":"product_tag","embeddable":true,"href":"https:\/\/secureus.se\/dk\/wp-json\/wp\/v2\/product_tag?post=55606"}],"curies":[{"name":"wp","href":"https:\/\/api.w.org\/{rel}","templated":true}]}}