{"id":55617,"date":"2022-04-08T11:12:00","date_gmt":"2022-04-08T09:12:00","guid":{"rendered":"https:\/\/secureus.se\/produkt\/wireless-pir-detector-ws4904pw\/"},"modified":"2025-12-31T19:58:01","modified_gmt":"2025-12-31T18:58:01","slug":"dsc-pet-pir-motion-ws4904p","status":"publish","type":"product","link":"https:\/\/secureus.se\/dk\/dsc-pet-pir-motion-ws4904p\/","title":{"rendered":"DSC PET PIR tr\u00e5dl\u00f8s bev\u00e6gelsesdetektor WS4904P"},"content":{"rendered":"<p><strong>DSC PET PIR Tr\u00e5dl\u00f8s Bev\u00e6gelsesdetektor WS4904P<\/strong> er den ideelle l\u00f8sning til k\u00e6ledyrsejere, der leder efter en effektiv og p\u00e5lidelig bev\u00e6gelsesdetektor.<\/p>\n<p>Denne tr\u00e5dl\u00f8se detektor bruger 433MHz teknologi og har en imponerende d\u00e6kningsradius p\u00e5 15,2 x 18,3 meter, hvilket sikrer en omfattende beskyttelse af dit hjem.<\/p>\n<p>Med en immunitet mod k\u00e6ledyr op til 27 kg, kan du trygt bruge den i milj\u00f8er, hvor dyr bev\u00e6ger sig, uden at skulle bekymre dig om falske alarmer.<\/p>\n<p>Den har en automatisk gangtestindkobling og en batterisparefunktion, der aktiveres efter 3 minutters inaktivitet, hvilket bidrager til en lang batterilevetid p\u00e5 cirka 5 \u00e5r med det medf\u00f8lgende lithiumbatteri af typen CR123A.<\/p>\n<p>Ops\u00e6tning og installation af WS4904P er meget let, s\u00e5 du hurtigt kan f\u00e5 dit sikkerhedssystem op at k\u00f8re.<\/p>\n<p>Detektoren overv\u00e5ger ogs\u00e5 manipulation, batterisp\u00e6nding og kommunikation for at sikre et h\u00f8jt sikkerhedsniveau.<\/p>\n<p>Det er vigtigt at bem\u00e6rke, at for at bruge PowerG tr\u00e5dl\u00f8se produkter kr\u00e6ves der en transceiver HSM2HOST eller et tastatur med RF-teknologi for at fungere som modtager.<\/p>\n<p>DSC PET PIR WS4904P er ideel til b\u00e5de bolig- og kommercielle applikationer og giver en effektiv og p\u00e5lidelig sikkerhedsl\u00f8sning.<\/p>","protected":false},"excerpt":{"rendered":"<p>DSC PET PIR WS4904P er en tr\u00e5dl\u00f8s k\u00e6ledyrsdetektor med immunitet over for dyr op til 27 kg, perfekt til sikkerhedssystemer i hjem med k\u00e6ledyr.<\/p>","protected":false},"featured_media":144872,"template":"","meta":{"_acf_changed":false},"product_brand":[],"product_cat":[1322],"product_tag":[3152,3311],"class_list":{"0":"post-55617","1":"product","2":"type-product","3":"status-publish","4":"has-post-thumbnail","6":"product_cat-dsc-larm-neo-power-hybridlarm","7":"product_tag-cr123-tillbehor","8":"product_tag-dsc-neo-svensk-manual","9":"product_shipping_class-postnord-varubrev","10":"pa_brands-4dsc","11":"pa_dsc-neo-hybridlarm-power-pc1616-1864-aldre-version-av-neo","12":"tm-has-options","14":"first","15":"instock","16":"sale","17":"featured","18":"taxable","19":"shipping-taxable","20":"purchasable","21":"product-type-simple"},"acf":[],"_links":{"self":[{"href":"https:\/\/secureus.se\/dk\/wp-json\/wp\/v2\/product\/55617","targetHints":{"allow":["GET"]}}],"collection":[{"href":"https:\/\/secureus.se\/dk\/wp-json\/wp\/v2\/product"}],"about":[{"href":"https:\/\/secureus.se\/dk\/wp-json\/wp\/v2\/types\/product"}],"wp:featuredmedia":[{"embeddable":true,"href":"https:\/\/secureus.se\/dk\/wp-json\/wp\/v2\/media\/144872"}],"wp:attachment":[{"href":"https:\/\/secureus.se\/dk\/wp-json\/wp\/v2\/media?parent=55617"}],"wp:term":[{"taxonomy":"product_brand","embeddable":true,"href":"https:\/\/secureus.se\/dk\/wp-json\/wp\/v2\/product_brand?post=55617"},{"taxonomy":"product_cat","embeddable":true,"href":"https:\/\/secureus.se\/dk\/wp-json\/wp\/v2\/product_cat?post=55617"},{"taxonomy":"product_tag","embeddable":true,"href":"https:\/\/secureus.se\/dk\/wp-json\/wp\/v2\/product_tag?post=55617"}],"curies":[{"name":"wp","href":"https:\/\/api.w.org\/{rel}","templated":true}]}}