{"id":55810,"date":"2022-03-23T12:36:00","date_gmt":"2022-03-23T11:36:00","guid":{"rendered":"https:\/\/secureus.se\/produkt\/tagg-droppen-mifare-1k-gron\/"},"modified":"2026-03-26T16:53:52","modified_gmt":"2026-03-26T15:53:52","slug":"tagg-mifare1k-gron-droppen","status":"publish","type":"product","link":"https:\/\/secureus.se\/dk\/tagg-mifare1k-gron-droppen\/","title":{"rendered":"Mifare 1k Classic Droppen Gr\u00f8n \u2013 N\u00f8glem\u00e6rke (Mifare 13,56 MHz)"},"content":{"rendered":"<h1>Mifare 1k Classic Droppen Gr\u00f8n \u2013 N\u00f8glem\u00e6rke (Mifare 13,56 MHz)<\/h1>\n<p><strong>Sveriges mest genkendelige n\u00f8glebrikke - her med \u00e6gte Mifare 1k Classic fra NXP.<\/strong><br \/>\nHelt blank og klar til din egen programmering af taster A\/B, sektorer, serienumre eller logo \u2013 perfekt n\u00e5r du \u00f8nsker fuld kontrol.<\/p>\n<div style=\"background: #f4f9ff;border: 2px solid #0066cc;border-radius: 12px;padding: 20px;margin: 30px 0;text-align: center\">\n<h3 style=\"margin: 0 0 12px 0;color: #003366\">Usikker p\u00e5 EM eller Mifare?<\/h3>\n<p style=\"margin: 8px 0;font-size: 1.05em;color: #333\">Pr\u00f8v begge teknikker derhjemme for kun <strong>69 kr. Gratis fragt<\/strong><br \/>\nPengene tilbage ved k\u00f8b af 100 eller flere<\/p>\n<p><a style=\"display: inline-block;background: #0066cc;color: white;font-weight: bold;padding: 14px 32px;border-radius: 8px;text-decoration: none;margin: 15px 0;font-size: 1.1em\" href=\"\/dk\/testtagg-em-mifare\/\">K\u00f8b testm\u00e6rke nu \u2013 69 kr.<\/a><\/p>\n<\/div>\n<h2>Almindelige Mifare-pr\u00e6fikser (valgt under &quot;Tilpas produkt&quot;)<\/h2>\n<table style=\"width: 100%;border-collapse: collapse;font-size: 0.96em;margin: 20px 0\">\n<tbody>\n<tr style=\"background: #f5f5f5\">\n<th style=\"text-align: left;padding: 10px\">System<\/th>\n<th style=\"text-align: left;padding: 10px\">Pr\u00e6fiks<\/th>\n<\/tr>\n<tr>\n<td style=\"padding: 10px\">Aptus<\/td>\n<td><strong>MFD<\/strong> + 9 cifre<\/td>\n<\/tr>\n<tr style=\"background: #f9f9f9\">\n<td>RCO-sikkerhed (standard)<\/td>\n<td><strong>MFR<\/strong> + 9 cifre<\/td>\n<\/tr>\n<tr>\n<td>RCO-sikkerhed (10 cifre)<\/td>\n<td><strong>MFL<\/strong> + 10 cifre<\/td>\n<\/tr>\n<tr style=\"background: #f9f9f9\">\n<td>Axema V\u00c5GEN<\/td>\n<td><strong>MFV<\/strong> + nummer<\/td>\n<\/tr>\n<tr>\n<td>ASSA ARX \/ Vanderbilt og andre.<\/td>\n<td><strong>MFD<\/strong> + 10 cifre<\/td>\n<\/tr>\n<tr style=\"background: #f5f5f5\">\n<td>Brugerdefineret format \/ hex<\/td>\n<td>Du specificerer dig selv<\/td>\n<\/tr>\n<\/tbody>\n<\/table>\n<h2>Derfor v\u00e6lger alle Droppen Mifare 1k<\/h2>\n<ul>\n<li>Sveriges mest ber\u00f8mte og popul\u00e6re n\u00f8glering - genkendt overalt<\/li>\n<li>Ekstremt holdbar ABS med robust metalring<\/li>\n<li>Original NXP Mifare Classic 1k \u2013 1 kB hukommelse, 16 sektorer<\/li>\n<li>Helt tom \u2013 klar til dine egne n\u00f8gler og data<\/li>\n<\/ul>\n<h2>Tilpas pr\u00e6cis som du \u00f8nsker<\/h2>\n<p>Klik p\u00e5 &quot;Tilpas produkt&quot; og v\u00e6lg:<\/p>\n<ul>\n<li>Lasergraveret logo<\/li>\n<li>Indgraverede tal<\/li>\n<li>Nummer + logo<\/li>\n<li>Farvelogo + nummer (min. 500 stk.)<\/li>\n<li>Serienummer eller chip-UID i hex<\/li>\n<li>Programmering af tasterne A\/B eller enhver sektor<\/li>\n<\/ul>\n<p>\u2714\ufe0f Vi kontakter dig altid med pr\u00f8vetryk f\u00f8r produktion<\/p>\n<h2>Teknisk specifikation<\/h2>\n<table style=\"width: 100%;border-collapse: collapse;margin: 20px 0\">\n<tbody>\n<tr>\n<td><strong>Chip<\/strong><\/td>\n<td>Mifare Classic 1k original (NXP)<\/td>\n<\/tr>\n<tr>\n<td><strong>Frekvens<\/strong><\/td>\n<td>13,56 MHz<\/td>\n<\/tr>\n<tr>\n<td><strong>Hukommelse<\/strong><\/td>\n<td>1 KB (16 sektorer)<\/td>\n<\/tr>\n<tr>\n<td><strong>Materiale<\/strong><\/td>\n<td>Holdbar ABS + metalring<\/td>\n<\/tr>\n<tr>\n<td><strong>Form<\/strong><\/td>\n<td>Dr\u00e5beformet n\u00f8glering<\/td>\n<\/tr>\n<tr>\n<td><strong>Standard<\/strong><\/td>\n<td>Helt tom \u2013 klar til din programmering<\/td>\n<\/tr>\n<tr>\n<td><strong>Gravering<\/strong><\/td>\n<td>Nummer \u2219 serienummer \u2219 logo \u2219 pr\u00e6fiks<\/td>\n<\/tr>\n<tr>\n<td><strong>Farver<\/strong><\/td>\n<td>Sort \u2219 Hvid \u2219 Bl\u00e5 \u2219 R\u00f8d \u2219 Gr\u00f8n \u2219 Gul \u2219 Gr\u00e5<\/td>\n<\/tr>\n<\/tbody>\n<\/table>\n<h2>Levering og support<\/h2>\n<ul>\n<li>Normalt <strong>1\u20133 hverdage<\/strong><\/li>\n<li><strong>Gratis fragt<\/strong> over 1000 kr.<\/li>\n<li>Har du brug for hj\u00e6lp med n\u00f8gler eller formater? Vi ordner det!<\/li>\n<\/ul>","protected":false},"excerpt":{"rendered":"<p><strong>Mifare 1k Classic Dr\u00e5ber \u2013 N\u00f8glebrikke (Mifare 13,56 MHz)<\/strong><br \/>\nSveriges mest ber\u00f8mte n\u00f8glebrik \u2219 Original NXP-chip \u2219 Helt blank<br \/>\nBrugerdefineret programmering af taster og sektorer \u2219 Gravering af logo\/nummer<\/p>","protected":false},"featured_media":163633,"template":"","meta":{"_acf_changed":false},"product_brand":[],"product_cat":[1352,4784,2354],"product_tag":[2074,2434,2431,4146,2093,2958],"class_list":{"0":"post-55810","1":"product","2":"type-product","3":"status-publish","4":"has-post-thumbnail","6":"product_cat-rfid-tagg-droppen","7":"product_cat-mifare1k","8":"product_cat-rfid-taggar","9":"product_tag-ej-lagerfraga","10":"product_tag-mifare-standard-blank-alpha","11":"product_tag-mifare-standard-blank-dtc","12":"product_tag-nxp","13":"product_tag-rfid-100","14":"product_tag-stonehouse-produkt","15":"product_shipping_class-postnord-varubrev","16":"pa_brands-stonehouse-security","17":"pa_chip-teknik-mifare1k","18":"pa_farg-gron","19":"pa_taggar-larmsystem-aptus","20":"pa_taggar-larmsystem-assa-arx-solid-entro","21":"pa_taggar-larmsystem-axema","22":"pa_taggar-larmsystem-axema-vaka","23":"pa_taggar-larmsystem-blank-inga-nummer","24":"pa_taggar-larmsystem-cdvi","25":"pa_taggar-larmsystem-decimala-nummer","26":"pa_taggar-larmsystem-enstaka-siffor-valfria","27":"pa_taggar-larmsystem-hexadecimala-nummer","28":"pa_taggar-larmsystem-lopnummer-valfria","29":"pa_taggar-larmsystem-paxton","30":"pa_taggar-larmsystem-rco-security","31":"pa_taggar-larmsystem-tidomat","32":"pa_taggar-larmsystem-val-av-fler-an-1-nummer-gor-dina-val-nedan-i-rott","33":"pa_taggar-larmsystem-vanderbilt-bewator-entro-8-siffor","34":"pa_taggar-larmsystem-vanderbilt-bewator-omnis-bewator-2010-13-siffor","35":"tm-has-options","37":"first","38":"instock","39":"sale","40":"featured","41":"taxable","42":"shipping-taxable","43":"purchasable","44":"product-type-simple"},"acf":[],"_links":{"self":[{"href":"https:\/\/secureus.se\/dk\/wp-json\/wp\/v2\/product\/55810","targetHints":{"allow":["GET"]}}],"collection":[{"href":"https:\/\/secureus.se\/dk\/wp-json\/wp\/v2\/product"}],"about":[{"href":"https:\/\/secureus.se\/dk\/wp-json\/wp\/v2\/types\/product"}],"wp:featuredmedia":[{"embeddable":true,"href":"https:\/\/secureus.se\/dk\/wp-json\/wp\/v2\/media\/163633"}],"wp:attachment":[{"href":"https:\/\/secureus.se\/dk\/wp-json\/wp\/v2\/media?parent=55810"}],"wp:term":[{"taxonomy":"product_brand","embeddable":true,"href":"https:\/\/secureus.se\/dk\/wp-json\/wp\/v2\/product_brand?post=55810"},{"taxonomy":"product_cat","embeddable":true,"href":"https:\/\/secureus.se\/dk\/wp-json\/wp\/v2\/product_cat?post=55810"},{"taxonomy":"product_tag","embeddable":true,"href":"https:\/\/secureus.se\/dk\/wp-json\/wp\/v2\/product_tag?post=55810"}],"curies":[{"name":"wp","href":"https:\/\/api.w.org\/{rel}","templated":true}]}}