{"id":56201,"date":"2022-03-16T14:53:00","date_gmt":"2022-03-16T13:53:00","guid":{"rendered":"https:\/\/secureus.se\/produkt\/yale-doorman-rfid-tagg-svart-aven-for-nya-l3-versionen\/"},"modified":"2026-04-07T16:11:12","modified_gmt":"2026-04-07T14:11:12","slug":"yale-doorman-tagg","status":"publish","type":"product","link":"https:\/\/secureus.se\/dk\/yale-doorman-tagg\/","title":{"rendered":"Yale Doorman Tag Black L3 &amp; L2 (ikke version L3S)"},"content":{"rendered":"<h1>Yale d\u00f8rmand Tag<\/h1>\n<h3>Ogs\u00e5 egnet til L2 \u2013 L3 men ikke version L3S.<\/h3>\n<p>N\u00f8glebrik til Yale Doorman i sort farve.<\/p>\n<p>M\u00e6rkerne virker i op til 6 l\u00e5se p\u00e5 samme tid og har du den nye L3 version, g\u00e6lder der ogs\u00e5 maksimalt 6 l\u00e5se.<\/p>\n<p>Tags forenkler h\u00e5ndteringen og \u00f8ger sikkerheden p\u00e5 dit system. Dette tag er baseret p\u00e5 L2\/L3 versioner og er kun tilg\u00e6ngelig i sort version.<\/p>\n<p>&nbsp;<\/p>","protected":false},"excerpt":{"rendered":"<p>Yale doorman Tag Ogs\u00e5 egnet til L2 \u2013 L3 men ikke version L3S. N\u00f8glebrik til Yale Doorman i sort farve. M\u00e6rkerne virker i op til 6 l\u00e5se samtidigt og<\/p>","protected":false},"featured_media":146212,"template":"","meta":{"_acf_changed":false},"product_brand":[],"product_cat":[4818],"product_tag":[5128],"class_list":{"0":"post-56201","1":"product","2":"type-product","3":"status-publish","4":"has-post-thumbnail","6":"product_cat-yale-doorman-taggar","7":"product_tag-varumarkesspecifik-tagg","8":"product_shipping_class-postnord-varubrev","9":"pa_brands-yale","10":"tm-has-options","12":"first","13":"instock","14":"sale","15":"featured","16":"taxable","17":"shipping-taxable","18":"purchasable","19":"product-type-simple"},"acf":[],"_links":{"self":[{"href":"https:\/\/secureus.se\/dk\/wp-json\/wp\/v2\/product\/56201","targetHints":{"allow":["GET"]}}],"collection":[{"href":"https:\/\/secureus.se\/dk\/wp-json\/wp\/v2\/product"}],"about":[{"href":"https:\/\/secureus.se\/dk\/wp-json\/wp\/v2\/types\/product"}],"wp:featuredmedia":[{"embeddable":true,"href":"https:\/\/secureus.se\/dk\/wp-json\/wp\/v2\/media\/146212"}],"wp:attachment":[{"href":"https:\/\/secureus.se\/dk\/wp-json\/wp\/v2\/media?parent=56201"}],"wp:term":[{"taxonomy":"product_brand","embeddable":true,"href":"https:\/\/secureus.se\/dk\/wp-json\/wp\/v2\/product_brand?post=56201"},{"taxonomy":"product_cat","embeddable":true,"href":"https:\/\/secureus.se\/dk\/wp-json\/wp\/v2\/product_cat?post=56201"},{"taxonomy":"product_tag","embeddable":true,"href":"https:\/\/secureus.se\/dk\/wp-json\/wp\/v2\/product_tag?post=56201"}],"curies":[{"name":"wp","href":"https:\/\/api.w.org\/{rel}","templated":true}]}}