{"id":56216,"date":"2022-03-16T14:52:00","date_gmt":"2022-03-16T13:52:00","guid":{"rendered":"https:\/\/secureus.se\/produkt\/iloq-pluto-em4200-minidisc-transp-17-5-mm\/"},"modified":"2025-12-31T19:53:34","modified_gmt":"2025-12-31T18:53:34","slug":"iloq-pluto-em4200-minidisc-transp-17-5-mm","status":"publish","type":"product","link":"https:\/\/secureus.se\/dk\/iloq-pluto-em4200-minidisc-transp-17-5-mm\/","title":{"rendered":"Pluto til ILOQ EM4200 \u2013 Minidisc 17,5 mm"},"content":{"rendered":"<p>Pluto MiniDisc er et RFID-tag med enkelt cover og f\u00e5s i flere st\u00f8rrelser og med b\u00e5de Mifare og EM4200.<\/p>\n<p>St\u00f8rrelsen og funktionen af dette tag er designet af Stonehouse.<\/p>\n<div>\n<div>\n<div data-tid=\"messageBodyContainer\">\n<div data-tid=\"messageBodyContent\">\n<div>\n<div>\n<div>\n<p>Pluto er et billigt og godt produkt med original chip til alle anvendelser.<\/p>\n<\/div>\n<\/div>\n<\/div>\n<\/div>\n<\/div>\n<\/div>\n<\/div>\n<div>\n<div>\n<div data-tid=\"messageBodyContainer\">\n<div data-tid=\"messageBodyContent\">\n<div>\n<div>\n<div>\n<p>&nbsp;<\/p>\n<\/div>\n<\/div>\n<\/div>\n<\/div>\n<\/div>\n<\/div>\n<\/div>","protected":false},"excerpt":{"rendered":"<p>Pluto MiniDisc er et RFID-tag med enkelt cover og f\u00e5s i flere st\u00f8rrelser og med b\u00e5de Mifare og EM4200. St\u00f8rrelsen og funktionen af dette tag er designet af Stonehouse.<\/p>","protected":false},"featured_media":144498,"template":"","meta":{"_acf_changed":false},"product_brand":[],"product_cat":[4783,2968],"product_tag":[2149,2150,2958],"class_list":{"0":"post-56216","1":"product","2":"type-product","3":"status-publish","4":"has-post-thumbnail","6":"product_cat-em4200-tagg","7":"product_cat-iloq-s50-pluto-minidisc","8":"product_tag-rfid-minidisc-10-25-mm","9":"product_tag-stonehouse-iloq-salto","10":"product_tag-stonehouse-produkt","11":"product_shipping_class-postnord-varubrev","12":"pa_brands-stonehouse-security","13":"pa_rfid-ovriga-system-iloq","14":"tm-no-options","16":"first","17":"instock","18":"sale","19":"featured","20":"taxable","21":"shipping-taxable","22":"purchasable","23":"product-type-simple"},"acf":[],"_links":{"self":[{"href":"https:\/\/secureus.se\/dk\/wp-json\/wp\/v2\/product\/56216","targetHints":{"allow":["GET"]}}],"collection":[{"href":"https:\/\/secureus.se\/dk\/wp-json\/wp\/v2\/product"}],"about":[{"href":"https:\/\/secureus.se\/dk\/wp-json\/wp\/v2\/types\/product"}],"wp:featuredmedia":[{"embeddable":true,"href":"https:\/\/secureus.se\/dk\/wp-json\/wp\/v2\/media\/144498"}],"wp:attachment":[{"href":"https:\/\/secureus.se\/dk\/wp-json\/wp\/v2\/media?parent=56216"}],"wp:term":[{"taxonomy":"product_brand","embeddable":true,"href":"https:\/\/secureus.se\/dk\/wp-json\/wp\/v2\/product_brand?post=56216"},{"taxonomy":"product_cat","embeddable":true,"href":"https:\/\/secureus.se\/dk\/wp-json\/wp\/v2\/product_cat?post=56216"},{"taxonomy":"product_tag","embeddable":true,"href":"https:\/\/secureus.se\/dk\/wp-json\/wp\/v2\/product_tag?post=56216"}],"curies":[{"name":"wp","href":"https:\/\/api.w.org\/{rel}","templated":true}]}}