{"id":56522,"date":"2022-03-11T07:13:00","date_gmt":"2022-03-11T06:13:00","guid":{"rendered":"https:\/\/secureus.se\/produkt\/oppnaknapp-touch-standard-smalprofil-metall\/"},"modified":"2025-12-31T20:00:22","modified_gmt":"2025-12-31T19:00:22","slug":"oppnaknapp-touch-standard-smalprofil-metall","status":"publish","type":"product","link":"https:\/\/secureus.se\/dk\/oppnaknapp-touch-standard-smalprofil-metall\/","title":{"rendered":"\u00c5bningsknap Touch Standard - Smal profil Metal, IP65, 12-36V (NO\/NC\/COM)"},"content":{"rendered":"<p data-start=\"731\" data-end=\"1026\"><strong data-start=\"731\" data-end=\"780\">\u00c5bn knap Tryk p\u00e5 Standard \u2013 Smal profil Metal<\/strong> er en robust og elegant \u00e5bneknap designet til professionelle adgangskontrolsystemer og d\u00f8rstyring.<br data-start=\"876\" data-end=\"879\" \/>Knappen aktiveres med et let tryk og skifter rel\u00e6et mellem NO\/NC\/COM \u2013 uden mekaniske dele, hvilket giver lang levetid og h\u00f8j driftssikkerhed.<\/p>\n<p data-start=\"1028\" data-end=\"1254\">Den indbyggede LED-indikator skifter mellem <strong data-start=\"1072\" data-end=\"1090\">r\u00f8d (standby)<\/strong> og <strong data-start=\"1095\" data-end=\"1116\">gr\u00f8n (aktiveret)<\/strong> for tydelig visuel feedback.<br data-start=\"1145\" data-end=\"1148\" \/>Byggeriet i <strong data-start=\"1165\" data-end=\"1179\">Zinklegering<\/strong> med <strong data-start=\"1184\" data-end=\"1209\">epoxyfyldt elektronik<\/strong> beskytter mod fugt, st\u00f8v og ydre p\u00e5virkninger.<\/p>\n<p data-start=\"1256\" data-end=\"1484\">Takket v\u00e6re dens <strong data-start=\"1270\" data-end=\"1288\">IP65-klassificering<\/strong> og <strong data-start=\"1293\" data-end=\"1316\">kompakt slank profil<\/strong> Den kan monteres b\u00e5de indend\u00f8rs og udend\u00f8rs, selv i trange rum.<br data-start=\"1383\" data-end=\"1386\" \/>Ingen programmering n\u00f8dvendig \u2013 tilslut blot str\u00f8m- og rel\u00e6ledninger, og s\u00e5 er den klar til brug.<\/p>\n<hr data-start=\"1486\" data-end=\"1489\" \/>\n<h3 data-start=\"1491\" data-end=\"1526\"><strong data-start=\"1498\" data-end=\"1526\">Tekniske specifikationer<\/strong><\/h3>\n<div class=\"_tableContainer_1rjym_1\">\n<div class=\"group _tableWrapper_1rjym_13 flex w-fit flex-col-reverse\">\n<table class=\"w-fit min-w-(--thread-content-width)\" data-start=\"1527\" data-end=\"2096\">\n<thead data-start=\"1527\" data-end=\"1547\">\n<tr data-start=\"1527\" data-end=\"1547\">\n<th data-start=\"1527\" data-end=\"1538\" data-col-size=\"sm\">Ejendom<\/th>\n<th data-start=\"1538\" data-end=\"1547\" data-col-size=\"md\">V\u00e6rdi<\/th>\n<\/tr>\n<\/thead>\n<tbody data-start=\"1571\" data-end=\"2096\">\n<tr data-start=\"1571\" data-end=\"1608\">\n<td data-start=\"1571\" data-end=\"1577\" data-col-size=\"sm\">Type<\/td>\n<td data-col-size=\"md\" data-start=\"1577\" data-end=\"1608\">Ber\u00f8ringsf\u00f8lsom \u00e5bningsknap<\/td>\n<\/tr>\n<tr data-start=\"1609\" data-end=\"1647\">\n<td data-start=\"1609\" data-end=\"1618\" data-col-size=\"sm\">Model<\/td>\n<td data-col-size=\"md\" data-start=\"1618\" data-end=\"1647\">Ber\u00f8ringsstandard smal profil<\/td>\n<\/tr>\n<tr data-start=\"1648\" data-end=\"1682\">\n<td data-start=\"1648\" data-end=\"1659\" data-col-size=\"sm\">Materiale<\/td>\n<td data-col-size=\"md\" data-start=\"1659\" data-end=\"1682\">Zinklegering (metal)<\/td>\n<\/tr>\n<tr data-start=\"1683\" data-end=\"1720\">\n<td data-start=\"1683\" data-end=\"1691\" data-col-size=\"sm\">Beskyttelse<\/td>\n<td data-start=\"1691\" data-end=\"1720\" data-col-size=\"md\">Epoxyforseglet elektronik<\/td>\n<\/tr>\n<tr data-start=\"1721\" data-end=\"1746\">\n<td data-start=\"1721\" data-end=\"1732\" data-col-size=\"sm\">Sp\u00e6nding<\/td>\n<td data-start=\"1732\" data-end=\"1746\" data-col-size=\"md\">12\u201336V DC<\/td>\n<\/tr>\n<tr data-start=\"1747\" data-end=\"1781\">\n<td data-start=\"1747\" data-end=\"1764\" data-col-size=\"sm\">Nuv\u00e6rende kapacitet<\/td>\n<td data-start=\"1764\" data-end=\"1781\" data-col-size=\"md\">3A ved 36VDC<\/td>\n<\/tr>\n<tr data-start=\"1782\" data-end=\"1812\">\n<td data-start=\"1782\" data-end=\"1795\" data-col-size=\"sm\">Rel\u00e6udgang<\/td>\n<td data-start=\"1795\" data-end=\"1812\" data-col-size=\"md\">NEJ \/ NC \/ KOM<\/td>\n<\/tr>\n<tr data-start=\"1813\" data-end=\"1866\">\n<td data-start=\"1813\" data-end=\"1826\" data-col-size=\"sm\">Tegn<\/td>\n<td data-start=\"1826\" data-end=\"1866\" data-col-size=\"md\">LED: R\u00f8d (standby), Gr\u00f8n (aktiveret)<\/td>\n<\/tr>\n<tr data-start=\"1867\" data-end=\"1902\">\n<td data-start=\"1867\" data-end=\"1882\" data-col-size=\"sm\">IP-vurdering<\/td>\n<td data-start=\"1882\" data-end=\"1902\" data-col-size=\"md\">IP65 (st\u00e6nksikker)<\/td>\n<\/tr>\n<tr data-start=\"1903\" data-end=\"1941\">\n<td data-start=\"1903\" data-end=\"1915\" data-col-size=\"sm\">Levetid<\/td>\n<td data-start=\"1915\" data-end=\"1941\" data-col-size=\"md\">&gt; 500.000 aktiveringer<\/td>\n<\/tr>\n<tr data-start=\"1942\" data-end=\"1968\">\n<td data-start=\"1942\" data-end=\"1949\" data-col-size=\"sm\">M\u00e5le<\/td>\n<td data-start=\"1949\" data-end=\"1968\" data-col-size=\"md\">80 \u00d7 32 \u00d7 16 mm<\/td>\n<\/tr>\n<tr data-start=\"1969\" data-end=\"2004\">\n<td data-start=\"1969\" data-end=\"1982\" data-col-size=\"sm\">Temperatur<\/td>\n<td data-col-size=\"md\" data-start=\"1982\" data-end=\"2004\">\u201320\u00b0C til +55\u00b0C<\/td>\n<\/tr>\n<tr data-start=\"2005\" data-end=\"2070\">\n<td data-start=\"2005\" data-end=\"2017\" data-col-size=\"sm\">Montering<\/td>\n<td data-col-size=\"md\" data-start=\"2017\" data-end=\"2070\">V\u00e6g- eller d\u00f8rkarm, nem fastg\u00f8relse med skrue<\/td>\n<\/tr>\n<tr data-start=\"2071\" data-end=\"2096\">\n<td data-start=\"2071\" data-end=\"2084\" data-col-size=\"sm\">Certifikat<\/td>\n<td data-start=\"2084\" data-end=\"2096\" data-col-size=\"md\">CE, RoHS<\/td>\n<\/tr>\n<\/tbody>\n<\/table>\n<\/div>\n<\/div>\n<hr data-start=\"2098\" data-end=\"2101\" \/>\n<h3 data-start=\"2103\" data-end=\"2122\"><strong data-start=\"2110\" data-end=\"2122\">Fordele<\/strong><\/h3>\n<ul data-start=\"2123\" data-end=\"2474\">\n<li data-start=\"2123\" data-end=\"2183\">\n<p data-start=\"2125\" data-end=\"2183\">Metalhus (zinklegering) \u2013 modstandsdygtigt over for slid og milj\u00f8p\u00e5virkninger<\/p>\n<\/li>\n<li data-start=\"2184\" data-end=\"2233\">\n<p data-start=\"2186\" data-end=\"2233\">IP65-klassificeret og epoxyforseglet for fugtbeskyttelse<\/p>\n<\/li>\n<li data-start=\"2234\" data-end=\"2263\">\n<p data-start=\"2236\" data-end=\"2263\">Ingen programmering n\u00f8dvendig<\/p>\n<\/li>\n<li data-start=\"2264\" data-end=\"2308\">\n<p data-start=\"2266\" data-end=\"2308\">LED-lys til visuel feedback (r\u00f8d\/gr\u00f8n)<\/p>\n<\/li>\n<li data-start=\"2309\" data-end=\"2360\">\n<p data-start=\"2311\" data-end=\"2360\">Nem installation \u2013 perfekt til eftermontering<\/p>\n<\/li>\n<li data-start=\"2361\" data-end=\"2421\">\n<p data-start=\"2363\" data-end=\"2421\">Kompakt, slank profil passer selv hvor pladsen er begr\u00e6nset<\/p>\n<\/li>\n<li data-start=\"2422\" data-end=\"2474\">\n<p data-start=\"2424\" data-end=\"2474\">Passer til alle standardregulatorer med NO\/NC-indgang<\/p>\n<\/li>\n<\/ul>\n<hr data-start=\"2476\" data-end=\"2479\" \/>\n<h3 data-start=\"2481\" data-end=\"2510\"><strong data-start=\"2488\" data-end=\"2510\">Anvendelsesomr\u00e5der<\/strong><\/h3>\n<ul data-start=\"2511\" data-end=\"2679\">\n<li data-start=\"2511\" data-end=\"2549\">\n<p data-start=\"2513\" data-end=\"2549\">D\u00f8r\u00e5bning i adgangskontrolsystem<\/p>\n<\/li>\n<li data-start=\"2550\" data-end=\"2589\">\n<p data-start=\"2552\" data-end=\"2589\">Porte, porte og d\u00f8rautomatik<\/p>\n<\/li>\n<li data-start=\"2590\" data-end=\"2619\">\n<p data-start=\"2592\" data-end=\"2619\">Alarm- og sikkerhedssystemer<\/p>\n<\/li>\n<li data-start=\"2620\" data-end=\"2679\">\n<p data-start=\"2622\" data-end=\"2679\">Hospitaler, kontorer, industri, skoler, offentlige bygninger<\/p>\n<\/li>\n<\/ul>","protected":false},"excerpt":{"rendered":"<p>Ber\u00f8ringsf\u00f8lsom metalknap til \u00e5bning med LED-indikation (r\u00f8d\/gr\u00f8n).<br data-start=\"551\" data-end=\"554\" \/>IP65-klassificeret, holdbar konstruktion med 500.000 aktiveringer.<br data-start=\"616\" data-end=\"619\" \/>Passer til d\u00f8re, porte og adgangskontrolsystemer - nem installation, 12-36 V.<\/p>","protected":false},"featured_media":159140,"template":"","meta":{"_acf_changed":false},"product_brand":[],"product_cat":[4867],"product_tag":[3068,2937,2958],"class_list":{"0":"post-56522","1":"product","2":"type-product","3":"status-publish","4":"has-post-thumbnail","6":"product_cat-oppnaknappar-kategorier","7":"product_tag-oppnaknapp-beroringsfria","8":"product_tag-oppnaknappar","9":"product_tag-stonehouse-produkt","10":"product_shipping_class-postnord-varubrev","11":"pa_brands-stonehouse-security","12":"tm-no-options","14":"first","15":"instock","16":"sale","17":"featured","18":"taxable","19":"shipping-taxable","20":"purchasable","21":"product-type-simple"},"acf":[],"_links":{"self":[{"href":"https:\/\/secureus.se\/dk\/wp-json\/wp\/v2\/product\/56522","targetHints":{"allow":["GET"]}}],"collection":[{"href":"https:\/\/secureus.se\/dk\/wp-json\/wp\/v2\/product"}],"about":[{"href":"https:\/\/secureus.se\/dk\/wp-json\/wp\/v2\/types\/product"}],"wp:featuredmedia":[{"embeddable":true,"href":"https:\/\/secureus.se\/dk\/wp-json\/wp\/v2\/media\/159140"}],"wp:attachment":[{"href":"https:\/\/secureus.se\/dk\/wp-json\/wp\/v2\/media?parent=56522"}],"wp:term":[{"taxonomy":"product_brand","embeddable":true,"href":"https:\/\/secureus.se\/dk\/wp-json\/wp\/v2\/product_brand?post=56522"},{"taxonomy":"product_cat","embeddable":true,"href":"https:\/\/secureus.se\/dk\/wp-json\/wp\/v2\/product_cat?post=56522"},{"taxonomy":"product_tag","embeddable":true,"href":"https:\/\/secureus.se\/dk\/wp-json\/wp\/v2\/product_tag?post=56522"}],"curies":[{"name":"wp","href":"https:\/\/api.w.org\/{rel}","templated":true}]}}