{"id":56554,"date":"2022-03-11T07:13:00","date_gmt":"2022-03-11T06:13:00","guid":{"rendered":"https:\/\/secureus.se\/produkt\/sd-6000-utomhussiren-120-db-blixt-grade-2\/"},"modified":"2026-01-03T15:37:58","modified_gmt":"2026-01-03T14:37:58","slug":"sd-6000r-utomhussiren-120-db","status":"publish","type":"product","link":"https:\/\/secureus.se\/dk\/sd-6000r-utomhussiren-120-db\/","title":{"rendered":"SD 6000R Udend\u00f8rs sirene 120 db + Flash \u2013 Grade 2"},"content":{"rendered":"<h1>SATEL SD-6000R udend\u00f8rs sirene med blitzlys og brugerdefinerbare funktioner<\/h1>\n<p>SATEL SD-6000R er en alsidig og h\u00f8jtydende udend\u00f8rs sirene, der kombinerer kraftfuld akustisk signalering med blinkende LED-lys. Med en lydstyrke p\u00e5 op til 120 dB og en optisk signalering er den designet til at sikre, at alarmer aldrig overses.<\/p>\n<p><strong>Funktioner, der skiller sig ud:<\/strong><\/p>\n<ul>\n<li><strong>Fleksible indstillinger:<\/strong> Juster alarmens varighed og lydstyrke for at opfylde dine specifikke behov.<\/li>\n<li><strong>H\u00f8j sikkerhed:<\/strong> Sabotagebeskyttelse til b\u00e5de l\u00e5g og v\u00e6gbeslag beskytter enheden mod u\u00f8nsket manipulation.<\/li>\n<li><strong>P\u00e5lidelig ydeevne:<\/strong> T\u00e5ler ekstreme temperaturer fra -25\u00b0C til +70\u00b0C, hvilket g\u00f8r den perfekt til nordiske forhold.<\/li>\n<li><strong>Batteri backup:<\/strong> Mulighed for at tilf\u00f8je et 12 V \/ 2,3 Ah batteri til kontinuerlig drift i tilf\u00e6lde af str\u00f8msvigt.<\/li>\n<\/ul>\n<p>SD-6000R er lige velegnet til private hjem og kommercielle bygninger og er kompatibel med de fleste sikkerhedssystemer. Med sit robuste polykarbonathus og galvaniserede indre beskyttelse giver den b\u00e5de lang levetid og holdbarhed.<\/p>\n<p><strong>Hvorfor v\u00e6lge SATEL SD-6000R?<\/strong><\/p>\n<ul>\n<li>P\u00e5lidelighed: Lydstyrke og lyssignalering, der ikke kan overses.<\/li>\n<li>Brugervenlighed: Nem installation og justerbare indstillinger.<\/li>\n<li>Fleksibilitet: Kan bruges med forskellige typer af centralenheder og sikkerhedssystemer.<\/li>\n<\/ul>\n<p>Med SD-6000R sikrer du, at din ejendom altid er godt beskyttet, uanset vejr- og milj\u00f8forhold.<\/p>","protected":false},"excerpt":{"rendered":"<p>SATEL SD-6000R er en kraftig udend\u00f8rs sirene med 120 dB lydstyrke og programmerbart blitzlys.<\/p>\n<p>Med sit robuste hus og sabotagebeskyttelse er den ideel til alle sikkerhedssystemer.<\/p>\n<p>Juster nemt lyd, lys og alarmtid, s\u00e5 det passer til dine behov.<\/p>","protected":false},"featured_media":145042,"template":"","meta":{"_acf_changed":false},"product_brand":[],"product_cat":[1562],"product_tag":[2266,2268,2262,2420],"class_list":{"0":"post-56554","1":"product","2":"type-product","3":"status-publish","4":"has-post-thumbnail","6":"product_cat-larmdon-blixtljus","7":"product_tag-larmdon-blixtljus-blixtljus-i-samma-enhet","8":"product_tag-larmdon-siren-inomhus","9":"product_tag-larmdon-siren-utomhus","10":"product_tag-rel-larmdonblixt","11":"product_shipping_class-tunga-paket","12":"pa_brands-satel","13":"tm-no-options","15":"first","16":"onbackorder","17":"sale","18":"featured","19":"taxable","20":"shipping-taxable","21":"purchasable","22":"product-type-simple"},"acf":[],"_links":{"self":[{"href":"https:\/\/secureus.se\/dk\/wp-json\/wp\/v2\/product\/56554","targetHints":{"allow":["GET"]}}],"collection":[{"href":"https:\/\/secureus.se\/dk\/wp-json\/wp\/v2\/product"}],"about":[{"href":"https:\/\/secureus.se\/dk\/wp-json\/wp\/v2\/types\/product"}],"wp:featuredmedia":[{"embeddable":true,"href":"https:\/\/secureus.se\/dk\/wp-json\/wp\/v2\/media\/145042"}],"wp:attachment":[{"href":"https:\/\/secureus.se\/dk\/wp-json\/wp\/v2\/media?parent=56554"}],"wp:term":[{"taxonomy":"product_brand","embeddable":true,"href":"https:\/\/secureus.se\/dk\/wp-json\/wp\/v2\/product_brand?post=56554"},{"taxonomy":"product_cat","embeddable":true,"href":"https:\/\/secureus.se\/dk\/wp-json\/wp\/v2\/product_cat?post=56554"},{"taxonomy":"product_tag","embeddable":true,"href":"https:\/\/secureus.se\/dk\/wp-json\/wp\/v2\/product_tag?post=56554"}],"curies":[{"name":"wp","href":"https:\/\/api.w.org\/{rel}","templated":true}]}}