{"id":56732,"date":"2022-03-10T16:26:00","date_gmt":"2022-03-10T15:26:00","guid":{"rendered":"https:\/\/secureus.se\/produkt\/tagg-kombi-abs-pro-em4200-mifare4k-farg-vit\/"},"modified":"2026-03-27T14:50:16","modified_gmt":"2026-03-27T13:50:16","slug":"kombitagg-em-mifare4k-vit-pro","status":"publish","type":"product","link":"https:\/\/secureus.se\/dk\/kombitagg-em-mifare4k-vit-pro\/","title":{"rendered":"Kombinationsm\u00e6rke EM4200 + Mifare4k\u00ae Hvid \u2013 Pro"},"content":{"rendered":"<h1>Kombinationsm\u00e6rke ABS Pro EM4200\/Mifare4k<\/h1>\n<h3><strong>Alarmpaskontrol - Booking - Bes\u00f8g<\/strong><\/h3>\n<div>\n<p><strong>V\u00e6lg dine egne systemnumre til b\u00e5de EM4200 (4305, 4102 og 4200) og Mifare4k<\/strong><\/p>\n<\/div>\n<p>Dette tag virker i alle systemer, der bruger EM og Mifare teknologi, inklusive RCO, Bewator\/Vanderbilt, Aptus, ASSA ARX og andre typer systemer,<\/p>\n<p>fx bes\u00f8gssystem eller login p\u00e5 computere\/printere.<\/p>\n<p>Vores &quot;ABS Pro&quot; er skabt til at opfylde de mest kr\u00e6vende behov inden for sikkerhed og identifikation.<\/p>\n<p>Med sin robuste konstruktion i ABS-materiale og tynde profil p\u00e5 kun 2,9 mm giver den en perfekt balance mellem holdbarhed og elegance.<\/p>\n<p>Dens slanke finish g\u00f8r den ideel til gravering med standardnumre eller inklusive dit logo, enten gennem graveret eller farvet finish.<\/p>\n<p>Uanset om du har brug for et p\u00e5lideligt produkt til adgangssystemer, bes\u00f8gssystemer, booking, alarmer, bilopladere, lagerstyring eller andre applikationer,<\/p>\n<p>s\u00e5 er vores &quot;ABS Pro&quot; det perfekte valg.<\/p>\n<p>Den f\u00e5s i mange varianter og vi kan ogs\u00e5 fremstille den med dit eget valg af chip.<\/p>\n<p>Standard i dag for adgangsm\u00e6rker er: EM4200, Mifare1k, kombinationen af Mifare1k og EM4200, Mifare4k, kombinationen af Mifare4k og EM4200, samt DESFire,<\/p>\n<p>du kan skr\u00e6ddersy din l\u00f8sning til dine specifikke behov.<\/p>\n<p>Vi forst\u00e5r vigtigheden af at levere RFID-tags af h\u00f8j kvalitet, der opfylder nutidens krav og forventninger.<\/p>\n<p>Det er derfor, vi str\u00e6ber efter at tilbyde den bedste teknologi og kompatibilitet for at forbedre sikkerheden og effektiviteten af dine systemer.<\/p>\n<h3><strong>Tilpasset til unikke projekter - Kombi tag<\/strong><\/h3>\n<p>Fordelene ved vores RFID-tags inkluderer kompatibilitet med forskellige systemer\/teknologier samt muligheden for at skr\u00e6ddersy taggene til at passe til unikke projekter.<\/p>\n<p>Vi kan programmere og integrere forskellige chips for at opfylde specifikke applikationskrav og skabe skr\u00e6ddersyede l\u00f8sninger.<\/p>\n<p>Kontakt os i dag for at diskutere dine projektideer og f\u00e5 en skr\u00e6ddersyet RFID-tag-l\u00f8sning til dine behov.<\/p>\n<h5><strong>Hurtig levering og altid p\u00e5 lager - ABS Pro Kombitag\u00a0<\/strong><\/h5>\n<p>&quot;ABS Pro&quot; RFID n\u00f8glebrik er altid p\u00e5 lager med over 80.000 enheder i 6 farver (r\u00f8d, bl\u00e5, hvid, sort, gr\u00f8n, gul) og med forskellige chips.<\/p>\n<p>Ved hj\u00e6lp af vores lasermaskiner og software kan du v\u00e6lge logo &amp; unikt nummer til gravering med levering indenfor 1-3 dage.<\/p>\n<h3>Som altid! Kombinationsm\u00e6rke med Original chip fra<a href=\"https:\/\/www.nxp.com\/\" rel=\"noopener\"> NXP<\/a> og <a href=\"https:\/\/www.emmicroelectronic.com\/\" rel=\"noopener\">EM mikroelektronik.<\/a><\/h3>\n<p><strong>Velegnet til alt og alle!<\/strong><\/p>\n<ul>\n<li>Pass system<\/li>\n<li>Bes\u00f8gssystem<\/li>\n<li>Reservation<\/li>\n<li>Alarm og sikkerhedssystem<\/li>\n<\/ul>\n<p><strong>Fordele ved &quot;ABS Pro&quot;<\/strong><\/p>\n<ul>\n<li style=\"list-style-type: none\">\n<ul>\n<li>Robust konstruktion i ABS-materiale<\/li>\n<li>Tynd profil p\u00e5 kun 2,9 mm<\/li>\n<li>Mulighed for at gravere standardnummer eller inkludere logo<\/li>\n<li>Stort udvalg af chipvarianter, der passer til forskellige behov og altid p\u00e5 lager.<\/li>\n<\/ul>\n<\/li>\n<\/ul>","protected":false},"excerpt":{"rendered":"<p>Vores mest popul\u00e6re RFID-tag &quot;ABS Pro&quot; - den perfekte l\u00f8sning til sikkerheds- og identifikationssystemer. Her med dobbelt chip i kombinationsm\u00e6rke: EM4200+Mifare1k chip. Du kan v\u00e6lge indgraverede numre til dine systemer eller serienumre. Tagget er kun 2,9 mm tykt, lavet af h\u00e5rdt ABS-materiale med en elegant overflade, der passer overalt. Dette produkt har certificeret chip fra NXP\u00ae, en global teknologivirksomhed med hovedkontor i Holland. NXP\u00ae er specialiseret i RFID og NFC og tilbyder en r\u00e6kke produkter inden for sikkerhed, tilslutningsmuligheder og indlejrede l\u00f8sninger<\/p>","protected":false},"featured_media":163678,"template":"","meta":{"_acf_changed":false},"product_brand":[],"product_cat":[1340,4787],"product_tag":[2074,2435,2432,4146,2095,2958],"class_list":{"0":"post-56732","1":"product","2":"type-product","3":"status-publish","4":"has-post-thumbnail","6":"product_cat-rfid-tagg-abs-pro","7":"product_cat-mifare4kem4200-tagg","8":"product_tag-ej-lagerfraga","9":"product_tag-kombi-emmif-standard-blank-alpha","10":"product_tag-kombi-emmif-standard-blank-dtc","11":"product_tag-nxp","12":"product_tag-rfid-500","13":"product_tag-stonehouse-produkt","14":"product_shipping_class-postnord-varubrev","15":"pa_brands-stonehouse-security","16":"pa_chip-teknik-kombi-em4200mifare4k","17":"pa_farg-vit","18":"pa_pro-larmsystem-aptus","19":"pa_pro-larmsystem-assa-abs-pro-system","20":"pa_pro-larmsystem-axema","21":"pa_pro-larmsystem-axema-vaka","22":"pa_pro-larmsystem-blank-inga-nummer","23":"pa_pro-larmsystem-cdvi","24":"pa_pro-larmsystem-decimala-nummer","25":"pa_pro-larmsystem-enstaka-siffror-valfria","26":"pa_pro-larmsystem-hexadecimal-nummer","27":"pa_pro-larmsystem-lopnummer-valfria","28":"pa_pro-larmsystem-paxton","29":"pa_pro-larmsystem-rco-abs-pro-system","30":"pa_pro-larmsystem-tidomat","31":"pa_pro-larmsystem-vanderbilt-bewator-entro-8-siffror","32":"pa_pro-larmsystem-vanderbilt-bewator-omnis-bewator-2010-13-siffror","33":"tm-has-options","35":"first","36":"instock","37":"sale","38":"featured","39":"taxable","40":"shipping-taxable","41":"purchasable","42":"product-type-simple"},"acf":[],"_links":{"self":[{"href":"https:\/\/secureus.se\/dk\/wp-json\/wp\/v2\/product\/56732","targetHints":{"allow":["GET"]}}],"collection":[{"href":"https:\/\/secureus.se\/dk\/wp-json\/wp\/v2\/product"}],"about":[{"href":"https:\/\/secureus.se\/dk\/wp-json\/wp\/v2\/types\/product"}],"wp:featuredmedia":[{"embeddable":true,"href":"https:\/\/secureus.se\/dk\/wp-json\/wp\/v2\/media\/163678"}],"wp:attachment":[{"href":"https:\/\/secureus.se\/dk\/wp-json\/wp\/v2\/media?parent=56732"}],"wp:term":[{"taxonomy":"product_brand","embeddable":true,"href":"https:\/\/secureus.se\/dk\/wp-json\/wp\/v2\/product_brand?post=56732"},{"taxonomy":"product_cat","embeddable":true,"href":"https:\/\/secureus.se\/dk\/wp-json\/wp\/v2\/product_cat?post=56732"},{"taxonomy":"product_tag","embeddable":true,"href":"https:\/\/secureus.se\/dk\/wp-json\/wp\/v2\/product_tag?post=56732"}],"curies":[{"name":"wp","href":"https:\/\/api.w.org\/{rel}","templated":true}]}}