{"id":56859,"date":"2022-03-10T16:24:00","date_gmt":"2022-03-10T15:24:00","guid":{"rendered":"https:\/\/secureus.se\/produkt\/tradlos-exit-oppnaknapp-med-radio-och-batteridrift\/"},"modified":"2025-12-31T19:54:05","modified_gmt":"2025-12-31T18:54:05","slug":"tradlos-exit-oppnaknapp-med-radio-och-batteridrift","status":"publish","type":"product","link":"https:\/\/secureus.se\/dk\/tradlos-exit-oppnaknapp-med-radio-och-batteridrift\/","title":{"rendered":"Tr\u00e5dl\u00f8s Afslut\/\u00c5bn knap med radio og batteridrift"},"content":{"rendered":"<dl class=\"do-entry-item\">\n<dt class=\"do-entry-item\"><span class=\"attr-name J-attr-name\" data-spm-anchor-id=\"a2700.wholesale.0.i18.d42548430vwDfQ\" title=\"Beskyttelsesniveau\">Beskyttelsesniveau:<\/span> St\u00f8vt\u00e6t<\/dt>\n<\/dl>\n<dl class=\"do-entry-item\">\n<dt class=\"do-entry-item\"><span class=\"attr-name J-attr-name\" title=\"Maks. Nuv\u00e6rende\">Maks. Nuv\u00e6rende:<\/span> \u226450m\u03a9<\/dt>\n<\/dl>\n<dl class=\"do-entry-item\">\n<dt class=\"do-entry-item\"><span class=\"attr-name J-attr-name\" title=\"Maks. Sp\u00e6nding\">Maks. Sp\u00e6nding:<\/span> \u2265100M\u03a9<\/dt>\n<\/dl>\n<dl class=\"do-entry-item\">\n<dt class=\"do-entry-item\"><span class=\"attr-name J-attr-name\" title=\"Operationstype\">Operationstype:<\/span> Momentan<\/dt>\n<\/dl>\n<dl class=\"do-entry-item\">\n<dt class=\"do-entry-item\"><span class=\"attr-name J-attr-name\" title=\"Materiale\">Materiale:<\/span> ABS<\/dt>\n<\/dl>\n<dl class=\"do-entry-item\">\n<dt class=\"do-entry-item\"><span class=\"attr-name J-attr-name\" title=\"Fungere\">Funktioner:<\/span> L\u00e5ser op<\/dt>\n<\/dl>\n<dl class=\"do-entry-item\">\n<dt class=\"do-entry-item\"><span class=\"attr-name J-attr-name\" title=\"Ans\u00f8gning\">Ans\u00f8gninger:<\/span> automatisk d\u00f8rf\u00f8lerd\u00f8r<\/dt>\n<\/dl>\n<dl class=\"do-entry-item\">\n<dt class=\"do-entry-item\"><span class=\"attr-name J-attr-name\" title=\"Knap farve\">Knap farve:<\/span> Sort<\/dt>\n<\/dl>\n<dl class=\"do-entry-item\">\n<dt class=\"do-entry-item\"><span class=\"attr-name J-attr-name\" title=\"St\u00f8rrelse\">St\u00f8rrelse:<\/span> 130*33 mm<\/dt>\n<\/dl>\n<dl class=\"do-entry-item\">\n<dt class=\"do-entry-item\"><span class=\"attr-name J-attr-name\" title=\"Sp\u00e6nding\">Sp\u00e6nding:<\/span> AC\/DC 12-36V<\/dt>\n<\/dl>\n<dl class=\"do-entry-item\">\n<dt class=\"do-entry-item\"><span class=\"attr-name J-attr-name\" title=\"Kontakt modstand\">Kontaktmodstand:<\/span> 0,05m<\/dt>\n<\/dl>\n<dl class=\"do-entry-item\">\n<dt class=\"do-entry-item\"><span class=\"attr-name J-attr-name\" title=\"Feature\">Funktioner:<\/span> Langt liv<\/dt>\n<\/dl>","protected":false},"excerpt":{"rendered":"<p>Tr\u00e5dl\u00f8s \u00e5bningsknap Tr\u00e5dl\u00f8s trykknap til forskellige form\u00e5l - Ingen kabeltr\u00e6k!<\/p>","protected":false},"featured_media":144790,"template":"","meta":{"_acf_changed":false},"product_brand":[],"product_cat":[4867],"product_tag":[3068,2937,2958],"class_list":{"0":"post-56859","1":"product","2":"type-product","3":"status-publish","4":"has-post-thumbnail","6":"product_cat-oppnaknappar-kategorier","7":"product_tag-oppnaknapp-beroringsfria","8":"product_tag-oppnaknappar","9":"product_tag-stonehouse-produkt","10":"product_shipping_class-postnord-varubrev","11":"pa_brands-stonehouse-security","12":"pa_farg-svart","13":"pa_sakerhetssystem-larmtillbehor-elektronik","14":"tm-no-options","16":"first","17":"instock","18":"sale","19":"featured","20":"taxable","21":"shipping-taxable","22":"purchasable","23":"product-type-simple"},"acf":[],"_links":{"self":[{"href":"https:\/\/secureus.se\/dk\/wp-json\/wp\/v2\/product\/56859","targetHints":{"allow":["GET"]}}],"collection":[{"href":"https:\/\/secureus.se\/dk\/wp-json\/wp\/v2\/product"}],"about":[{"href":"https:\/\/secureus.se\/dk\/wp-json\/wp\/v2\/types\/product"}],"wp:featuredmedia":[{"embeddable":true,"href":"https:\/\/secureus.se\/dk\/wp-json\/wp\/v2\/media\/144790"}],"wp:attachment":[{"href":"https:\/\/secureus.se\/dk\/wp-json\/wp\/v2\/media?parent=56859"}],"wp:term":[{"taxonomy":"product_brand","embeddable":true,"href":"https:\/\/secureus.se\/dk\/wp-json\/wp\/v2\/product_brand?post=56859"},{"taxonomy":"product_cat","embeddable":true,"href":"https:\/\/secureus.se\/dk\/wp-json\/wp\/v2\/product_cat?post=56859"},{"taxonomy":"product_tag","embeddable":true,"href":"https:\/\/secureus.se\/dk\/wp-json\/wp\/v2\/product_tag?post=56859"}],"curies":[{"name":"wp","href":"https:\/\/api.w.org\/{rel}","templated":true}]}}