{"id":56865,"date":"2022-03-10T16:24:00","date_gmt":"2022-03-10T15:24:00","guid":{"rendered":"https:\/\/secureus.se\/produkt\/easybadge-professional-id-card-design-software-unlimited\/"},"modified":"2025-12-31T19:59:29","modified_gmt":"2025-12-31T18:59:29","slug":"easybadge-professional-id-card-design-software-unlimited","status":"publish","type":"product","link":"https:\/\/secureus.se\/dk\/easybadge-professional-id-card-design-software-unlimited\/","title":{"rendered":"EasyBadge Professional ID-kortdesignsoftware (ubegr\u00e6nset)"},"content":{"rendered":"<div id=\"Product-Description\">\n<p>EasyBadge er den mest avancerede software til udskrivning af plastikkort p\u00e5 planeten og er den stressfri l\u00f8sning, du har brug for. EasyBadge Pro giver dig mulighed for at oprette ubegr\u00e6nsede registreringer og er s\u00e5 enkel og intuitiv, at alle kan bruge den.<\/p>\n<p>En af hovedfunktionerne i EasyBadge er installationsguiden, der giver dig mulighed for at begynde at udskrive plastikkort inden for 60 sekunder efter installation af softwaren. Softwaren bruger derefter dit eksisterende logo eller brugerdefinerede kunstv\u00e6rk til at skabe et professionelt kortdesign.<\/p>\n<p>Softwaren leveres ogs\u00e5 komplet med sin egen app, der giver dig mulighed for at s\u00f8ge, tilf\u00f8je eller redigere poster, tage et billede fra din mobiltelefon eller tablet hvor som helst i verden, hvilket betyder, at du ikke beh\u00f8ver at ops\u00e6tte dit kamera, og lange k\u00f8er er \u00e9n. ting forbi.<\/p>\n<p>EasyBadge kommer ikke med en papirmanual, s\u00e5 hvis du st\u00f8der p\u00e5 et problem, skal du blot indtaste dit sp\u00f8rgsm\u00e5l i softwaren, og EasyBadge vil besvare dette for dig og fuldf\u00f8re opgaven, hvis du \u00f8nsker det.<\/p>\n<p>EasyBadge Pro er den perfekte ID-kortsysteml\u00f8sning til st\u00f8rre virksomheder og landsd\u00e6kkende klubber eller organisationer, der nemt \u00f8nsker at udstede et nyt medlemskort til medlemmer.<\/p>\n<p>Bem\u00e6rk venligst, at EasyBadge Pro er kompatibel med alle st\u00f8rre plastikkortprintere, men kan ikke kode kontaktl\u00f8se og NFC-kort. Hvis du har brug for kontaktl\u00f8s kortkodning, er EasyBadge Enterprise-udgaven mere egnet til dine behov.<\/p>\n<p>* BEM\u00c6RK VENLIGST, AT IKKE ALLE VERSIONER AF EASYBADGE-SOFTWARE ER MAC-KOMPATIBLE. *<\/p>\n<p>Produktv\u00e6gt: 0,02 kg<\/p>\n<\/div>","protected":false},"excerpt":{"rendered":"<p>Att vara den mest avancerade mjukvaran f&ouml;r plastkortutskrift p&aring; planeten EasyBadge &auml;r den stressfria l&ouml;sningen du beh&ouml;ver. EasyBadge Pro l&aring;ter dig skapa obegr&auml;nsade poster och &auml;r s&aring; enkelt och intuitivt<\/p>","protected":false},"featured_media":144675,"template":"","meta":{"_acf_changed":false},"product_brand":[],"product_cat":[1653],"product_tag":[],"class_list":{"0":"post-56865","1":"product","2":"type-product","3":"status-publish","4":"has-post-thumbnail","6":"product_cat-gor-dina-egna-foretagskort","7":"product_shipping_class-postnord-varubrev","8":"pa_brands-easybadge","9":"pa_sakerhetssystem-kortprinter-fargband","10":"tm-has-options","12":"first","13":"instock","14":"sale","15":"featured","16":"taxable","17":"shipping-taxable","18":"purchasable","19":"product-type-simple"},"acf":[],"_links":{"self":[{"href":"https:\/\/secureus.se\/dk\/wp-json\/wp\/v2\/product\/56865","targetHints":{"allow":["GET"]}}],"collection":[{"href":"https:\/\/secureus.se\/dk\/wp-json\/wp\/v2\/product"}],"about":[{"href":"https:\/\/secureus.se\/dk\/wp-json\/wp\/v2\/types\/product"}],"wp:featuredmedia":[{"embeddable":true,"href":"https:\/\/secureus.se\/dk\/wp-json\/wp\/v2\/media\/144675"}],"wp:attachment":[{"href":"https:\/\/secureus.se\/dk\/wp-json\/wp\/v2\/media?parent=56865"}],"wp:term":[{"taxonomy":"product_brand","embeddable":true,"href":"https:\/\/secureus.se\/dk\/wp-json\/wp\/v2\/product_brand?post=56865"},{"taxonomy":"product_cat","embeddable":true,"href":"https:\/\/secureus.se\/dk\/wp-json\/wp\/v2\/product_cat?post=56865"},{"taxonomy":"product_tag","embeddable":true,"href":"https:\/\/secureus.se\/dk\/wp-json\/wp\/v2\/product_tag?post=56865"}],"curies":[{"name":"wp","href":"https:\/\/api.w.org\/{rel}","templated":true}]}}