{"id":56867,"date":"2022-03-10T16:24:00","date_gmt":"2022-03-10T15:24:00","guid":{"rendered":"https:\/\/secureus.se\/produkt\/easybadge-lite-id-card-design-software-100-records\/"},"modified":"2025-12-31T19:50:28","modified_gmt":"2025-12-31T18:50:28","slug":"easybadge-lite-id-card-design-software-100-records","status":"publish","type":"product","link":"https:\/\/secureus.se\/dk\/easybadge-lite-id-card-design-software-100-records\/","title":{"rendered":"EasyBadge Lite-licens - ID-kortdesignsoftware"},"content":{"rendered":"<div id=\"Product-Description\">\n<div id=\"Product-Description\">\n<p>Designet specifikt til slutbrugeren, EasyBadge Lite er den mest avancerede software til udskrivning af plastikkort p\u00e5 planeten.<\/p>\n<p>Med EasyBadge Lite er der ingen lange ops\u00e6tningstider, da ops\u00e6tningsguiden giver dig mulighed for at printe plastikkort inden for 60 sekunder efter installation af softwaren med dit eksisterende logo eller kunstv\u00e6rk for at skabe et unikt og fantastisk kortdesign.<\/p>\n<p>Billedoptagelse har altid v\u00e6ret en hovedpine, n\u00e5r du producerer identitetskort, men med EasyBadge-appen kan du hurtigt tilf\u00f8je eller redigere registreringer, tage et nyt billede eller s\u00f8ge i din database ved hj\u00e6lp af din mobil eller tablet hvor som helst i verden.<\/p>\n<p>Med EasyBadge Lite kan du oprette 100 individuelle poster, hvilket g\u00f8r dette til en perfekt ID-kortl\u00f8sning for sm\u00e5 og mellemstore medarbejdere og mindre klubber eller organisationer med mindre end 100 medlemmer.<\/p>\n<p>En anden fordel ved EasyBadge er det interaktive hj\u00e6lpesystem, der giver dig mulighed for at stille sp\u00f8rgsm\u00e5l direkte i softwaren. Ikke alene vil systemet give dig svaret, EasyBadge vil fuldf\u00f8re opgaven for dig, hvis du \u00f8nsker det.<\/p>\n<p>For at se, hvordan EasyBadge kan reducere den tid, du bruger p\u00e5 at producere plastikkort, \u00f8ge sikkerheden i dit identitetsprogram og forbedre din virksomhedsprofil, kan du se vores nyttige video eller ringe direkte til teamet i dag for at arrangere en gratis demonstration. Bem\u00e6rk venligst, at EasyBadge Lite er kompatibel med alle st\u00f8rre m\u00e6rker af plastikkortprintere.<\/p>\n<p>* BEM\u00c6RK VENLIGST, AT IKKE ALLE VERSIONER AF EASYBADGE-SOFTWARE ER MAC-KOMPATIBLE. *<\/p>\n<\/div>\n<\/div>","protected":false},"excerpt":{"rendered":"<p>Designet specielt til slutbrugeren, EasyBadge Lite er den mest avancerede software til udskrivning af plastikkort p\u00e5 planeten. Med EasyBadge Lite er der ingen lange installationstider, fordi installationsguiden g\u00f8r dig<\/p>","protected":false},"featured_media":144947,"template":"","meta":{"_acf_changed":false},"product_brand":[],"product_cat":[1653,3211],"product_tag":[],"class_list":{"0":"post-56867","1":"product","2":"type-product","3":"status-publish","4":"has-post-thumbnail","6":"product_cat-gor-dina-egna-foretagskort","7":"product_cat-software-programvara","8":"product_shipping_class-postnord-varubrev","9":"pa_brands-easybadge","10":"pa_sakerhetssystem-kortprinter-fargband","11":"tm-has-options","13":"first","14":"instock","15":"sale","16":"featured","17":"taxable","18":"shipping-taxable","19":"purchasable","20":"product-type-simple"},"acf":[],"_links":{"self":[{"href":"https:\/\/secureus.se\/dk\/wp-json\/wp\/v2\/product\/56867","targetHints":{"allow":["GET"]}}],"collection":[{"href":"https:\/\/secureus.se\/dk\/wp-json\/wp\/v2\/product"}],"about":[{"href":"https:\/\/secureus.se\/dk\/wp-json\/wp\/v2\/types\/product"}],"wp:featuredmedia":[{"embeddable":true,"href":"https:\/\/secureus.se\/dk\/wp-json\/wp\/v2\/media\/144947"}],"wp:attachment":[{"href":"https:\/\/secureus.se\/dk\/wp-json\/wp\/v2\/media?parent=56867"}],"wp:term":[{"taxonomy":"product_brand","embeddable":true,"href":"https:\/\/secureus.se\/dk\/wp-json\/wp\/v2\/product_brand?post=56867"},{"taxonomy":"product_cat","embeddable":true,"href":"https:\/\/secureus.se\/dk\/wp-json\/wp\/v2\/product_cat?post=56867"},{"taxonomy":"product_tag","embeddable":true,"href":"https:\/\/secureus.se\/dk\/wp-json\/wp\/v2\/product_tag?post=56867"}],"curies":[{"name":"wp","href":"https:\/\/api.w.org\/{rel}","templated":true}]}}