{"id":56871,"date":"2022-03-10T16:24:00","date_gmt":"2022-03-10T15:24:00","guid":{"rendered":"https:\/\/secureus.se\/produkt\/easybadge-smart-id-card-design-software\/"},"modified":"2025-12-31T19:59:42","modified_gmt":"2025-12-31T18:59:42","slug":"easybadge-smart-id-card-design-software","status":"publish","type":"product","link":"https:\/\/secureus.se\/dk\/easybadge-smart-id-card-design-software\/","title":{"rendered":"EasyBadge Smart ID Card Design Software"},"content":{"rendered":"<div id=\"Product-Description\">\n<div>\n<div id=\"Product-Description\">\n<div id=\"Product-Description\">\n<div id=\"Product-Description\">\n<div>\n<div id=\"Product-Description\">\n<div id=\"Product-Description\">\n<div id=\"Product-Description\">\n<p>EasyBadge Smart-software kan kode NFC og kontaktl\u00f8se smart-kort til din organisation og er en avanceret software til udskrivning af plastikkort.<\/p>\n<p>Med dets intuitive system kan du komme i gang p\u00e5 kun 60 sekunder.<\/p>\n<p>Ops\u00e6tningsguiden leder dig gennem processen trin for trin ved hj\u00e6lp af dit logo eller brugerdefinerede kunstv\u00e6rk til at skabe et fantastisk tilpasset kortdesign.<\/p>\n<p>Udover Smart-softwaren kommer EasyBadge ogs\u00e5 komplet med sin egen app, der giver dig mulighed for at tilf\u00f8je eller redigere poster, tage billeder fra din mobiltelefon eller tablet, uploade nye eller redigerede poster fra hvor som helst i verden.<\/p>\n<p>EasyBadge blev udviklet for at spare dig tid, og det interaktive hj\u00e6lpesystem giver dig mulighed for at stille et sp\u00f8rgsm\u00e5l i softwaren, og ikke kun vil EasyBadge give dig svaret, det vil fuldf\u00f8re opgaven for dig, hvilket eliminerer behovet for at bruge tid p\u00e5 at l\u00e6se en papirmanual for hj\u00e6lp.<\/p>\n<p>Med ubegr\u00e6nsede adgangsmuligheder og muligheden for at kode NFC og kontaktl\u00f8se kort er EasyBadge Smart en perfekt l\u00f8sning til universitets-\/h\u00f8jskolestudiekort, store virksomhedspersonale-id&#039;er og systemer til udstedelse af rejsekort.<\/p>\n<p>For at se, hvordan EasyBadge er den rigtige l\u00f8sning for dig, kan du se videoen eller ringe direkte til teamet for at booke din gratis demonstration.<\/p>\n<p>EasyBadge Smart er kompatibel med alle st\u00f8rre plastikkortprintere.<\/p>\n<p>* BEM\u00c6RK VENLIGST, AT IKKE ALLE VERSIONER AF EASYBADGE-SOFTWARE ER MAC-KOMPATIBLE. *<\/p>\n<p>Produktv\u00e6gt: 0,02 kg<\/p>\n<\/div>\n<\/div>\n<\/div>\n<\/div>\n<\/div>\n<\/div>\n<\/div>\n<\/div>\n<\/div>","protected":false},"excerpt":{"rendered":"<p>EasyBadge Smart-programvara kan koda NFC och kontaktl&ouml;sa smartkort f&ouml;r din organisation och &auml;r en avancerad&nbsp;programvaran f&ouml;r plastkortutskrift. Med sitt intuitiva system kan du komma ig&aring;ng p&aring; bara 60 sekunder. Installationsguiden<\/p>","protected":false},"featured_media":144951,"template":"","meta":{"_acf_changed":false},"product_brand":[],"product_cat":[1653],"product_tag":[],"class_list":{"0":"post-56871","1":"product","2":"type-product","3":"status-publish","4":"has-post-thumbnail","6":"product_cat-gor-dina-egna-foretagskort","7":"product_shipping_class-postnord-varubrev","8":"pa_brands-easybadge","9":"pa_sakerhetssystem-kortprinter-fargband","10":"tm-has-options","12":"first","13":"instock","14":"sale","15":"featured","16":"taxable","17":"shipping-taxable","18":"purchasable","19":"product-type-simple"},"acf":[],"_links":{"self":[{"href":"https:\/\/secureus.se\/dk\/wp-json\/wp\/v2\/product\/56871","targetHints":{"allow":["GET"]}}],"collection":[{"href":"https:\/\/secureus.se\/dk\/wp-json\/wp\/v2\/product"}],"about":[{"href":"https:\/\/secureus.se\/dk\/wp-json\/wp\/v2\/types\/product"}],"wp:featuredmedia":[{"embeddable":true,"href":"https:\/\/secureus.se\/dk\/wp-json\/wp\/v2\/media\/144951"}],"wp:attachment":[{"href":"https:\/\/secureus.se\/dk\/wp-json\/wp\/v2\/media?parent=56871"}],"wp:term":[{"taxonomy":"product_brand","embeddable":true,"href":"https:\/\/secureus.se\/dk\/wp-json\/wp\/v2\/product_brand?post=56871"},{"taxonomy":"product_cat","embeddable":true,"href":"https:\/\/secureus.se\/dk\/wp-json\/wp\/v2\/product_cat?post=56871"},{"taxonomy":"product_tag","embeddable":true,"href":"https:\/\/secureus.se\/dk\/wp-json\/wp\/v2\/product_tag?post=56871"}],"curies":[{"name":"wp","href":"https:\/\/api.w.org\/{rel}","templated":true}]}}