{"id":56873,"date":"2022-03-10T16:23:00","date_gmt":"2022-03-10T15:23:00","guid":{"rendered":"https:\/\/secureus.se\/produkt\/t-2-fjarrkontroll\/"},"modified":"2026-03-26T08:48:36","modified_gmt":"2026-03-26T07:48:36","slug":"t-2-fjarrkontroll","status":"publish","type":"product","link":"https:\/\/secureus.se\/dk\/t-2-fjarrkontroll\/","title":{"rendered":"T-2 Fjernbetjening Radio tilpasset radiomodtager RK-4, RK-2K, RK-1k"},"content":{"rendered":"<h1>T-2 fjernbetjening \u2013 To-kanals og sikker kommunikation til SATEL-radiomodtagere<\/h1>\n<p>T-2 er en avanceret to-kanals fjernbetjening, der giver sikker og p\u00e5lidelig kontrol til SATELs radiomodtagere RK-4, RK-2K og RK-1K.<\/p>\n<p>Den bruger KEELOQ\u00ae krypteringsteknologi, som sikrer, at signalet ikke kan kopieres eller udnyttes af uautoriserede personer.<\/p>\n<p><strong>Hovedtr\u00e6k:<\/strong><\/p>\n<ul>\n<li><strong>Sikker kommunikation:<\/strong> Udstyret med KEELOQ\u00ae dynamisk kodehop, der beskytter mod signalopfangning.<\/li>\n<li><strong>Omfang:<\/strong> Op til 350 meter i fri luft og 500 meter med ekstern SMA-antenne.<\/li>\n<li><strong>To-kanals kontrol:<\/strong> To farvekodede knapper (r\u00f8d og gr\u00f8n) for nem og sikker h\u00e5ndtering.<\/li>\n<li><strong>Robust konstruktion:<\/strong> Designet til at modst\u00e5 p\u00e5virkningen af milj\u00f8m\u00e6ssige forhold.<\/li>\n<li><strong>Energieffektiv:<\/strong> Drives af et 12 V batteri.<\/li>\n<\/ul>\n<p>T-2 fjernbetjeningen kombinerer avanceret teknologi og brugervenlighed, hvilket g\u00f8r den til et ideelt valg til sikkerhedsapplikationer, herunder automatiske porte, alarmsystemer og andre fjernstyrede enheder.<\/p>","protected":false},"excerpt":{"rendered":"<p>T-2 er en to-kanals fjernbetjening til SATELs radiomodtager.<\/p>\n<p>Udstyret med KEELOQ\u00ae-kryptering og robust design for sikker og p\u00e5lidelig drift med en r\u00e6kkevidde p\u00e5 op til 500 meter.<\/p>","protected":false},"featured_media":145098,"template":"","meta":{"_acf_changed":false},"product_brand":[],"product_cat":[1616],"product_tag":[2275,2424],"class_list":{"0":"post-56873","1":"product","2":"type-product","3":"status-publish","4":"has-post-thumbnail","6":"product_cat-radiosandare-mottagare","7":"product_tag-radio-mottagare-satel","8":"product_tag-rel-pulsarradio","9":"product_shipping_class-postnord-varubrev","10":"pa_brands-satel","11":"pa_sakerhetssystem-smart-home","12":"tm-has-options","14":"first","15":"instock","16":"sale","17":"featured","18":"taxable","19":"shipping-taxable","20":"purchasable","21":"product-type-simple"},"acf":[],"_links":{"self":[{"href":"https:\/\/secureus.se\/dk\/wp-json\/wp\/v2\/product\/56873","targetHints":{"allow":["GET"]}}],"collection":[{"href":"https:\/\/secureus.se\/dk\/wp-json\/wp\/v2\/product"}],"about":[{"href":"https:\/\/secureus.se\/dk\/wp-json\/wp\/v2\/types\/product"}],"wp:featuredmedia":[{"embeddable":true,"href":"https:\/\/secureus.se\/dk\/wp-json\/wp\/v2\/media\/145098"}],"wp:attachment":[{"href":"https:\/\/secureus.se\/dk\/wp-json\/wp\/v2\/media?parent=56873"}],"wp:term":[{"taxonomy":"product_brand","embeddable":true,"href":"https:\/\/secureus.se\/dk\/wp-json\/wp\/v2\/product_brand?post=56873"},{"taxonomy":"product_cat","embeddable":true,"href":"https:\/\/secureus.se\/dk\/wp-json\/wp\/v2\/product_cat?post=56873"},{"taxonomy":"product_tag","embeddable":true,"href":"https:\/\/secureus.se\/dk\/wp-json\/wp\/v2\/product_tag?post=56873"}],"curies":[{"name":"wp","href":"https:\/\/api.w.org\/{rel}","templated":true}]}}