{"id":56874,"date":"2022-03-10T16:23:00","date_gmt":"2022-03-10T15:23:00","guid":{"rendered":"https:\/\/secureus.se\/produkt\/t-4-fjarrkontroll\/"},"modified":"2026-04-17T14:44:40","modified_gmt":"2026-04-17T12:44:40","slug":"t-4-fjarrkontroll","status":"publish","type":"product","link":"https:\/\/secureus.se\/dk\/t-4-fjarrkontroll\/","title":{"rendered":"T-4 Fjernbetjening Radio tilpasset radiomodtager RK-4, RK-2K, RK-1k"},"content":{"rendered":"<h1>T-4 fjernbetjening \u2013 Fire-kanals og sikker kommunikation med SATEL radiomodtager<\/h1>\n<p>T-4 er en avanceret fire-kanals fjernbetjening designet til at fungere med SATEL radiomodtagere RK-4, RK-2K og RK-1K. Ved at bruge KEELOQ\u00ae-krypteringsteknologi og SAW-resonator tilbyder T-4 p\u00e5lidelig og sikker datatransmission, der beskytter mod uautoriseret adgang og interferens.<\/p>\n<p><strong>Hovedtr\u00e6k:<\/strong><\/p>\n<ul>\n<li><strong>Kryptering:<\/strong> KEELOQ\u00ae dynamisk kodespring for h\u00f8j sikkerhed.<\/li>\n<li><strong>Omfang:<\/strong> Op til 350 meter i fri luft og 500 meter med ekstern SMA-antenne.<\/li>\n<li><strong>Fire-kanal kontrol:<\/strong> Fire separate kanaler med farvekodede knapper for brugervenlighed.<\/li>\n<li><strong>Robust design:<\/strong> Beskytter mod p\u00e5virkning af milj\u00f8forhold.<\/li>\n<li><strong>Energieffektiv:<\/strong> Drives af et 12 V batteri.<\/li>\n<\/ul>\n<p>Med sit ergonomiske design og h\u00f8jteknologiske funktionalitet er T-4 et ideelt valg til sikkerhedskr\u00e6vende applikationer, s\u00e5som automatiske porte, sikkerhedssystemer og fjernstyrede enheder.<\/p>","protected":false},"excerpt":{"rendered":"<p>T-4 er en fire-kanals fjernbetjening til SATELs radiomodtager.<\/p>\n<p>Med KEELOQ\u00ae-kryptering og robust design giver den p\u00e5lidelig og sikker drift med en r\u00e6kkevidde p\u00e5 op til 500 meter.<\/p>\n<p>&nbsp;<\/p>","protected":false},"featured_media":145425,"template":"","meta":{"_acf_changed":false},"product_brand":[],"product_cat":[1616],"product_tag":[2275,2424],"class_list":{"0":"post-56874","1":"product","2":"type-product","3":"status-publish","4":"has-post-thumbnail","6":"product_cat-radiosandare-mottagare","7":"product_tag-radio-mottagare-satel","8":"product_tag-rel-pulsarradio","9":"product_shipping_class-postnord-varubrev","10":"pa_brands-satel","11":"pa_sakerhetssystem-smart-home","12":"tm-has-options","14":"first","15":"instock","16":"sale","17":"featured","18":"taxable","19":"shipping-taxable","20":"purchasable","21":"product-type-simple"},"acf":[],"_links":{"self":[{"href":"https:\/\/secureus.se\/dk\/wp-json\/wp\/v2\/product\/56874","targetHints":{"allow":["GET"]}}],"collection":[{"href":"https:\/\/secureus.se\/dk\/wp-json\/wp\/v2\/product"}],"about":[{"href":"https:\/\/secureus.se\/dk\/wp-json\/wp\/v2\/types\/product"}],"wp:featuredmedia":[{"embeddable":true,"href":"https:\/\/secureus.se\/dk\/wp-json\/wp\/v2\/media\/145425"}],"wp:attachment":[{"href":"https:\/\/secureus.se\/dk\/wp-json\/wp\/v2\/media?parent=56874"}],"wp:term":[{"taxonomy":"product_brand","embeddable":true,"href":"https:\/\/secureus.se\/dk\/wp-json\/wp\/v2\/product_brand?post=56874"},{"taxonomy":"product_cat","embeddable":true,"href":"https:\/\/secureus.se\/dk\/wp-json\/wp\/v2\/product_cat?post=56874"},{"taxonomy":"product_tag","embeddable":true,"href":"https:\/\/secureus.se\/dk\/wp-json\/wp\/v2\/product_tag?post=56874"}],"curies":[{"name":"wp","href":"https:\/\/api.w.org\/{rel}","templated":true}]}}