{"id":56876,"date":"2022-03-10T16:23:00","date_gmt":"2022-03-10T15:23:00","guid":{"rendered":"https:\/\/secureus.se\/produkt\/dokumentskap-for-ritningsparm-tjock-rygg\/"},"modified":"2026-03-10T17:35:16","modified_gmt":"2026-03-10T16:35:16","slug":"dokumentskap-for-ritningsparm-tjock-rygg","status":"publish","type":"product","link":"https:\/\/secureus.se\/dk\/dokumentskap-for-ritningsparm-tjock-rygg\/","title":{"rendered":"Dokumentskab Indbrud til tegnebind tyk bagside"},"content":{"rendered":"<h1>Dokumentskab Indbrud til tegnebind tyk bagside<\/h1>\n<p>Skabet er beregnet til ringbind A4 med smal ryg, l\u00e5s med to n\u00f8gler.<\/p>\n<p>Skabene er fremstillet i st\u00e5lplade med hvid farve. Venstre. Der er et hul til sabotagekontakt p\u00e5 bagsiden.<\/p>\n<p>Dokumentskab til tegninger og servicetegninger til tyverialarmanl\u00e6g.<\/p>\n<p>Skabet f\u00e5s i formatet til A4 ringbind med tyk ryg og skab til A4 ringbind med tynd ryg. Lemmen \u00e5bnes med en n\u00f8glekontakt.<\/p>\n<p>Skabet er vendbart, hvis d\u00f8ren skal \u00e5bnes til h\u00f8jre eller venstre.<\/p>\n<p>Kan manipulationsbeskyttes, forberedt hul er tilg\u00e6ngeligt til manipulationskontakt p\u00e5 bagsiden.<br \/>\nSkabene er udf\u00f8rt i st\u00e5lplade i hvid.<br \/>\nF\u00e5s med brandv\u00e6senl\u00e5s og forberedt til ASSA l\u00e5secylinder.<\/p>\n<p>Skabet er beregnet til ringbind A4 med smal ryg, l\u00e5s med to n\u00f8gler.<\/p>\n<p><img decoding=\"async\" class=\"alignnone size-full wp-image-123513183\" src=\"https:\/\/securityonline.se\/wp-content\/uploads\/2023\/09\/Swanson-Or-skap.jpg\" alt=\"\" width=\"618\" height=\"292\" \/><\/p>\n<div>\n<p><label>N\u00f8glefunktioner<\/label><\/p>\n<ul>\n<li>Finish \/ Farve: Gr\u00e5<\/li>\n<li>H\u00f8jde arter (mm): 360<\/li>\n<li>Bredde arter (mm): 310<\/li>\n<li>Dybde arter (mm): 90<\/li>\n<\/ul>\n<\/div>\n<div>\n<div>\n<p><label>Hurtige fakta<\/label><\/p>\n<ul>\n<li>Vendbart skab<\/li>\n<li>Dokumentholder<\/li>\n<\/ul>\n<\/div>\n<div>\n<div><\/div>\n<\/div>\n<\/div>","protected":false},"excerpt":{"rendered":"<p>Opbevaring til dine dokumenter ELLER planer\/tegninger eller dokumenter til alarmer og brandalarmer.<\/p>\n<p><span data-teams=\"true\">Disse skabe leveres uden n\u00f8gle, og hvis der er brug for en, k\u00f8bes den separat.<\/span><\/p>","protected":false},"featured_media":145433,"template":"","meta":{"_acf_changed":false},"product_brand":[],"product_cat":[1837,2950],"product_tag":[],"class_list":{"0":"post-56876","1":"product","2":"type-product","3":"status-publish","4":"has-post-thumbnail","6":"product_cat-dokumentskap","7":"product_cat-or-skap-sakerhet","8":"product_shipping_class-tunga-paket","9":"pa_brands-swansons","10":"pa_sakerhetssystem-larmtillbehor-elektronik","11":"tm-no-options","13":"first","14":"instock","15":"sale","16":"taxable","17":"shipping-taxable","18":"purchasable","19":"product-type-simple"},"acf":[],"_links":{"self":[{"href":"https:\/\/secureus.se\/dk\/wp-json\/wp\/v2\/product\/56876","targetHints":{"allow":["GET"]}}],"collection":[{"href":"https:\/\/secureus.se\/dk\/wp-json\/wp\/v2\/product"}],"about":[{"href":"https:\/\/secureus.se\/dk\/wp-json\/wp\/v2\/types\/product"}],"wp:featuredmedia":[{"embeddable":true,"href":"https:\/\/secureus.se\/dk\/wp-json\/wp\/v2\/media\/145433"}],"wp:attachment":[{"href":"https:\/\/secureus.se\/dk\/wp-json\/wp\/v2\/media?parent=56876"}],"wp:term":[{"taxonomy":"product_brand","embeddable":true,"href":"https:\/\/secureus.se\/dk\/wp-json\/wp\/v2\/product_brand?post=56876"},{"taxonomy":"product_cat","embeddable":true,"href":"https:\/\/secureus.se\/dk\/wp-json\/wp\/v2\/product_cat?post=56876"},{"taxonomy":"product_tag","embeddable":true,"href":"https:\/\/secureus.se\/dk\/wp-json\/wp\/v2\/product_tag?post=56876"}],"curies":[{"name":"wp","href":"https:\/\/api.w.org\/{rel}","templated":true}]}}