{"id":56879,"date":"2022-03-10T16:23:00","date_gmt":"2022-03-10T15:23:00","guid":{"rendered":"https:\/\/secureus.se\/produkt\/a4-skap-for-or-ritningar-vit-rod-skylt\/"},"modified":"2026-03-10T17:37:03","modified_gmt":"2026-03-10T16:37:03","slug":"a4-skap-for-or-ritningar-vit-rod-skylt","status":"publish","type":"product","link":"https:\/\/secureus.se\/dk\/a4-skap-for-or-ritningar-vit-rod-skylt\/","title":{"rendered":"A4 Skab Brandalarm til ELLER tegninger Hvid\/R\u00f8d skilt"},"content":{"rendered":"<h1>A4 Skab Brandalarm til ELLER tegninger Hvid\/R\u00f8d skilt<\/h1>\n<h1>ELLER SKAB Brandalarm<\/h1>\n<p>Dokumentskab til orientering og servicetegninger til brandalarmanl\u00e6g.<br \/>\nLemmen \u00e5bnes med en brandv\u00e6senn\u00f8gle.<\/p>\n<p>OR-3-BLACK har et forst\u00e6rket l\u00e5g, s\u00e5 det kan bruges som bord til en b\u00e6rbar computer eller tegninger.<br \/>\nOR-3 \u2013 ASSA har \u00e5ben bagside, der skal monteres over alarmknapper mv.<\/p>\n<p>Skabene er udf\u00f8rt i st\u00e5lplade og i farver iht. nedenst\u00e5ende tabel.<\/p>\n<p><img decoding=\"async\" class=\"alignnone size-full wp-image-123513183\" title=\"ELLER SKAB Brandalarm A3 HVID TIL ASSA L\u00c5S 6308235\" src=\"https:\/\/securityonline.se\/wp-content\/uploads\/2023\/09\/Swanson-Or-skap.jpg\" alt=\"ELLER SKAB Brandalarm A3 HVID TIL ASSA L\u00c5S 6308235\" width=\"618\" height=\"292\" \/><\/p>\n<p>Skab til orientering og servicetegninger. Til A4 ringbind. Lemmen \u00e5bnes med en brandv\u00e6senn\u00f8gle. Fremstillet af st\u00e5lplade.<\/p>\n<div>\n<div>\n<p>H\u00f8jde arter (mm): 350<br \/>\nBredde arter (mm): 360<br \/>\nDybde arter (mm): 90<\/p>\n<\/div>\n<\/div>","protected":false},"excerpt":{"rendered":"<p>Opbevaring til dine dokumenter ELLER planer\/tegninger eller dokumenter til alarmer og brandalarmer<\/p>\n<p><span data-teams=\"true\">Disse skabe leveres uden n\u00f8gle, og hvis der er brug for en, k\u00f8bes den separat.<\/span><\/p>","protected":false},"featured_media":144721,"template":"","meta":{"_acf_changed":false},"product_brand":[],"product_cat":[1837,3977,2950],"product_tag":[],"class_list":{"0":"post-56879","1":"product","2":"type-product","3":"status-publish","4":"has-post-thumbnail","6":"product_cat-dokumentskap","7":"product_cat-or-skap-brand-brandskydd","8":"product_cat-or-skap-sakerhet","9":"product_shipping_class-tunga-paket","10":"pa_brands-swansons","11":"pa_sakerhetssystem-larmtillbehor-elektronik","12":"tm-no-options","14":"first","15":"instock","16":"sale","17":"taxable","18":"shipping-taxable","19":"purchasable","20":"product-type-simple"},"acf":[],"_links":{"self":[{"href":"https:\/\/secureus.se\/dk\/wp-json\/wp\/v2\/product\/56879","targetHints":{"allow":["GET"]}}],"collection":[{"href":"https:\/\/secureus.se\/dk\/wp-json\/wp\/v2\/product"}],"about":[{"href":"https:\/\/secureus.se\/dk\/wp-json\/wp\/v2\/types\/product"}],"wp:featuredmedia":[{"embeddable":true,"href":"https:\/\/secureus.se\/dk\/wp-json\/wp\/v2\/media\/144721"}],"wp:attachment":[{"href":"https:\/\/secureus.se\/dk\/wp-json\/wp\/v2\/media?parent=56879"}],"wp:term":[{"taxonomy":"product_brand","embeddable":true,"href":"https:\/\/secureus.se\/dk\/wp-json\/wp\/v2\/product_brand?post=56879"},{"taxonomy":"product_cat","embeddable":true,"href":"https:\/\/secureus.se\/dk\/wp-json\/wp\/v2\/product_cat?post=56879"},{"taxonomy":"product_tag","embeddable":true,"href":"https:\/\/secureus.se\/dk\/wp-json\/wp\/v2\/product_tag?post=56879"}],"curies":[{"name":"wp","href":"https:\/\/api.w.org\/{rel}","templated":true}]}}