{"id":56882,"date":"2022-03-10T16:23:00","date_gmt":"2022-03-10T15:23:00","guid":{"rendered":"https:\/\/secureus.se\/produkt\/larmknapp-nodoppning-gron-2-vaxlande-lk-50g\/"},"modified":"2026-03-17T11:57:03","modified_gmt":"2026-03-17T10:57:03","slug":"larmknapp-nodoppning-gron-2-vaxlande-lk-50g","status":"publish","type":"product","link":"https:\/\/secureus.se\/dk\/larmknapp-nodoppning-gron-2-vaxlande-lk-50g\/","title":{"rendered":"N\u00f8d\u00e5bningsknap Gr\u00f8n \u2013 Alarmknap \u2013 2 ledige kontakter, kan nulstilles uden udskiftning af glas"},"content":{"rendered":"<h4 class=\"\" data-start=\"431\" data-end=\"508\"><strong data-start=\"436\" data-end=\"508\">N\u00f8d\u00e5bningsknap Gr\u00f8n \u2013 2 gratis kontakter, kan nulstilles uden udskiftning af glas<\/strong><\/h4>\n<p class=\"\" data-start=\"510\" data-end=\"782\">Denne gr\u00f8nne n\u00f8dudl\u00f8serknap er en robust og praktisk l\u00f8sning til sikkerheds- og alarmapplikationer. Den er udstyret med <strong data-start=\"636\" data-end=\"660\">to rel\u00e6er (C\/NC\/NO)<\/strong> til fleksibel styring af d\u00f8re, alarmer eller andre systemer og f\u00f8lger ledningsdiagrammet <strong data-start=\"745\" data-end=\"757\">FA1054AX<\/strong> (se den medf\u00f8lgende manual).<\/p>\n<p class=\"\" data-start=\"784\" data-end=\"1138\">Forsiden er tydeligt markeret med en <strong data-start=\"821\" data-end=\"855\">symbol for l\u00f8bende mand mod d\u00f8ren<\/strong> for nem forst\u00e5else, selv for uerfarne brugere. Efter aktivering er det ikke n\u00f8dvendigt at udskifte glasset \u2013 knappen nulstilles nemt med <strong data-start=\"979\" data-end=\"1002\">den medf\u00f8lgende n\u00f8gle<\/strong>, hvilket eliminerer driftsomkostninger. En visuel indikator viser, n\u00e5r knappen er aktiveret, og forsvinder automatisk ved nulstilling.<\/p>\n<p data-start=\"784\" data-end=\"1138\"><span style=\"text-decoration: underline;\"><strong>Produktet har CE-certificering til det europ\u00e6iske og nordiske marked.<\/strong><\/span><\/p>\n<hr class=\"\" data-start=\"1140\" data-end=\"1143\" \/>\n<h4 class=\"\" data-start=\"1145\" data-end=\"1172\"><strong data-start=\"1152\" data-end=\"1172\">Pakken indeholder:<\/strong><\/h4>\n<ul data-start=\"1174\" data-end=\"1340\">\n<li class=\"\" data-start=\"1174\" data-end=\"1220\">\n<p class=\"\" data-start=\"1176\" data-end=\"1220\">Gr\u00f8n alarmknap (2 ledige \u00e6ndringer, C\/NC\/NO)<\/p>\n<\/li>\n<li class=\"\" data-start=\"1221\" data-end=\"1243\">\n<p class=\"\" data-start=\"1223\" data-end=\"1243\">Beskyttende glas i plastik<\/p>\n<\/li>\n<li class=\"\" data-start=\"1244\" data-end=\"1275\">\n<p class=\"\" data-start=\"1246\" data-end=\"1275\">Monteringsskruer<\/p>\n<\/li>\n<li class=\"\" data-start=\"1276\" data-end=\"1329\">\n<p class=\"\" data-start=\"1278\" data-end=\"1329\">Nulstillingsn\u00f8gle (til nulstilling og test)<\/p>\n<\/li>\n<li class=\"\" data-start=\"1330\" data-end=\"1340\">\n<p class=\"\" data-start=\"1332\" data-end=\"1340\">brugervejledning<\/p>\n<\/li>\n<\/ul>\n<hr class=\"\" data-start=\"1342\" data-end=\"1345\" \/>\n<h4 class=\"\" data-start=\"1347\" data-end=\"1377\"><strong data-start=\"1355\" data-end=\"1377\">Tekniske detaljer:<\/strong><\/h4>\n<ul data-start=\"1379\" data-end=\"1657\">\n<li class=\"\" data-start=\"1379\" data-end=\"1409\">\n<p class=\"\" data-start=\"1381\" data-end=\"1409\"><strong data-start=\"1381\" data-end=\"1392\">Rel\u00e6er:<\/strong> 2 stk. (C\/NC\/NO)<\/p>\n<\/li>\n<li class=\"\" data-start=\"1410\" data-end=\"1443\">\n<p class=\"\" data-start=\"1412\" data-end=\"1443\"><strong data-start=\"1412\" data-end=\"1432\">Ledningsdiagram:<\/strong> FA1054AX<\/p>\n<\/li>\n<li class=\"\" data-start=\"1444\" data-end=\"1492\">\n<p class=\"\" data-start=\"1446\" data-end=\"1492\"><strong data-start=\"1446\" data-end=\"1468\">Visuel markering:<\/strong> Ja, synlig ved anslag<\/p>\n<\/li>\n<li class=\"\" data-start=\"1493\" data-end=\"1541\">\n<p class=\"\" data-start=\"1495\" data-end=\"1541\"><strong data-start=\"1495\" data-end=\"1513\">Nulstil:<\/strong> Med n\u00f8gle, uden udskiftning af glas<\/p>\n<\/li>\n<li class=\"\" data-start=\"1542\" data-end=\"1657\">\n<p class=\"\" data-start=\"1544\" data-end=\"1568\"><strong data-start=\"1544\" data-end=\"1566\">Tilbeh\u00f8r (ekstra \/ reservedele):<\/strong><\/p>\n<ul data-start=\"1572\" data-end=\"1657\">\n<li class=\"\" data-start=\"1572\" data-end=\"1617\">\n<p class=\"\" data-start=\"1574\" data-end=\"1617\">Beskyttelsesd\u00e6ksel LK-5-GLAS (art.nr. 6301061-SH)<\/p>\n<\/li>\n<li class=\"\" data-start=\"1621\" data-end=\"1657\">\n<p class=\"\" data-start=\"1623\" data-end=\"1657\">Ekstra n\u00f8gle (varenummer 6301060-SH)<\/p>\n<\/li>\n<\/ul>\n<\/li>\n<\/ul>\n<hr class=\"\" data-start=\"1659\" data-end=\"1662\" \/>\n<p class=\"\" data-start=\"1664\" data-end=\"1799\">En p\u00e5lidelig og nem at installere n\u00f8dknap, der giver tydelig signalering og lang levetid \u2013 perfekt til b\u00e5de nye installationer og udskiftninger.<\/p>","protected":false},"excerpt":{"rendered":"<p><strong data-start=\"153\" data-end=\"214\">N\u00f8d\u00e5bningsknap Gr\u00f8n \u2013 2 rel\u00e6er, nulstilles med n\u00f8gle<\/strong><br data-start=\"214\" data-end=\"217\" \/>Gr\u00f8n alarmknap med l\u00f8bende mandssymbol til evakuering, to ledige skift (C\/NC\/NO), nulstilling uden at skifte glas, komplet med n\u00f8gle, manual og monteringsskruer.<\/p>","protected":false},"featured_media":159122,"template":"","meta":{"_acf_changed":false},"product_brand":[],"product_cat":[1830,4828,1332],"product_tag":[2937,2958],"class_list":{"0":"post-56882","1":"product","2":"type-product","3":"status-publish","4":"has-post-thumbnail","6":"product_cat-brandknappar","7":"product_cat-nodknappar","8":"product_cat-utrymning-tillbehor","9":"product_tag-oppnaknappar","10":"product_tag-stonehouse-produkt","11":"product_shipping_class-postnord-varubrev","12":"pa_brands-stonehouse-security","13":"pa_farg-gron","14":"pa_sakerhetssystem-larmtillbehor-elektronik","15":"tm-no-options","17":"first","18":"instock","19":"sale","20":"featured","21":"taxable","22":"shipping-taxable","23":"purchasable","24":"product-type-simple"},"acf":[],"_links":{"self":[{"href":"https:\/\/secureus.se\/dk\/wp-json\/wp\/v2\/product\/56882","targetHints":{"allow":["GET"]}}],"collection":[{"href":"https:\/\/secureus.se\/dk\/wp-json\/wp\/v2\/product"}],"about":[{"href":"https:\/\/secureus.se\/dk\/wp-json\/wp\/v2\/types\/product"}],"wp:featuredmedia":[{"embeddable":true,"href":"https:\/\/secureus.se\/dk\/wp-json\/wp\/v2\/media\/159122"}],"wp:attachment":[{"href":"https:\/\/secureus.se\/dk\/wp-json\/wp\/v2\/media?parent=56882"}],"wp:term":[{"taxonomy":"product_brand","embeddable":true,"href":"https:\/\/secureus.se\/dk\/wp-json\/wp\/v2\/product_brand?post=56882"},{"taxonomy":"product_cat","embeddable":true,"href":"https:\/\/secureus.se\/dk\/wp-json\/wp\/v2\/product_cat?post=56882"},{"taxonomy":"product_tag","embeddable":true,"href":"https:\/\/secureus.se\/dk\/wp-json\/wp\/v2\/product_tag?post=56882"}],"curies":[{"name":"wp","href":"https:\/\/api.w.org\/{rel}","templated":true}]}}