{"id":56887,"date":"2022-03-10T16:23:00","date_gmt":"2022-03-10T15:23:00","guid":{"rendered":"https:\/\/secureus.se\/produkt\/rk-2k-2-kanal-med-2-stycken-fjarrkontroller-rullande-kod\/"},"modified":"2026-03-25T19:01:22","modified_gmt":"2026-03-25T18:01:22","slug":"radiomottagare-rk-2k-2-kanal","status":"publish","type":"product","link":"https:\/\/secureus.se\/dk\/radiomottagare-rk-2k-2-kanal\/","title":{"rendered":"Radiomodtager RK-2K 2-kanals 2 stk fjernbetjening Kit"},"content":{"rendered":"<h1><strong>Radiomodtager RK-2K \u2013 Sikker og fleksibel fjernbetjening<\/strong><\/h1>\n<p>RK-2K radiomodtageren er en avanceret l\u00f8sning fra SATEL, ideel til fjernstyring af porte, rulleskodder, parkeringsbarrierer og andre elektriske enheder.<\/p>\n<p>Med to kanaler og inkluderede T-2 fjernbetjeninger tilbyder RK-2K h\u00f8j sikkerhed og fleksibilitet til forskellige applikationer.<\/p>\n<ul>\n<li><strong>Dobbelt kanal<\/strong>: Administrer to enheder med pr\u00e6cision og p\u00e5lidelighed.<\/li>\n<li><strong>Sikker kommunikation<\/strong>: Krypteret rullende kode, der beskytter mod signaltyveri.<\/li>\n<li><strong>Lavt batteri indikation<\/strong>: Fjernbetjeningerne advarer, n\u00e5r batteriet er ved at l\u00f8be t\u00f8r.<\/li>\n<li><strong>Fleksibel str\u00f8mforsyning<\/strong>: Brug DC- eller AC-sp\u00e6nding afh\u00e6ngigt af installationens behov.<\/li>\n<li><strong>Sabotagebeskyttelse<\/strong>: Forhindrer uautoriseret adgang med indbygget beskyttelse.<\/li>\n<\/ul>\n<p>Med RK-2K kan du tilslutte op til 1024 fjernbetjeninger, hvilket g\u00f8r den perfekt til b\u00e5de sm\u00e5 og store installationer.<\/p>\n<p>Enheden er nem at installere og programmere, hvilket g\u00f8r den til et fremragende valg for b\u00e5de professionelle installat\u00f8rer og slutbrugere.<\/p>","protected":false},"excerpt":{"rendered":"<p>Radiomodtager RK-2K fra SATEL med to kanaler og 2 fjernbetjeninger.<\/p>\n<p>Sikker og p\u00e5lidelig til fjernstyring af porte, rulleskodder og barrierer.<\/p>","protected":false},"featured_media":145077,"template":"","meta":{"_acf_changed":false},"product_brand":[],"product_cat":[1616],"product_tag":[2275,2424],"class_list":{"0":"post-56887","1":"product","2":"type-product","3":"status-publish","4":"has-post-thumbnail","6":"product_cat-radiosandare-mottagare","7":"product_tag-radio-mottagare-satel","8":"product_tag-rel-pulsarradio","9":"product_shipping_class-postnord-varubrev","10":"pa_brands-satel","11":"pa_sakerhetssystem-smart-home","12":"tm-no-options","14":"first","15":"instock","16":"sale","17":"featured","18":"taxable","19":"shipping-taxable","20":"purchasable","21":"product-type-simple"},"acf":[],"_links":{"self":[{"href":"https:\/\/secureus.se\/dk\/wp-json\/wp\/v2\/product\/56887","targetHints":{"allow":["GET"]}}],"collection":[{"href":"https:\/\/secureus.se\/dk\/wp-json\/wp\/v2\/product"}],"about":[{"href":"https:\/\/secureus.se\/dk\/wp-json\/wp\/v2\/types\/product"}],"wp:featuredmedia":[{"embeddable":true,"href":"https:\/\/secureus.se\/dk\/wp-json\/wp\/v2\/media\/145077"}],"wp:attachment":[{"href":"https:\/\/secureus.se\/dk\/wp-json\/wp\/v2\/media?parent=56887"}],"wp:term":[{"taxonomy":"product_brand","embeddable":true,"href":"https:\/\/secureus.se\/dk\/wp-json\/wp\/v2\/product_brand?post=56887"},{"taxonomy":"product_cat","embeddable":true,"href":"https:\/\/secureus.se\/dk\/wp-json\/wp\/v2\/product_cat?post=56887"},{"taxonomy":"product_tag","embeddable":true,"href":"https:\/\/secureus.se\/dk\/wp-json\/wp\/v2\/product_tag?post=56887"}],"curies":[{"name":"wp","href":"https:\/\/api.w.org\/{rel}","templated":true}]}}