{"id":56888,"date":"2022-03-10T16:23:00","date_gmt":"2022-03-10T15:23:00","guid":{"rendered":"https:\/\/secureus.se\/produkt\/rk-4k-4-kanal-med-2-stycken-fjarrkontroller-rullande-kod\/"},"modified":"2026-04-17T14:44:15","modified_gmt":"2026-04-17T12:44:15","slug":"radiomottagare-rk-4k-4-kanal","status":"publish","type":"product","link":"https:\/\/secureus.se\/dk\/radiomottagare-rk-4k-4-kanal\/","title":{"rendered":"Radiomodtager RK-4K 4-kanals 2 stk fjernbetjening Kit"},"content":{"rendered":"<h1>Radiomodtager RK-4K 4-kanal + 2 fjernbetjeninger S\u00e6t<\/h1>\n<p>RK-4K er den ultimative l\u00f8sning til fjernstyring af elektriske apparater og sikkerhedssystemer.<\/p>\n<p>Med fire kanaler og to medf\u00f8lgende T-4 fjernbetjeninger kan du nemt styre porte, rulleskodder og andre enheder.<\/p>\n<p>Den sikre rullende kodeteknologi sikrer, at kun autoriserede fjernbetjeninger kan bruges, hvilket giver ro i sindet og sikkerhed.<\/p>\n<p>Funktionerne omfatter underst\u00f8ttelse af op til 1024 fjernbetjeninger, sabotagebeskyttelse ved \u00e5bning af etuiet og fleksibel str\u00f8mforsyning (DC eller AC).<\/p>\n<p>Den imponerende r\u00e6kkevidde p\u00e5 op til 500 m i frit udsyn g\u00f8r den ideel til b\u00e5de bolig- og erhvervsapplikationer.<\/p>\n<p>RK-4K er kompatibel med SATELs RK Soft program, som g\u00f8r det nemt at konfigurere og administrere fjernbetjeninger.<\/p>\n<p>Med robust konstruktion og brugervenlige funktioner er dette s\u00e6t et must-have for alle, der leder efter p\u00e5lidelig fjernbetjening.<\/p>","protected":false},"excerpt":{"rendered":"<p>RK-4K radiomodtageren tilbyder sikker fjernbetjening til porte, rulleskodder og alarmer.<\/p>\n<p>Med fire kanaler og to medf\u00f8lgende fjernbetjeninger er det en alsidig l\u00f8sning til b\u00e5de hjem og virksomheder.<\/p>\n<p>Den avancerede kryptering giver sikkerhed og r\u00e6kkevidden p\u00e5 op til 500 m g\u00f8r den meget anvendelig.<\/p>","protected":false},"featured_media":145084,"template":"","meta":{"_acf_changed":false},"product_brand":[],"product_cat":[1616],"product_tag":[2275,2424],"class_list":{"0":"post-56888","1":"product","2":"type-product","3":"status-publish","4":"has-post-thumbnail","6":"product_cat-radiosandare-mottagare","7":"product_tag-radio-mottagare-satel","8":"product_tag-rel-pulsarradio","9":"product_shipping_class-postnord-varubrev","10":"pa_brands-satel","11":"pa_sakerhetssystem-smart-home","12":"tm-no-options","14":"first","15":"onbackorder","16":"sale","17":"featured","18":"taxable","19":"shipping-taxable","20":"purchasable","21":"product-type-simple"},"acf":[],"_links":{"self":[{"href":"https:\/\/secureus.se\/dk\/wp-json\/wp\/v2\/product\/56888","targetHints":{"allow":["GET"]}}],"collection":[{"href":"https:\/\/secureus.se\/dk\/wp-json\/wp\/v2\/product"}],"about":[{"href":"https:\/\/secureus.se\/dk\/wp-json\/wp\/v2\/types\/product"}],"wp:featuredmedia":[{"embeddable":true,"href":"https:\/\/secureus.se\/dk\/wp-json\/wp\/v2\/media\/145084"}],"wp:attachment":[{"href":"https:\/\/secureus.se\/dk\/wp-json\/wp\/v2\/media?parent=56888"}],"wp:term":[{"taxonomy":"product_brand","embeddable":true,"href":"https:\/\/secureus.se\/dk\/wp-json\/wp\/v2\/product_brand?post=56888"},{"taxonomy":"product_cat","embeddable":true,"href":"https:\/\/secureus.se\/dk\/wp-json\/wp\/v2\/product_cat?post=56888"},{"taxonomy":"product_tag","embeddable":true,"href":"https:\/\/secureus.se\/dk\/wp-json\/wp\/v2\/product_tag?post=56888"}],"curies":[{"name":"wp","href":"https:\/\/api.w.org\/{rel}","templated":true}]}}