{"id":56889,"date":"2022-03-10T16:23:00","date_gmt":"2022-03-10T15:23:00","guid":{"rendered":"https:\/\/secureus.se\/produkt\/rk-4k-4-kanal-med-2-stycken-fjarrkontroller-rullande-kod-med-mojlighet-till-extra-antenn-sma-kontakt\/"},"modified":"2026-03-20T11:24:34","modified_gmt":"2026-03-20T10:24:34","slug":"radiomottagare-rk-4k-sma-for-yttre-antenn","status":"publish","type":"product","link":"https:\/\/secureus.se\/dk\/radiomottagare-rk-4k-sma-for-yttre-antenn\/","title":{"rendered":"Radiomodtager RK-4K (SMA til ekstern antenne) 2 stk fjernbetjeningss\u00e6t"},"content":{"rendered":"<h1>Radiomodtager RK-4K SMA \u2013 Lang r\u00e6kkevidde og fleksibilitet<\/h1>\n<p>RK-4K SMA radiomodtageren er den perfekte l\u00f8sning til sikker og fleksibel fjernbetjening af elektriske enheder s\u00e5som porte, parkeringsbarrierer og rulleskodder.<\/p>\n<p>Takket v\u00e6re underst\u00f8ttelsen af ekstern SMA-antenne kan du opn\u00e5 en imponerende r\u00e6kkevidde p\u00e5 op til 500 meter i frit udsyn.<\/p>\n<p>Det medf\u00f8lgende s\u00e6t inkluderer to T-4 fjernbetjeninger, udstyret med krypteret rullende kode for maksimal sikkerhed.<\/p>\n<p>Med en kapacitet p\u00e5 op til 1024 fjernbetjeninger kan RK-4K SMA nemt tilpasses til dine behov.<\/p>\n<p>Funktioner som sabotageoverv\u00e5gning og batteriindikation til fjernbetjeningerne sikrer sikker brug.<\/p>\n<p>Uanset om du skal styre din hjemmeport eller en kommerciel barriere, er RK-4K SMA det optimale valg.<\/p>\n<h4>Fordele:<\/h4>\n<ul>\n<li><strong>Lang distance<\/strong>: Op til 500 meter med ekstern SMA-antenne.<\/li>\n<li><strong>Fleksibel brug<\/strong>: Tjek porte, barrierer og andre elektriske enheder.<\/li>\n<li><strong>Sikkerhed<\/strong>: Krypteret rullende kode og sabotageoverv\u00e5gning.<\/li>\n<li><strong>Kan udvides<\/strong>: Underst\u00f8ttelse af op til 1024 fjernbetjeninger.<\/li>\n<\/ul>\n<p>Inkluderer to T-4 fjernbetjeninger til \u00f8jeblikkelig installation og brug.<\/p>","protected":false},"excerpt":{"rendered":"<p>RK-4K SMA radiomodtageren er en fleksibel l\u00f8sning med underst\u00f8ttelse af ekstern SMA-antenne, der giver en enest\u00e5ende r\u00e6kkevidde p\u00e5 op til 500 meter.<\/p>\n<p>Perfekt til fjernstyring af porte, parkeringsbarrierer og rulleskodder med krypteret sikkerhed.<\/p>\n<p>S\u00e6ttet indeholder to T-4 fjernbetjeninger.<\/p>","protected":false},"featured_media":145090,"template":"","meta":{"_acf_changed":false},"product_brand":[],"product_cat":[1616],"product_tag":[2275,2424],"class_list":{"0":"post-56889","1":"product","2":"type-product","3":"status-publish","4":"has-post-thumbnail","6":"product_cat-radiosandare-mottagare","7":"product_tag-radio-mottagare-satel","8":"product_tag-rel-pulsarradio","9":"product_shipping_class-postnord-varubrev","10":"pa_brands-satel","11":"pa_sakerhetssystem-smart-home","12":"tm-no-options","14":"first","15":"instock","16":"sale","17":"featured","18":"taxable","19":"shipping-taxable","20":"purchasable","21":"product-type-simple"},"acf":[],"_links":{"self":[{"href":"https:\/\/secureus.se\/dk\/wp-json\/wp\/v2\/product\/56889","targetHints":{"allow":["GET"]}}],"collection":[{"href":"https:\/\/secureus.se\/dk\/wp-json\/wp\/v2\/product"}],"about":[{"href":"https:\/\/secureus.se\/dk\/wp-json\/wp\/v2\/types\/product"}],"wp:featuredmedia":[{"embeddable":true,"href":"https:\/\/secureus.se\/dk\/wp-json\/wp\/v2\/media\/145090"}],"wp:attachment":[{"href":"https:\/\/secureus.se\/dk\/wp-json\/wp\/v2\/media?parent=56889"}],"wp:term":[{"taxonomy":"product_brand","embeddable":true,"href":"https:\/\/secureus.se\/dk\/wp-json\/wp\/v2\/product_brand?post=56889"},{"taxonomy":"product_cat","embeddable":true,"href":"https:\/\/secureus.se\/dk\/wp-json\/wp\/v2\/product_cat?post=56889"},{"taxonomy":"product_tag","embeddable":true,"href":"https:\/\/secureus.se\/dk\/wp-json\/wp\/v2\/product_tag?post=56889"}],"curies":[{"name":"wp","href":"https:\/\/api.w.org\/{rel}","templated":true}]}}