{"id":56894,"date":"2022-03-10T16:21:00","date_gmt":"2022-03-10T15:21:00","guid":{"rendered":"https:\/\/secureus.se\/produkt\/salto-tagg-nyckelbricka-abs-plus-mifare1k-saltokod-farg-svart\/"},"modified":"2026-03-31T13:27:11","modified_gmt":"2026-03-31T11:27:11","slug":"salto-tagg-mifare1k-svart-plus","status":"publish","type":"product","link":"https:\/\/secureus.se\/dk\/salto-tagg-mifare1k-svart-plus\/","title":{"rendered":"Salto Tag Mifare1k\u00ae med Salto-kode \u2013 Sort Plus"},"content":{"rendered":"<h1>Salto Tag Mifare1k med Saltokod - ABS Plus<\/h1>\n<p>Vores &quot;ABS Plus&quot; RFID-tag er skabt til at opfylde de mest kr\u00e6vende behov inden for sikkerhed og identifikation.<\/p>\n<p>Med sin robuste konstruktion i ekstra stabilt 3,9 mm ABS-materiale giver den en perfekt balance mellem holdbarhed og elegance.<\/p>\n<p>Dens slanke finish g\u00f8r den ideel til gravering med standardnumre eller inklusive dit logo, enten gennem graveret eller farvet finish.<\/p>\n<p>Uanset om du har brug for et p\u00e5lideligt RFID-tag til adgangssystemer, bes\u00f8gssystemer, booking, alarmer eller andre applikationer, er vores &quot;ABS Plus&quot; RFID-tag det perfekte valg.<\/p>\n<p>Med en bred vifte af chipvarianter, EM4200, Mifare1k, kombinationen af Mifare1k og EM4200, Mifare4k, kombinationen af Mifare4k og EM4200,<\/p>\n<p>s\u00e5vel som DESFire kan du skr\u00e6ddersy din l\u00f8sning, s\u00e5 den passer til dine specifikke behov.<\/p>\n<p>Vi forst\u00e5r vigtigheden af at levere RFID-tags af h\u00f8j kvalitet, der opfylder nutidens krav og forventninger.<\/p>\n<p>Det er derfor, vi str\u00e6ber efter at tilbyde den bedste teknologi og kompatibilitet for at forbedre sikkerheden og effektiviteten af dine systemer.<\/p>\n<h4><strong>Brugerdefineret RFID-tag til unikt projekt-salto-tag<\/strong><\/h4>\n<p>Fordelene ved vores RFID-tags inkluderer kompatibilitet med forskellige systemer\/teknologier samt muligheden for at skr\u00e6ddersy tags til at passe til unikke projekter.<\/p>\n<p>Vi kan programmere og integrere forskellige chips for at opfylde specifikke applikationskrav og skabe skr\u00e6ddersyede l\u00f8sninger.<\/p>\n<p>Kontakt os i dag for at diskutere dine projektideer og f\u00e5 en skr\u00e6ddersyet RFID-tag-l\u00f8sning til dine behov.<\/p>\n<h5><strong>Hurtig levering og altid p\u00e5 lager - saltom\u00e6rke<\/strong><\/h5>\n<p>\u201cABS Plus\u201d RFID Tags er altid p\u00e5 lager med over 25.000 enheder i 6 farver og med forskellige chipl\u00f8sninger.<\/p>\n<p>Ved hj\u00e6lp af vores lasermaskiner og software kan du v\u00e6lge logo &amp; unikt nummer til gravering med levering indenfor 1-3 dage.<\/p>\n<p>Oplev fordelene ved vores &quot;ABS Plus&quot; RFID-tag og tag din sikkerhed og identifikation til et nyt niveau. Som altid fra os,<\/p>\n<p>original chip fra NXP og EM Microelectronic.<\/p>\n<p>Alt sammen for at vores RFID-tags skal fungere sikkert og i lang tid med garanti.<\/p>\n<ul>\n<li><strong>RFID kan bruges til:<\/strong>\n<ul>\n<li>Pass system<\/li>\n<li>Bes\u00f8gssystem<\/li>\n<li>Reservation<\/li>\n<li>Alarm og sikkerhed<\/li>\n<\/ul>\n<\/li>\n<li><strong>Fordele ved &quot;ABS Plus&quot;:<\/strong>\n<ul>\n<li>Robust konstruktion i ABS-materiale<\/li>\n<li>Ekstra h\u00e5rdf\u00f8r i ABS 3,9 mm<\/li>\n<li>Mulighed for at gravere standardnummer eller inkludere logo<\/li>\n<li>Stort udvalg af chipvarianter, der passer til forskellige behov og altid p\u00e5 lager.<\/li>\n<\/ul>\n<\/li>\n<\/ul>","protected":false},"excerpt":{"rendered":"<p>Vores klassiske RFID-tag &quot;ABS Plus&quot; - den perfekte l\u00f8sning til sikkerheds- og identifikationssystemer. Mifare1k chip programmeret til SALTO adgangssystem. Tagget er lavet af et h\u00e5rdt 3,9 mm tykt ABS-materiale med en elegant overflade, der passer overalt. Dette produkt har en certificeret chip fra NXP\u00ae, som er en global teknologivirksomhed med hovedkontor i Holland. NXP\u00ae er specialiseret i RFID og NFC og tilbyder en r\u00e6kke produkter inden for sikkerhed, tilslutningsmuligheder og indlejrede l\u00f8sninger<\/p>","protected":false},"featured_media":163673,"template":"","meta":{"_acf_changed":false},"product_brand":[],"product_cat":[2354,1337,4791],"product_tag":[2437,2074,4146,2151,2150,2958],"class_list":{"0":"post-56894","1":"product","2":"type-product","3":"status-publish","4":"has-post-thumbnail","6":"product_cat-rfid-taggar","7":"product_cat-rfid-tagg-abs-plus","8":"product_cat-salto-tagg","9":"product_tag-200-moq-plus-4k-och-salto","10":"product_tag-ej-lagerfraga","11":"product_tag-nxp","12":"product_tag-rfid-salto","13":"product_tag-stonehouse-iloq-salto","14":"product_tag-stonehouse-produkt","15":"product_shipping_class-postnord-varubrev","16":"pa_brands-stonehouse-security","17":"pa_chip-teknik-salto","18":"pa_color-svart","19":"pa_farg-svart","20":"pa_rfid-ovriga-system-salto","21":"pa_sakerhetssystem-ovriga-sakerhets-besokssystem","22":"tm-has-options","24":"first","25":"instock","26":"sale","27":"featured","28":"taxable","29":"shipping-taxable","30":"purchasable","31":"product-type-simple"},"acf":[],"_links":{"self":[{"href":"https:\/\/secureus.se\/dk\/wp-json\/wp\/v2\/product\/56894","targetHints":{"allow":["GET"]}}],"collection":[{"href":"https:\/\/secureus.se\/dk\/wp-json\/wp\/v2\/product"}],"about":[{"href":"https:\/\/secureus.se\/dk\/wp-json\/wp\/v2\/types\/product"}],"wp:featuredmedia":[{"embeddable":true,"href":"https:\/\/secureus.se\/dk\/wp-json\/wp\/v2\/media\/163673"}],"wp:attachment":[{"href":"https:\/\/secureus.se\/dk\/wp-json\/wp\/v2\/media?parent=56894"}],"wp:term":[{"taxonomy":"product_brand","embeddable":true,"href":"https:\/\/secureus.se\/dk\/wp-json\/wp\/v2\/product_brand?post=56894"},{"taxonomy":"product_cat","embeddable":true,"href":"https:\/\/secureus.se\/dk\/wp-json\/wp\/v2\/product_cat?post=56894"},{"taxonomy":"product_tag","embeddable":true,"href":"https:\/\/secureus.se\/dk\/wp-json\/wp\/v2\/product_tag?post=56894"}],"curies":[{"name":"wp","href":"https:\/\/api.w.org\/{rel}","templated":true}]}}