{"id":56902,"date":"2022-03-10T16:20:00","date_gmt":"2022-03-10T15:20:00","guid":{"rendered":"https:\/\/secureus.se\/produkt\/indikering-orange-programmerbar-funktion\/"},"modified":"2025-12-31T19:47:32","modified_gmt":"2025-12-31T18:47:32","slug":"indikering-led-lampa-orange","status":"publish","type":"product","link":"https:\/\/secureus.se\/dk\/indikering-led-lampa-orange\/","title":{"rendered":"Indikator LED-lampe Orange \u2013 Programmerbar funktion"},"content":{"rendered":"<h1>Indikation LED-lampe Orange SOW-300 Orange \u2013 LED-lampe til sikkerhedsapplikationer<\/h1>\n<p>SOW-300 Orange fra SATEL er en h\u00f8jkvalitets LED-lampe designet til indend\u00f8rs brug i sikkerheds- og advarselssystemer.<\/p>\n<p>Med fire forskellige signaltilstande giver den fleksibilitet og klarhed til forskellige applikationer.<\/p>\n<p>Det robuste og kompakte design g\u00f8r SOW-300 perfekt til alarmindikation, panikalarmer, handicaptoiletter og andre sikkerhedskrav.<\/p>\n<p>Takket v\u00e6re sabotagekontakten kan du f\u00f8le dig sikker p\u00e5, at installationen er beskyttet mod uautoriseret adgang.<\/p>\n<p><strong>funktioner og fordele<\/strong><\/p>\n<ul>\n<li><strong>Programmerbare signaler:<\/strong> V\u00e6lg mellem fast lys, hurtigt blinkende, langsomt blinkende eller to blink efterfulgt af en pause.<\/li>\n<li><strong>H\u00f8j synlighed:<\/strong> Super lyse LED&#039;er sikrer klare advarsler.<\/li>\n<li><strong>Sabotagebeskyttelse:<\/strong> En indbygget sabotagekontakt giver ekstra sikkerhed.<\/li>\n<li><strong>Energieffektiv:<\/strong> Drift med lavt str\u00f8mforbrug (44 mA).<\/li>\n<li><strong>Brugervenlig:<\/strong> Nem installation og tilslutning til alarmsystem.<\/li>\n<\/ul>\n<p><strong>Specifikationer LED-lampe Orange:<\/strong><\/p>\n<ul>\n<li>Sp\u00e6nding: 12V DC \u00b115%<\/li>\n<li>Maksimalt str\u00f8mforbrug: 44 mA<\/li>\n<li>Driftstemperatur: -10 til +55 \u00b0C<\/li>\n<li>M\u00e5l: \u00d8 97 x 37 mm<\/li>\n<li>V\u00e6gt: 50g<\/li>\n<\/ul>\n<p><strong>Anvendelsesomr\u00e5der:<\/strong><br \/>\nSOW-300 er ideel til applikationer, hvor visuel indikation er afg\u00f8rende, herunder alarmer, n\u00f8dsituationer og sikkerhedsadvarsler.<\/p>\n<p>S\u00f8rg for, at dine sikkerhedsinstallationer er b\u00e5de p\u00e5lidelige og effektive med SOW-300 Orange fra SATEL.<\/p>","protected":false},"excerpt":{"rendered":"<p><strong>SOW-300 Orange \u2013 LED-lampe med programmerbar funktion<\/strong><\/p>\n<p>F\u00e5 klare og fleksible alarmindikationer med SOW-300.<\/p>\n<p>Den tilbyder fire signaltilstande, sabotageafbryder og et kompakt design til indend\u00f8rs brug.<\/p>\n<p>Perfekt til sikkerhedsapplikationer!<\/p>","protected":false},"featured_media":145131,"template":"","meta":{"_acf_changed":false},"product_brand":[],"product_cat":[1562],"product_tag":[2266,2261,2420],"class_list":{"0":"post-56902","1":"product","2":"type-product","3":"status-publish","4":"has-post-thumbnail","6":"product_cat-larmdon-blixtljus","7":"product_tag-larmdon-blixtljus-blixtljus-i-samma-enhet","8":"product_tag-larmdon-indikering-summer","9":"product_tag-rel-larmdonblixt","10":"product_shipping_class-postnord-varubrev","11":"pa_brands-satel","12":"pa_farg-gul","13":"pa_sakerhetssystem-larmtillbehor-elektronik","14":"tm-no-options","16":"first","17":"instock","18":"sale","19":"featured","20":"taxable","21":"shipping-taxable","22":"purchasable","23":"product-type-simple"},"acf":[],"_links":{"self":[{"href":"https:\/\/secureus.se\/dk\/wp-json\/wp\/v2\/product\/56902","targetHints":{"allow":["GET"]}}],"collection":[{"href":"https:\/\/secureus.se\/dk\/wp-json\/wp\/v2\/product"}],"about":[{"href":"https:\/\/secureus.se\/dk\/wp-json\/wp\/v2\/types\/product"}],"wp:featuredmedia":[{"embeddable":true,"href":"https:\/\/secureus.se\/dk\/wp-json\/wp\/v2\/media\/145131"}],"wp:attachment":[{"href":"https:\/\/secureus.se\/dk\/wp-json\/wp\/v2\/media?parent=56902"}],"wp:term":[{"taxonomy":"product_brand","embeddable":true,"href":"https:\/\/secureus.se\/dk\/wp-json\/wp\/v2\/product_brand?post=56902"},{"taxonomy":"product_cat","embeddable":true,"href":"https:\/\/secureus.se\/dk\/wp-json\/wp\/v2\/product_cat?post=56902"},{"taxonomy":"product_tag","embeddable":true,"href":"https:\/\/secureus.se\/dk\/wp-json\/wp\/v2\/product_tag?post=56902"}],"curies":[{"name":"wp","href":"https:\/\/api.w.org\/{rel}","templated":true}]}}