{"id":56906,"date":"2022-03-10T16:20:00","date_gmt":"2022-03-10T15:20:00","guid":{"rendered":"https:\/\/secureus.se\/produkt\/oppnaknapp-12-24-v-beroringsfri-std\/"},"modified":"2026-03-29T09:37:13","modified_gmt":"2026-03-29T07:37:13","slug":"oppnaknapp-12-24-v-beroringsfri-std","status":"publish","type":"product","link":"https:\/\/secureus.se\/dk\/oppnaknapp-12-24-v-beroringsfri-std\/","title":{"rendered":"\u00c5bningsknap Easy 12\u201324V \u2013 Kontaktl\u00f8s K4, IP67, Justerbar tid og afstand"},"content":{"rendered":"<p data-start=\"915\" data-end=\"1156\"><strong data-start=\"915\" data-end=\"964\">\u00c5bningsknap Easy 12\u201324 V Kontaktl\u00f8s (Std) K4<\/strong> er en hygiejnisk og b\u00e6redygtig l\u00f8sning til d\u00f8rstyring og adgangskontrol.<br data-start=\"1037\" data-end=\"1040\" \/>Knappen aktiveres helt uden fysisk kontakt \u2014 en h\u00e5ndbev\u00e6gelse p\u00e5 3-15 cm foran sensoren er nok til at udl\u00f8se rel\u00e6et.<\/p>\n<p data-start=\"1158\" data-end=\"1309\">Designet til at minimere slitage og spredning af infektioner, og is\u00e6r velegnet i milj\u00f8er med h\u00f8j trafik s\u00e5som hospitaler, kontorer, skoler og lejlighedsbygninger.<\/p>\n<p data-start=\"1311\" data-end=\"1526\">De <strong data-start=\"1315\" data-end=\"1352\">justerbar f\u00f8lsomhed (3\u201315 cm)<\/strong> og <strong data-start=\"1357\" data-end=\"1389\">justerbar rel\u00e6tid (0\u201330 s)<\/strong> hvilket g\u00f8r den fleksibel til forskellige installationer.<br data-start=\"1432\" data-end=\"1435\" \/>Knappen har en tydelig LED-indikation: <strong data-start=\"1473\" data-end=\"1495\">r\u00f8d i standbytilstand<\/strong> og <strong data-start=\"1500\" data-end=\"1523\">gr\u00f8n n\u00e5r den er aktiveret<\/strong>.<\/p>\n<p data-start=\"1528\" data-end=\"1666\">Kabinettet er lavet af robust <strong data-start=\"1562\" data-end=\"1580\">PC + ABS-plast<\/strong>, med <strong data-start=\"1586\" data-end=\"1609\">st\u00f8bt elektronik<\/strong> for lang levetid og beskyttelse mod fugt og st\u00f8v (IP67).<\/p>\n<h3 data-start=\"1668\" data-end=\"1703\"><strong data-start=\"1675\" data-end=\"1703\">Tekniske specifikationer<\/strong><\/h3>\n<div class=\"_tableContainer_1rjym_1\">\n<div class=\"group _tableWrapper_1rjym_13 flex w-fit flex-col-reverse\">\n<table class=\"w-fit min-w-(--thread-content-width)\" data-start=\"1704\" data-end=\"2237\">\n<thead data-start=\"1704\" data-end=\"1724\">\n<tr data-start=\"1704\" data-end=\"1724\">\n<th data-start=\"1704\" data-end=\"1715\" data-col-size=\"sm\">Ejendom<\/th>\n<th data-start=\"1715\" data-end=\"1724\" data-col-size=\"sm\">V\u00e6rdi<\/th>\n<\/tr>\n<\/thead>\n<tbody data-start=\"1748\" data-end=\"2237\">\n<tr data-start=\"1748\" data-end=\"1773\">\n<td data-start=\"1748\" data-end=\"1759\" data-col-size=\"sm\">Sp\u00e6nding<\/td>\n<td data-start=\"1759\" data-end=\"1773\" data-col-size=\"sm\">DC 12-24V<\/td>\n<\/tr>\n<tr data-start=\"1774\" data-end=\"1804\">\n<td data-start=\"1774\" data-end=\"1787\" data-col-size=\"sm\">Rel\u00e6udgang<\/td>\n<td data-start=\"1787\" data-end=\"1804\" data-col-size=\"sm\">NEJ \/ NC \/ KOM<\/td>\n<\/tr>\n<tr data-start=\"1805\" data-end=\"1831\">\n<td data-start=\"1805\" data-end=\"1824\" data-col-size=\"sm\">Str\u00f8mforbrug<\/td>\n<td data-start=\"1824\" data-end=\"1831\" data-col-size=\"sm\">Lav<\/td>\n<\/tr>\n<tr data-start=\"1832\" data-end=\"1877\">\n<td data-start=\"1832\" data-end=\"1853\" data-col-size=\"sm\">F\u00f8lsomhedsafstand<\/td>\n<td data-start=\"1853\" data-end=\"1877\" data-col-size=\"sm\">3\u201315 cm (justerbar)<\/td>\n<\/tr>\n<tr data-start=\"1878\" data-end=\"1918\">\n<td data-start=\"1878\" data-end=\"1896\" data-col-size=\"sm\">Tidsforsinkelse<\/td>\n<td data-start=\"1896\" data-end=\"1918\" data-col-size=\"sm\">0\u201330 sekunder (justerbar)<\/td>\n<\/tr>\n<tr data-start=\"1919\" data-end=\"1958\">\n<td data-start=\"1919\" data-end=\"1931\" data-col-size=\"sm\">Levetid<\/td>\n<td data-start=\"1931\" data-end=\"1958\" data-col-size=\"sm\">ca. 500.000 aktiveringer<\/td>\n<\/tr>\n<tr data-start=\"1959\" data-end=\"2003\">\n<td data-start=\"1959\" data-end=\"1970\" data-col-size=\"sm\">Materiale<\/td>\n<td data-start=\"1970\" data-end=\"2003\" data-col-size=\"sm\">PC + ABS, st\u00f8bt elektronik<\/td>\n<\/tr>\n<tr data-start=\"2004\" data-end=\"2030\">\n<td data-start=\"2004\" data-end=\"2011\" data-col-size=\"sm\">M\u00e5le<\/td>\n<td data-start=\"2011\" data-end=\"2030\" data-col-size=\"sm\">86 \u00d7 86 \u00d7 20 mm<\/td>\n<\/tr>\n<tr data-start=\"2031\" data-end=\"2047\">\n<td data-start=\"2031\" data-end=\"2038\" data-col-size=\"sm\">V\u00e6gt<\/td>\n<td data-start=\"2038\" data-end=\"2047\" data-col-size=\"sm\">122 g<\/td>\n<\/tr>\n<tr data-start=\"2048\" data-end=\"2070\">\n<td data-start=\"2048\" data-end=\"2062\" data-col-size=\"sm\">Beskyttelsesklasse<\/td>\n<td data-start=\"2062\" data-end=\"2070\" data-col-size=\"sm\">IP67<\/td>\n<\/tr>\n<tr data-start=\"2071\" data-end=\"2123\">\n<td data-start=\"2071\" data-end=\"2088\" data-col-size=\"sm\">LED-indikation<\/td>\n<td data-col-size=\"sm\" data-start=\"2088\" data-end=\"2123\">R\u00f8d = standby, Gr\u00f8n = aktiveret<\/td>\n<\/tr>\n<tr data-start=\"2124\" data-end=\"2165\">\n<td data-start=\"2124\" data-end=\"2143\" data-col-size=\"sm\">Driftstemperatur<\/td>\n<td data-col-size=\"sm\" data-start=\"2143\" data-end=\"2165\">\u221220\u00b0C til +55\u00b0C<\/td>\n<\/tr>\n<tr data-start=\"2166\" data-end=\"2210\">\n<td data-start=\"2166\" data-end=\"2182\" data-col-size=\"sm\">Fugtighed<\/td>\n<td data-col-size=\"sm\" data-start=\"2182\" data-end=\"2210\">0\u201395 % RH (ikke-kondenserende)<\/td>\n<\/tr>\n<tr data-start=\"2211\" data-end=\"2237\">\n<td data-start=\"2211\" data-end=\"2224\" data-col-size=\"sm\">Certifikat<\/td>\n<td data-col-size=\"sm\" data-start=\"2224\" data-end=\"2237\">CE\/ROHS<\/td>\n<\/tr>\n<\/tbody>\n<\/table>\n<\/div>\n<\/div>\n<h3 data-start=\"2239\" data-end=\"2258\"><strong data-start=\"2246\" data-end=\"2258\">Fordele<\/strong><\/h3>\n<ul data-start=\"2259\" data-end=\"2603\">\n<li data-start=\"2259\" data-end=\"2318\">\n<p data-start=\"2261\" data-end=\"2318\">Fuldst\u00e6ndig <strong data-start=\"2266\" data-end=\"2293\">ber\u00f8ringsfri aktivering<\/strong> \u2013 minimerer risikoen for infektion<\/p>\n<\/li>\n<li data-start=\"2319\" data-end=\"2381\">\n<p data-start=\"2321\" data-end=\"2381\"><strong data-start=\"2321\" data-end=\"2353\">Justerbar f\u00f8lsomhed og tid<\/strong> til fleksibel installation<\/p>\n<\/li>\n<li data-start=\"2382\" data-end=\"2414\">\n<p data-start=\"2384\" data-end=\"2414\"><strong data-start=\"2384\" data-end=\"2392\">IP67<\/strong> \u2013 modstandsdygtig over for st\u00f8v og fugt<\/p>\n<\/li>\n<li data-start=\"2415\" data-end=\"2465\">\n<p data-start=\"2417\" data-end=\"2465\">Lang levetid (op til 500.000 aktiveringer)<\/p>\n<\/li>\n<li data-start=\"2466\" data-end=\"2503\">\n<p data-start=\"2468\" data-end=\"2503\">Nem installation med 12-24 V DC<\/p>\n<\/li>\n<li data-start=\"2504\" data-end=\"2543\">\n<p data-start=\"2506\" data-end=\"2543\">Visuel feedback via LED (r\u00f8d\/gr\u00f8n)<\/p>\n<\/li>\n<li data-start=\"2544\" data-end=\"2603\">\n<p data-start=\"2546\" data-end=\"2603\">Passer til de fleste adgangskontrol- og l\u00e5sesystemer<\/p>\n<\/li>\n<\/ul>\n<h3 data-start=\"2605\" data-end=\"2634\"><strong data-start=\"2612\" data-end=\"2634\">Anvendelsesomr\u00e5der<\/strong><\/h3>\n<ul data-start=\"2635\" data-end=\"2776\">\n<li data-start=\"2635\" data-end=\"2669\">\n<p data-start=\"2637\" data-end=\"2669\">Adgangskontrol og d\u00f8r\u00e5bner<\/p>\n<\/li>\n<li data-start=\"2670\" data-end=\"2705\">\n<p data-start=\"2672\" data-end=\"2705\">Offentlige bygninger og kontorer<\/p>\n<\/li>\n<li data-start=\"2706\" data-end=\"2737\">\n<p data-start=\"2708\" data-end=\"2737\">Elevatorer, indgange, korridorer<\/p>\n<\/li>\n<li data-start=\"2738\" data-end=\"2776\">\n<p data-start=\"2740\" data-end=\"2776\">Milj\u00f8er hvor hygiejne er ekstra vigtigt<\/p>\n<\/li>\n<\/ul>","protected":false},"excerpt":{"rendered":"<p>Ber\u00f8ringsfri \u00e5bneknap i kompakt format (86\u00d786\u00d720 mm) med justerbar afstand 3\u201315 cm og tidsforsinkelse 0\u201330 s.<br data-start=\"704\" data-end=\"707\" \/>IP67-klassificeret og bygget til professionelle adgangskontrol- og d\u00f8rsystemer.<br data-start=\"780\" data-end=\"783\" \/>Forsynes med 12-24 V DC og har NO\/NC\/COM-rel\u00e6. LED-indikationen skifter mellem r\u00f8d og gr\u00f8n.<\/p>","protected":false},"featured_media":159132,"template":"","meta":{"_acf_changed":false},"product_brand":[],"product_cat":[4867],"product_tag":[3068,2937,2958],"class_list":{"0":"post-56906","1":"product","2":"type-product","3":"status-publish","4":"has-post-thumbnail","6":"product_cat-oppnaknappar-kategorier","7":"product_tag-oppnaknapp-beroringsfria","8":"product_tag-oppnaknappar","9":"product_tag-stonehouse-produkt","10":"product_shipping_class-postnord-varubrev","11":"pa_brands-stonehouse-security","12":"pa_sakerhetssystem-larmtillbehor-elektronik","13":"tm-no-options","15":"first","16":"instock","17":"sale","18":"featured","19":"taxable","20":"shipping-taxable","21":"purchasable","22":"product-type-simple"},"acf":[],"_links":{"self":[{"href":"https:\/\/secureus.se\/dk\/wp-json\/wp\/v2\/product\/56906","targetHints":{"allow":["GET"]}}],"collection":[{"href":"https:\/\/secureus.se\/dk\/wp-json\/wp\/v2\/product"}],"about":[{"href":"https:\/\/secureus.se\/dk\/wp-json\/wp\/v2\/types\/product"}],"wp:featuredmedia":[{"embeddable":true,"href":"https:\/\/secureus.se\/dk\/wp-json\/wp\/v2\/media\/159132"}],"wp:attachment":[{"href":"https:\/\/secureus.se\/dk\/wp-json\/wp\/v2\/media?parent=56906"}],"wp:term":[{"taxonomy":"product_brand","embeddable":true,"href":"https:\/\/secureus.se\/dk\/wp-json\/wp\/v2\/product_brand?post=56906"},{"taxonomy":"product_cat","embeddable":true,"href":"https:\/\/secureus.se\/dk\/wp-json\/wp\/v2\/product_cat?post=56906"},{"taxonomy":"product_tag","embeddable":true,"href":"https:\/\/secureus.se\/dk\/wp-json\/wp\/v2\/product_tag?post=56906"}],"curies":[{"name":"wp","href":"https:\/\/api.w.org\/{rel}","templated":true}]}}