{"id":56907,"date":"2022-03-10T16:20:00","date_gmt":"2022-03-10T15:20:00","guid":{"rendered":"https:\/\/secureus.se\/produkt\/oppnaknapp-12-24-v-beroringsfri-sp\/"},"modified":"2026-04-17T11:53:26","modified_gmt":"2026-04-17T09:53:26","slug":"oppnaknapp-12-24-v-beroringsfri-sp","status":"publish","type":"product","link":"https:\/\/secureus.se\/dk\/oppnaknapp-12-24-v-beroringsfri-sp\/","title":{"rendered":"\u00c5bn knap Easy 12-24 V Kontaktl\u00f8s (Slank) K3"},"content":{"rendered":"<h1>\u00c5bn knap Easy 12-24 V kontaktl\u00f8s (slank)<\/h1>\n<p>Denne ber\u00f8ringsfri knap er en fleksibel og effektiv l\u00f8sning til at reducere kontakt med overflader og derved mindske risikoen for smittespredning. Med en st\u00f8rrelse p\u00e5 86L55<em>W<\/em>20H mm, den er kompakt og nem at placere i forskellige milj\u00f8er.<\/p>\n<p>Med en str\u00f8mforsyning p\u00e5 DC12-24V er den alsidig og kan tilsluttes forskellige str\u00f8mkilder.<\/p>\n<p>Dens udgangskontakt kan konfigureres som NO (normalt \u00e5ben), NC (normalt lukket) eller COM (f\u00e6lles) for at passe til forskellige brugsbehov.<\/p>\n<p>Den ber\u00f8ringsf\u00f8lsomme afstand er justerbar mellem 5-20 cm, hvilket g\u00f8r det muligt at tilpasse den til forskellige brugeres behov. Tidsforsinkelsen kan ogs\u00e5 justeres fra 0-30 sekunder, s\u00e5 den passer til forskellige situationer.<\/p>\n<p>En LED-indikator viser tydeligt enhedens status med et r\u00f8dt standbylys og et gr\u00f8nt svarlys. Farverne p\u00e5 LED-lygterne kan tilpasses efter \u00f8nske.<\/p>\n<p>Denne knap er lavet af slidst\u00e6rkt ABS-materiale og er b\u00e5de robust og p\u00e5lidelig til langtidsbrug. Dets panellogo kan ogs\u00e5 tilpasses, s\u00e5 det passer til forskellige brandingbehov og milj\u00f8er.<\/p>\n<p><u>Nu med indbygget elektronik og justerbar tid.<\/u><\/p>\n<p>Dimensioner: 86 x 55 x 20 (mm)<\/p>\n<p>Milj\u00f8: IP67<\/p>\n<p>Materiale: PC + ABS<\/p>\n<p>Str\u00f8m: DC 12 \/ 24V<\/p>\n<p>Koblingsrel\u00e6: NO \/ NC \/ COM<\/p>\n<p>Mekanisk levetid: 500000 gange<\/p>\n<p>Driftstemperatur: -20 \/ + 55 C<\/p>\n<p>Fugtighed: 0-95% (relativ luftfugtighed)<\/p>\n<p>F\u00f8lsomhedsafstand: 3-15 cm (Justerbar)<\/p>\n<p>Rel\u00e6ets \u00e5bningstid: 0~30s (Justerbar)<\/p>\n<p>LED-indikator: R\u00f8d LED (up\u00e5virket) og gr\u00f8n ved ber\u00f8ring.<\/p>\n<p>V\u00e6gt: 83 g<\/p>","protected":false},"excerpt":{"rendered":"<p>Trykknapper \/ \u00c5bningsknapper til d\u00f8re eller andre funktioner - Ber\u00f8ringsfri, s\u00e5 ingen kontakt er n\u00f8dvendig p\u00e5 overfladen<\/p>","protected":false},"featured_media":144968,"template":"","meta":{"_acf_changed":false},"product_brand":[],"product_cat":[4867],"product_tag":[3068,2937,2958],"class_list":{"0":"post-56907","1":"product","2":"type-product","3":"status-publish","4":"has-post-thumbnail","6":"product_cat-oppnaknappar-kategorier","7":"product_tag-oppnaknapp-beroringsfria","8":"product_tag-oppnaknappar","9":"product_tag-stonehouse-produkt","10":"product_shipping_class-postnord-varubrev","11":"pa_brands-stonehouse-security","12":"pa_sakerhetssystem-larmtillbehor-elektronik","13":"tm-no-options","15":"first","16":"instock","17":"sale","18":"featured","19":"taxable","20":"shipping-taxable","21":"purchasable","22":"product-type-simple"},"acf":[],"_links":{"self":[{"href":"https:\/\/secureus.se\/dk\/wp-json\/wp\/v2\/product\/56907","targetHints":{"allow":["GET"]}}],"collection":[{"href":"https:\/\/secureus.se\/dk\/wp-json\/wp\/v2\/product"}],"about":[{"href":"https:\/\/secureus.se\/dk\/wp-json\/wp\/v2\/types\/product"}],"wp:featuredmedia":[{"embeddable":true,"href":"https:\/\/secureus.se\/dk\/wp-json\/wp\/v2\/media\/144968"}],"wp:attachment":[{"href":"https:\/\/secureus.se\/dk\/wp-json\/wp\/v2\/media?parent=56907"}],"wp:term":[{"taxonomy":"product_brand","embeddable":true,"href":"https:\/\/secureus.se\/dk\/wp-json\/wp\/v2\/product_brand?post=56907"},{"taxonomy":"product_cat","embeddable":true,"href":"https:\/\/secureus.se\/dk\/wp-json\/wp\/v2\/product_cat?post=56907"},{"taxonomy":"product_tag","embeddable":true,"href":"https:\/\/secureus.se\/dk\/wp-json\/wp\/v2\/product_tag?post=56907"}],"curies":[{"name":"wp","href":"https:\/\/api.w.org\/{rel}","templated":true}]}}