{"id":56929,"date":"2022-03-10T16:16:00","date_gmt":"2022-03-10T15:16:00","guid":{"rendered":"https:\/\/secureus.se\/produkt\/tagg-abs-pro-mifare-desfire-ev2-farg-svart-minnestorlek-4k\/"},"modified":"2026-03-27T14:29:48","modified_gmt":"2026-03-27T13:29:48","slug":"tagg-desfire-ev2-svart-4k-pro","status":"publish","type":"product","link":"https:\/\/secureus.se\/dk\/tagg-desfire-ev2-svart-4k-pro\/","title":{"rendered":"Tag DESFire\u00ae EV2 4K Black \u2013 Pro"},"content":{"rendered":"<h1><strong>Tag Mifare DESFire \u2013 H\u00f8jere sikkerhed\u00a0<\/strong><\/h1>\n<h3>Dette tag virker i systemer, der bruger DESFire-teknologi.<\/h3>\n<p><span style=\"text-decoration: underline\"><strong>RCO, Bewator\/Vanderbilt, Aptus, ASSA ARX, bes\u00f8gssystem &amp; login.<\/strong><\/span><\/p>\n<p>Bem\u00e6rk at tagget ikke er programmeret med RAID til RCO, men leveres med en standardchip.<\/p>\n<p>Vores &quot;ABS Pro&quot; Tag Mifare DESFire er skabt til at opfylde de mest kr\u00e6vende behov inden for sikkerhed og identifikation.<\/p>\n<p>Med sin robuste konstruktion i ABS-materiale og tynde profil p\u00e5 kun 2,9 mm giver den en perfekt balance mellem holdbarhed og elegance.<\/p>\n<p>Dens slanke finish g\u00f8r den ideel til gravering med standardnumre eller inklusive dit logo, enten gennem graveret eller farvet finish.<\/p>\n<p>Vores tags er velegnede til adgangssystemer, bes\u00f8gssystemer, booking, alarmer, bilopladere, lagerstyring eller andre applikationer<\/p>\n<p>Tagg &quot;ABS Pro&quot; med Tagg Mifare DESFire-chip giver h\u00f8jere sikkerhed end Mifare Classic.<\/p>\n<p>Den f\u00e5s i mange varianter af Tagg Mifare DESFire og vi kan ogs\u00e5 fremstille den med dit eget valg af chip.<\/p>\n<p>Dagens standard for passer-tags er: EM4200, Mifare1k, kombinations-tags og DESFire, uanset hvad kan vi skr\u00e6ddersy tagget til dig.<\/p>\n<p>Vi forst\u00e5r vigtigheden af at levere RFID-tags af h\u00f8j kvalitet, der opfylder nutidens krav og forventninger.<\/p>\n<p>Det er derfor, vi str\u00e6ber efter at tilbyde den bedste teknologi og kompatibilitet for at forbedre sikkerheden og effektiviteten af dine systemer.<\/p>\n<p><strong><span style=\"text-decoration: underline\">Skr\u00e6ddersyet til unikke projekter \u2013 Tagg Mifare DESFire ABS Pro<\/span><\/strong><\/p>\n<p>Fordelene ved vores RFID-tags inkluderer kompatibilitet med forskellige systemer\/teknologier samt muligheden for at tilpasse tags til unikke projekter.<\/p>\n<p>Vi kan programmere og integrere forskellige chips for at opfylde specifikke applikationskrav og skabe skr\u00e6ddersyede l\u00f8sninger.<\/p>\n<p>Kontakt os i dag for at diskutere dine projektideer og f\u00e5 en skr\u00e6ddersyet RFID-tag-l\u00f8sning til dine behov.<\/p>\n<p><strong>Hurtig levering og altid p\u00e5 lager \u2013 Tagg Mifare DESFire f\u00e5s i forskellige udgaver\u00a0<\/strong><\/p>\n<p>&quot;ABS Pro&quot; RFID n\u00f8glebrik er altid p\u00e5 lager med over 80.000 enheder i 6 farver (r\u00f8d, bl\u00e5, hvid, sort, gr\u00f8n, gul) og med forskellige chips.<\/p>\n<p>Ved hj\u00e6lp af vores lasermaskiner og software kan du v\u00e6lge logo &amp; unikt nummer til gravering med levering indenfor 1-3 dage.<\/p>\n<p>Som altid! Tag Mifare DESFire med Original chip fra<a href=\"https:\/\/www.nxp.com\/\" rel=\"noopener\"> NXP<\/a><\/p>\n<p><strong>Velegnet til alt og alle - Tagg Mifare DESFire<\/strong><\/p>\n<ul>\n<li>Pass system<\/li>\n<li>Bes\u00f8gssystem<\/li>\n<li>Reservation<\/li>\n<li>Alarm og sikkerhedssystem<\/li>\n<\/ul>\n<p><strong>Fordele ved &quot;ABS Pro&quot; - Tag Mifare DESFire<\/strong><\/p>\n<ul>\n<li>Robust konstruktion i ABS-materiale<\/li>\n<li>Tynd profil p\u00e5 kun 2,9 mm<\/li>\n<li>Mulighed for at gravere standardnummer eller inkludere logo<\/li>\n<li>Stort udvalg af chipvarianter, der passer til forskellige behov og altid p\u00e5 lager.<\/li>\n<\/ul>\n<ul>\n<li>Stort udvalg af chipvarianter, der passer til forskellige behov og altid p\u00e5 lager.<\/li>\n<\/ul>","protected":false},"excerpt":{"rendered":"<p>Dette produkt har en certificeret chip fra NXP\u00ae, en global teknologivirksomhed med hovedkvarter i Holland. NXP\u00ae har specialiseret sig i RFID og NFC og tilbyder en r\u00e6kke produkter inden for sikkerhed, tilslutningsmuligheder og indlejrede l\u00f8sninger. Bem\u00e6rk, at dette produkt ikke fungerer med f.eks. Yale-systemer, eller hvis dit system har rullende koder.<\/p>","protected":false},"featured_media":163673,"template":"","meta":{"_acf_changed":false},"product_brand":[],"product_cat":[1340,4789],"product_tag":[2314,3137,3136,2074,4806,4146,2095,2958],"class_list":{"0":"post-56929","1":"product","2":"type-product","3":"status-publish","4":"has-post-thumbnail","6":"product_cat-rfid-tagg-abs-pro","7":"product_cat-desfire-4k-tagg","8":"product_tag-desfire-lop-logo","9":"product_tag-desfire-ev2-4k","10":"product_tag-desfire-taggar-kort","11":"product_tag-ej-lagerfraga","12":"product_tag-fungerar-ej-till-yale","13":"product_tag-nxp","14":"product_tag-rfid-500","15":"product_tag-stonehouse-produkt","16":"product_shipping_class-postnord-varubrev","17":"pa_brands-stonehouse-security","18":"pa_chip-teknik-mifare-desfire-4k-minne","19":"pa_farg-svart","20":"pa_sakerhetssystem-rfid-taggar","21":"tm-has-options","23":"first","24":"instock","25":"sale","26":"featured","27":"taxable","28":"shipping-taxable","29":"purchasable","30":"product-type-simple"},"acf":[],"_links":{"self":[{"href":"https:\/\/secureus.se\/dk\/wp-json\/wp\/v2\/product\/56929","targetHints":{"allow":["GET"]}}],"collection":[{"href":"https:\/\/secureus.se\/dk\/wp-json\/wp\/v2\/product"}],"about":[{"href":"https:\/\/secureus.se\/dk\/wp-json\/wp\/v2\/types\/product"}],"wp:featuredmedia":[{"embeddable":true,"href":"https:\/\/secureus.se\/dk\/wp-json\/wp\/v2\/media\/163673"}],"wp:attachment":[{"href":"https:\/\/secureus.se\/dk\/wp-json\/wp\/v2\/media?parent=56929"}],"wp:term":[{"taxonomy":"product_brand","embeddable":true,"href":"https:\/\/secureus.se\/dk\/wp-json\/wp\/v2\/product_brand?post=56929"},{"taxonomy":"product_cat","embeddable":true,"href":"https:\/\/secureus.se\/dk\/wp-json\/wp\/v2\/product_cat?post=56929"},{"taxonomy":"product_tag","embeddable":true,"href":"https:\/\/secureus.se\/dk\/wp-json\/wp\/v2\/product_tag?post=56929"}],"curies":[{"name":"wp","href":"https:\/\/api.w.org\/{rel}","templated":true}]}}