{"id":56986,"date":"2022-03-10T15:57:00","date_gmt":"2022-03-10T14:57:00","guid":{"rendered":"https:\/\/secureus.se\/produkt\/ackumulator-batteri-12v-1-2-ah\/"},"modified":"2026-04-15T16:16:20","modified_gmt":"2026-04-15T14:16:20","slug":"agm-batteri-12v-12ah-2","status":"publish","type":"product","link":"https:\/\/secureus.se\/dk\/agm-batteri-12v-12ah-2\/","title":{"rendered":"Batteri 12V 1,2Ah Pro-version"},"content":{"rendered":"<h1>AGM Batteri 12V 1,2Ah 12V<\/h1>\n<p>Vedligeholdelsesfrit alarmbatteri til reservestr\u00f8m i alarmanl\u00e6g, 12 volt, 1,2 Ah<\/p>\n<p>L=97 mm, B=42 mm, H=52 mm<\/p>\n<p>V\u00e6gt 0,55 kg<\/p>\n<p>Batterier spiller en afg\u00f8rende rolle i sikkerheds- og alarmsystemer, hvor p\u00e5lidelig str\u00f8mforsyning er af allerst\u00f8rste betydning. Blandt de forskellige muligheder p\u00e5 markedet har AGM-batterier (Absorbent Glass Mat) etableret sig som en p\u00e5lidelig og h\u00f8jkvalitetsl\u00f8sning til s\u00e5danne applikationer.<\/p>\n<p>AGM-batterier bruger en glasm\u00e5tte-separator til at absorbere og holde elektrolytten p\u00e5 plads, hvilket g\u00f8r dem ideelle til brug i milj\u00f8er, hvor det er vigtigt at minimere risikoen for l\u00e6kage.<\/p>\n<p>Dette design giver ogs\u00e5 en h\u00f8j grad af p\u00e5lidelighed og ydeevne selv under kr\u00e6vende forhold, hvilket er afg\u00f8rende for sikkerheds- og alarmapplikationer, hvor batterierne skal fungere uden afbrydelser.<\/p>\n<p>En af de mest v\u00e6rdsatte egenskaber ved AGM-batterier er deres lave vedligeholdelseskrav.<\/p>\n<p>De kr\u00e6ver minimal vedligeholdelse og har en lang levetid, hvilket g\u00f8r dem omkostningseffektive over tid. Derudover har AGM-teknologien vist sig at v\u00e6re modstandsdygtig over for dyb afladning, hvilket er en almindelig \u00e5rsag til batterifejl i sikkerhedssystemer.<\/p>\n<p>N\u00e5r det kommer til kvalitet, er det vigtigt at v\u00e6lge AGM-batterier fra p\u00e5lidelige producenter, der bruger materialer og fremstillingsprocesser af h\u00f8j kvalitet.<\/p>\n<p>Investering i batterier af god kvalitet er en forebyggende foranstaltning for at sikre, at sikkerheds- og alarmsystemer fungerer korrekt, n\u00e5r de virkelig er n\u00f8dvendige.<\/p>\n<p>Afslutningsvis tilbyder AGM-batterier en p\u00e5lidelig og h\u00f8jkvalitets str\u00f8mkilde til sikkerheds- og alarmapplikationer.<\/p>\n<p>Deres lave vedligeholdelseskrav, lange levetid og modstand mod dyb afladning g\u00f8r dem til et fremragende valg for alle, der prioriterer p\u00e5lidelighed og ydeevne i deres systemer.<\/p>\n<p>AGM Batteri 12V 1,2Ah 12V<\/p>","protected":false},"excerpt":{"rendered":"<p>AGM Batteri 1,2 AH til telekommunikation, alarmer og sikkerhedssystemer.<\/p>","protected":false},"featured_media":145274,"template":"","meta":{"_acf_changed":false},"product_brand":[],"product_cat":[1596],"product_tag":[2179,2419],"class_list":{"0":"post-56986","1":"product","2":"type-product","3":"status-publish","4":"has-post-thumbnail","6":"product_cat-ackumulatorer-12v-agm-batterier","7":"product_tag-batteri-1-6-ah-2","8":"product_tag-rel-batteri","9":"product_shipping_class-tunga-paket","10":"tm-no-options","12":"first","13":"instock","14":"sale","15":"featured","16":"taxable","17":"shipping-taxable","18":"purchasable","19":"product-type-simple"},"acf":[],"_links":{"self":[{"href":"https:\/\/secureus.se\/dk\/wp-json\/wp\/v2\/product\/56986","targetHints":{"allow":["GET"]}}],"collection":[{"href":"https:\/\/secureus.se\/dk\/wp-json\/wp\/v2\/product"}],"about":[{"href":"https:\/\/secureus.se\/dk\/wp-json\/wp\/v2\/types\/product"}],"wp:featuredmedia":[{"embeddable":true,"href":"https:\/\/secureus.se\/dk\/wp-json\/wp\/v2\/media\/145274"}],"wp:attachment":[{"href":"https:\/\/secureus.se\/dk\/wp-json\/wp\/v2\/media?parent=56986"}],"wp:term":[{"taxonomy":"product_brand","embeddable":true,"href":"https:\/\/secureus.se\/dk\/wp-json\/wp\/v2\/product_brand?post=56986"},{"taxonomy":"product_cat","embeddable":true,"href":"https:\/\/secureus.se\/dk\/wp-json\/wp\/v2\/product_cat?post=56986"},{"taxonomy":"product_tag","embeddable":true,"href":"https:\/\/secureus.se\/dk\/wp-json\/wp\/v2\/product_tag?post=56986"}],"curies":[{"name":"wp","href":"https:\/\/api.w.org\/{rel}","templated":true}]}}