{"id":56989,"date":"2022-03-10T15:57:00","date_gmt":"2022-03-10T14:57:00","guid":{"rendered":"https:\/\/secureus.se\/produkt\/ackumulator-batteri-12v-3-6-ah\/"},"modified":"2026-04-02T11:15:18","modified_gmt":"2026-04-02T09:15:18","slug":"agm-batteri-12v-36ah","status":"publish","type":"product","link":"https:\/\/secureus.se\/dk\/agm-batteri-12v-36ah\/","title":{"rendered":"Batteri 12V 3,6Ah Pro-version"},"content":{"rendered":"<h1>AGM batteri 12V 3,6Ah<\/h1>\n<p data-start=\"444\" data-end=\"891\">AGM-batteri 12V 3,6Ah er en p\u00e5lidelig str\u00f8mkilde til sikkerheds- og alarmsystemer, hvor det er afg\u00f8rende at have en konstant og p\u00e5lidelig str\u00f8mforsyning.<\/p>\n<p data-start=\"444\" data-end=\"891\">Batteriet er designet til at v\u00e6re vedligeholdelsesfrit, hvilket betyder, at det kr\u00e6ver minimalt tilsyn og tilbyder en lang levetid p\u00e5 op til tre \u00e5r.<\/p>\n<p data-start=\"444\" data-end=\"891\">For at sikre, at batteriet fortsat leverer tilstr\u00e6kkelig backupstr\u00f8m, b\u00f8r det udskiftes efter cirka tre \u00e5r, uanset status.<\/p>\n<p data-start=\"893\" data-end=\"1268\">Denne AGM-teknologi (Absorbent Glass Mat) bruger en glasm\u00e5tteseparator til at absorbere og holde elektrolytten p\u00e5 plads, hvilket g\u00f8r batteriet ekstremt modstandsdygtigt over for l\u00e6kage og sikrer h\u00f8j ydeevne selv i kr\u00e6vende milj\u00f8er.<\/p>\n<p data-start=\"893\" data-end=\"1268\">Dette g\u00f8r AGM-batterier til en ideel l\u00f8sning til applikationer som alarmer og telekommunikationssystemer, hvor batteriernes p\u00e5lidelighed er af st\u00f8rste betydning.<\/p>\n<p data-start=\"1270\" data-end=\"1543\">AGM-batteriets konstruktion g\u00f8r det ogs\u00e5 mere modstandsdygtigt over for dyb afladning end traditionelle blysyrebatterier, hvilket reducerer risikoen for batterifejl i sikkerhedssystemer.<\/p>\n<p data-start=\"1270\" data-end=\"1543\">Derudover har AGM-batterier generelt en lang levetid, hvilket g\u00f8r dem omkostningseffektive over tid.<\/p>\n<p data-start=\"1545\" data-end=\"1788\">Batteriet er kompakt og let, hvilket g\u00f8r det nemt at installere i de fleste alarmsystemer og sikkerhedsudstyr.<\/p>\n<p data-start=\"1545\" data-end=\"1788\">M\u00e5lene p\u00e5 134x34x66 mm og en v\u00e6gt p\u00e5 0,635 kg g\u00f8r den kompatibel med en r\u00e6kke forskellige sikkerhedssystemer.<\/p>\n<p data-start=\"1790\" data-end=\"1820\"><strong data-start=\"1790\" data-end=\"1818\">Hovedfunktioner:<\/strong><\/p>\n<ul data-start=\"1821\" data-end=\"2171\">\n<li data-start=\"1821\" data-end=\"1842\">\n<p data-start=\"1823\" data-end=\"1842\"><strong data-start=\"1823\" data-end=\"1836\">Sp\u00e6nding:<\/strong> 12V<\/p>\n<\/li>\n<li data-start=\"1843\" data-end=\"1868\">\n<p data-start=\"1845\" data-end=\"1868\"><strong data-start=\"1845\" data-end=\"1859\">Kapacitet:<\/strong> 3,6 Ah<\/p>\n<\/li>\n<li data-start=\"1869\" data-end=\"1913\">\n<p data-start=\"1871\" data-end=\"1913\"><strong data-start=\"1871\" data-end=\"1885\">Teknologi:<\/strong> AGM (Absorberende Glasm\u00e5tte)<\/p>\n<\/li>\n<li data-start=\"1914\" data-end=\"1955\">\n<p data-start=\"1916\" data-end=\"1955\"><strong data-start=\"1916\" data-end=\"1928\">St\u00f8rrelse:<\/strong> 134 x 34 x 66 mm (LxBxH)<\/p>\n<\/li>\n<li data-start=\"1979\" data-end=\"2006\">\n<p data-start=\"1981\" data-end=\"2006\"><strong data-start=\"1981\" data-end=\"2001\">Vedligeholdelsesfri:<\/strong> Ja<\/p>\n<\/li>\n<li data-start=\"2007\" data-end=\"2053\">\n<p data-start=\"2009\" data-end=\"2053\"><strong data-start=\"2009\" data-end=\"2024\">Bruge:<\/strong> Alarm- og telekommunikationssystemer<\/p>\n<\/li>\n<li data-start=\"2054\" data-end=\"2086\">\n<p data-start=\"2056\" data-end=\"2086\"><strong data-start=\"2056\" data-end=\"2070\">Levetid:<\/strong> Op til 3 \u00e5r<\/p>\n<\/li>\n<li data-start=\"2087\" data-end=\"2132\">\n<p data-start=\"2089\" data-end=\"2132\"><strong data-start=\"2089\" data-end=\"2127\">Modstand mod dyb afladning:<\/strong> Ja<\/p>\n<\/li>\n<li data-start=\"2133\" data-end=\"2171\">\n<p data-start=\"2135\" data-end=\"2171\"><strong data-start=\"2135\" data-end=\"2164\">Leverand\u00f8rens artikelnummer:<\/strong> 500036<\/p>\n<\/li>\n<\/ul>\n<p data-start=\"2173\" data-end=\"2188\"><strong data-start=\"2173\" data-end=\"2186\">Fordele:<\/strong><\/p>\n<ul data-start=\"2189\" data-end=\"2510\">\n<li data-start=\"2189\" data-end=\"2242\">\n<p data-start=\"2191\" data-end=\"2242\"><strong data-start=\"2191\" data-end=\"2210\">Vedligeholdelsesfri<\/strong> \u2013 Kr\u00e6ver minimal opsyn<\/p>\n<\/li>\n<li data-start=\"2243\" data-end=\"2319\">\n<p data-start=\"2245\" data-end=\"2319\"><strong data-start=\"2245\" data-end=\"2269\">H\u00f8j p\u00e5lidelighed<\/strong> \u2013 Ideel til sikkerheds- og alarmapplikationer<\/p>\n<\/li>\n<li data-start=\"2320\" data-end=\"2419\">\n<p data-start=\"2322\" data-end=\"2419\"><strong data-start=\"2322\" data-end=\"2354\">L\u00e6kagebestandig<\/strong> \u2013 Velegnet til brug i milj\u00f8er, hvor p\u00e5lidelighed er afg\u00f8rende<\/p>\n<\/li>\n<li data-start=\"2420\" data-end=\"2510\">\n<p data-start=\"2422\" data-end=\"2510\"><strong data-start=\"2422\" data-end=\"2440\">Lang levetid<\/strong> \u2013 Tilbyder omkostningseffektive l\u00f8sninger til systemer med langvarig brug<\/p>\n<\/li>\n<\/ul>\n<p data-start=\"2512\" data-end=\"2734\">Kort sagt tilbyder AGM-batteriet 12V 3,6Ah en p\u00e5lidelig og effektiv l\u00f8sning til sikkerheds- og alarmsystemer, hvilket g\u00f8r det til et fremragende valg for alle, der prioriterer holdbarhed og p\u00e5lidelighed i deres systemer.<\/p>","protected":false},"excerpt":{"rendered":"<p>AGM-batteri 12V 3,6Ah er et vedligeholdelsesfrit batteri designet til alarmsystemer og telekommunikationssystemer, der kr\u00e6ver en 12 volt str\u00f8mkilde.<\/p>\n<p>Med lang levetid og modstandsdygtighed over for dyb afladning sikrer den, at dit system har p\u00e5lidelig backupstr\u00f8m i op til tre \u00e5r.<\/p>","protected":false},"featured_media":156159,"template":"","meta":{"_acf_changed":false},"product_brand":[],"product_cat":[1596,1862],"product_tag":[4513,2419,2426],"class_list":{"0":"post-56989","1":"product","2":"type-product","3":"status-publish","4":"has-post-thumbnail","6":"product_cat-ackumulatorer-12v-agm-batterier","7":"product_cat-batterier-knappcell","8":"product_tag-batteri-1-6-ah","9":"product_tag-rel-batteri","10":"product_tag-rel-risco","11":"product_shipping_class-tunga-paket","12":"tm-no-options","14":"first","15":"instock","16":"sale","17":"featured","18":"taxable","19":"shipping-taxable","20":"purchasable","21":"product-type-simple"},"acf":[],"_links":{"self":[{"href":"https:\/\/secureus.se\/dk\/wp-json\/wp\/v2\/product\/56989","targetHints":{"allow":["GET"]}}],"collection":[{"href":"https:\/\/secureus.se\/dk\/wp-json\/wp\/v2\/product"}],"about":[{"href":"https:\/\/secureus.se\/dk\/wp-json\/wp\/v2\/types\/product"}],"wp:featuredmedia":[{"embeddable":true,"href":"https:\/\/secureus.se\/dk\/wp-json\/wp\/v2\/media\/156159"}],"wp:attachment":[{"href":"https:\/\/secureus.se\/dk\/wp-json\/wp\/v2\/media?parent=56989"}],"wp:term":[{"taxonomy":"product_brand","embeddable":true,"href":"https:\/\/secureus.se\/dk\/wp-json\/wp\/v2\/product_brand?post=56989"},{"taxonomy":"product_cat","embeddable":true,"href":"https:\/\/secureus.se\/dk\/wp-json\/wp\/v2\/product_cat?post=56989"},{"taxonomy":"product_tag","embeddable":true,"href":"https:\/\/secureus.se\/dk\/wp-json\/wp\/v2\/product_tag?post=56989"}],"curies":[{"name":"wp","href":"https:\/\/api.w.org\/{rel}","templated":true}]}}