{"id":56992,"date":"2022-03-10T15:57:00","date_gmt":"2022-03-10T14:57:00","guid":{"rendered":"https:\/\/secureus.se\/produkt\/ackumulator-batteri-agm-helios-12v-18ah-med-flatstiftanslutning\/"},"modified":"2026-04-02T11:13:00","modified_gmt":"2026-04-02T09:13:00","slug":"agm-batteri-12v18ah","status":"publish","type":"product","link":"https:\/\/secureus.se\/dk\/agm-batteri-12v18ah\/","title":{"rendered":"Batteri 12V 18Ah HELIOS fladbenstilslutning 5-8 \u00e5rs levetid Pro-version"},"content":{"rendered":"<h2 data-start=\"191\" data-end=\"275\"><strong data-start=\"194\" data-end=\"275\">AGM-batteri 12V 18Ah - HELIOS AGM med flad stiftforbindelse (5-8 \u00e5rs levetid)<\/strong><\/h2>\n<p data-start=\"277\" data-end=\"346\"><strong data-start=\"277\" data-end=\"346\">P\u00e5lidelig str\u00f8mforsyning til alarmer, UPS og telekommunikationssystemer<\/strong><\/p>\n<p data-start=\"348\" data-end=\"592\">Helios AGM 12V 18Ah er en <strong data-start=\"375\" data-end=\"429\">Vedligeholdelsesfrit blybatteri med fladbenstilslutning<\/strong> (ikke skrue) der giver en stabil og langvarig effekt. Perfekt til <strong data-start=\"496\" data-end=\"540\">sikkerhedssystemer, n\u00f8dstr\u00f8m (UPS)<\/strong> og andre systemer, hvor p\u00e5lidelighed er afg\u00f8rende.<\/p>\n<hr data-start=\"594\" data-end=\"597\" \/>\n<h3 data-start=\"599\" data-end=\"620\"><strong data-start=\"606\" data-end=\"620\">Egenskaber<\/strong><\/h3>\n<ul data-start=\"621\" data-end=\"788\">\n<li data-start=\"621\" data-end=\"640\">\n<p data-start=\"623\" data-end=\"640\">Sp\u00e6nding: <strong data-start=\"633\" data-end=\"640\">12V<\/strong><\/p>\n<\/li>\n<li data-start=\"641\" data-end=\"662\">\n<p data-start=\"643\" data-end=\"662\">Kapacitet: <strong data-start=\"654\" data-end=\"662\">18 Ah<\/strong><\/p>\n<\/li>\n<li data-start=\"663\" data-end=\"704\">\n<p data-start=\"665\" data-end=\"704\">Forbindelse: <strong data-start=\"677\" data-end=\"704\">Flad stift (F2 \/ 6,3 mm)<\/strong><\/p>\n<\/li>\n<li data-start=\"705\" data-end=\"728\">\n<p data-start=\"707\" data-end=\"728\">Levetid: <strong data-start=\"718\" data-end=\"728\">5\u20138 \u00e5r<\/strong><\/p>\n<\/li>\n<li data-start=\"729\" data-end=\"769\">\n<p data-start=\"731\" data-end=\"769\">St\u00f8rrelse: <strong data-start=\"740\" data-end=\"769\">181 \u00d7 77 \u00d7 167 mm (L\u00d7B\u00d7H)<\/strong><\/p>\n<\/li>\n<li data-start=\"770\" data-end=\"788\">\n<p data-start=\"772\" data-end=\"788\">V\u00e6gt: <strong data-start=\"778\" data-end=\"788\">5,1 kg<\/strong><\/p>\n<\/li>\n<\/ul>\n<hr data-start=\"790\" data-end=\"793\" \/>\n<h3 data-start=\"795\" data-end=\"835\"><strong data-start=\"802\" data-end=\"835\">Kvalitet og p\u00e5lidelighed<\/strong><\/h3>\n<p data-start=\"836\" data-end=\"1072\">Helios AGM-batterier er fremstillet med h\u00f8j pr\u00e6cision og <strong data-start=\"890\" data-end=\"921\">lav fejlrate under 0,03 %<\/strong> fra fabrikken.<br data-start=\"934\" data-end=\"937\" \/>Hvert batteri m\u00f8der <strong data-start=\"961\" data-end=\"1009\">CE, UL, RoHS, ISO9000, ISO14000 og ISO18000<\/strong> \u2013 hvilket sikrer h\u00f8j kvalitet, ydeevne og sikker drift.<\/p>\n<hr data-start=\"1074\" data-end=\"1077\" \/>\n<h3 data-start=\"1079\" data-end=\"1098\"><strong data-start=\"1086\" data-end=\"1098\">Fordele<\/strong><\/h3>\n<ul data-start=\"1099\" data-end=\"1307\">\n<li data-start=\"1099\" data-end=\"1140\">\n<p data-start=\"1101\" data-end=\"1140\">H\u00f8j ydeevne og lav selvafladning<\/p>\n<\/li>\n<li data-start=\"1141\" data-end=\"1171\">\n<p data-start=\"1143\" data-end=\"1171\">Vedligeholdelsesfri konstruktion<\/p>\n<\/li>\n<li data-start=\"1172\" data-end=\"1216\">\n<p data-start=\"1174\" data-end=\"1216\">Optimeret til <strong data-start=\"1188\" data-end=\"1214\">backup og n\u00f8doperation<\/strong><\/p>\n<\/li>\n<li data-start=\"1217\" data-end=\"1257\">\n<p data-start=\"1219\" data-end=\"1257\">T\u00e5ler hyppig opladning og afladning<\/p>\n<\/li>\n<li data-start=\"1258\" data-end=\"1307\">\n<p data-start=\"1260\" data-end=\"1307\">Stabil drift selv ved varierende temperaturer<\/p>\n<\/li>\n<\/ul>\n<hr data-start=\"1309\" data-end=\"1312\" \/>\n<h3 data-start=\"1314\" data-end=\"1342\"><strong data-start=\"1320\" data-end=\"1342\">Anvendelsesomr\u00e5der<\/strong><\/h3>\n<ul data-start=\"1343\" data-end=\"1459\">\n<li data-start=\"1343\" data-end=\"1383\">\n<p data-start=\"1345\" data-end=\"1383\">Alarmsystemer og sikkerhedsfaciliteter<\/p>\n<\/li>\n<li data-start=\"1384\" data-end=\"1407\">\n<p data-start=\"1386\" data-end=\"1407\">UPS og n\u00f8dstr\u00f8m<\/p>\n<\/li>\n<li data-start=\"1408\" data-end=\"1428\">\n<p data-start=\"1410\" data-end=\"1428\">Telekommunikationsfaciliteter<\/p>\n<\/li>\n<li data-start=\"1429\" data-end=\"1459\">\n<p data-start=\"1431\" data-end=\"1459\">N\u00f8dbelysning og driftsalarmer<\/p>\n<\/li>\n<\/ul>\n<hr data-start=\"1461\" data-end=\"1464\" \/>\n<p data-start=\"1466\" data-end=\"1697\"><strong data-start=\"1466\" data-end=\"1487\">Helios AGM-serien<\/strong> F\u00e5s i flere kapaciteter (7-45 Ah) for at im\u00f8dekomme forskellige behov.<br data-start=\"1549\" data-end=\"1552\" \/>Uanset om du driver et sikkerhedsfirma eller installerer UPS-systemer, kan du regne med <strong data-start=\"1642\" data-end=\"1656\">Helios AGM<\/strong> leverer str\u00f8m, n\u00e5r der er mest brug for det.<\/p>","protected":false},"excerpt":{"rendered":"<p>AGM Batteri 18 AH 5 \u00e5rs levetid til tele-, alarm- og sikkerhedssystemer. Udstyret med stang til fladstift (ikke skrue)<\/p>\n<p>Velkommen til vores udvalg af Helios AGM-batterier, ogs\u00e5 kendt som batterier, der er designet til at opfylde behovene inden for alarmer, UPS, telekommunikation og meget mere.<\/p>\n<p>Med en kapacitet p\u00e5 18Ah og en sp\u00e6nding p\u00e5 12V tilbyder vores batterier p\u00e5lidelig og langtidsholdbar str\u00f8mforsyning til forskellige applikationer, herunder backup-l\u00f8sninger.<\/p>","protected":false},"featured_media":159064,"template":"","meta":{"_acf_changed":false},"product_brand":[],"product_cat":[1596,2428],"product_tag":[4406,2423,2419,2422],"class_list":{"0":"post-56992","1":"product","2":"type-product","3":"status-publish","4":"has-post-thumbnail","6":"product_cat-ackumulatorer-12v-agm-batterier","7":"product_cat-stromforsorjning-batterier","8":"product_tag-batteri-13-45-ah","9":"product_tag-rel-larm-allman","10":"product_tag-rel-batteri","11":"product_tag-rel-brand","12":"product_shipping_class-tunga-paket","13":"pa_brands-stonehouse-security","14":"tm-no-options","16":"first","17":"onbackorder","18":"sale","19":"featured","20":"taxable","21":"shipping-taxable","22":"purchasable","23":"product-type-simple"},"acf":[],"_links":{"self":[{"href":"https:\/\/secureus.se\/dk\/wp-json\/wp\/v2\/product\/56992","targetHints":{"allow":["GET"]}}],"collection":[{"href":"https:\/\/secureus.se\/dk\/wp-json\/wp\/v2\/product"}],"about":[{"href":"https:\/\/secureus.se\/dk\/wp-json\/wp\/v2\/types\/product"}],"wp:featuredmedia":[{"embeddable":true,"href":"https:\/\/secureus.se\/dk\/wp-json\/wp\/v2\/media\/159064"}],"wp:attachment":[{"href":"https:\/\/secureus.se\/dk\/wp-json\/wp\/v2\/media?parent=56992"}],"wp:term":[{"taxonomy":"product_brand","embeddable":true,"href":"https:\/\/secureus.se\/dk\/wp-json\/wp\/v2\/product_brand?post=56992"},{"taxonomy":"product_cat","embeddable":true,"href":"https:\/\/secureus.se\/dk\/wp-json\/wp\/v2\/product_cat?post=56992"},{"taxonomy":"product_tag","embeddable":true,"href":"https:\/\/secureus.se\/dk\/wp-json\/wp\/v2\/product_tag?post=56992"}],"curies":[{"name":"wp","href":"https:\/\/api.w.org\/{rel}","templated":true}]}}