{"id":56993,"date":"2022-03-10T15:57:00","date_gmt":"2022-03-10T14:57:00","guid":{"rendered":"https:\/\/secureus.se\/produkt\/batteri-lithum-36v-1300-ma-ex-for-sirener-neo\/"},"modified":"2026-01-27T10:50:44","modified_gmt":"2026-01-27T09:50:44","slug":"powerg-battery-siren-pg8901-pg8911","status":"publish","type":"product","link":"https:\/\/secureus.se\/dk\/powerg-battery-siren-pg8901-pg8911\/","title":{"rendered":"PowerG batterisirene (PG8901\/PG8911)"},"content":{"rendered":"<h1>PowerG Battery Siren (PG8901\/PG8911)<\/h1>\n<p data-start=\"205\" data-end=\"324\"><span class=\"relative -mx-px my-[-0.2rem] rounded px-px py-[0.2rem]\">BAT-ER-3.6 \u00e4r ett h\u00f6gkvalitativt litiumbatteri utvecklat f\u00f6r att s\u00e4kerst\u00e4lla p\u00e5litlig drift av tr\u00e5dl\u00f6sa sirener inom Neo-larmsystemet<\/span><\/p>\n<p data-start=\"205\" data-end=\"324\"><span class=\"relative -mx-px my-[-0.2rem] rounded px-px py-[0.2rem]\">Det \u00e4r ocks\u00e5 kompatibelt med andra applikationer som kr\u00e4ver ett robust och l\u00e5ngvarigt str\u00f6malternativ.<\/span>\u200b<\/p>\n<p data-start=\"326\" data-end=\"346\"><strong data-start=\"326\" data-end=\"346\">Specifikationer:<\/strong><\/p>\n<ul data-start=\"348\" data-end=\"1096\">\n<li data-start=\"348\" data-end=\"445\"><strong data-start=\"350\" data-end=\"363\">Sp\u00e4nning:<\/strong> <span class=\"relative -mx-px my-[-0.2rem] rounded px-px py-[0.2rem]\">3,6 V<\/span>\u200b<\/li>\n<li data-start=\"446\" data-end=\"546\"><strong data-start=\"448\" data-end=\"462\">Kapacitet:<\/strong> <span class=\"relative -mx-px my-[-0.2rem] rounded px-px py-[0.2rem]\">13 Ah<\/span>\u200b<\/li>\n<li data-start=\"547\" data-end=\"659\"><strong data-start=\"549\" data-end=\"573\">Temperaturintervall:<\/strong> <span class=\"relative -mx-px my-[-0.2rem] rounded px-px py-[0.2rem]\">-55 \u00b0C till +85 \u00b0C<\/span>\u200b<\/li>\n<li data-start=\"660\" data-end=\"772\"><strong data-start=\"662\" data-end=\"686\">F\u00f6rv\u00e4ntad livsl\u00e4ngd:<\/strong> <span class=\"relative -mx-px my-[-0.2rem] rounded px-px py-[0.2rem]\">\u00d6ver 5 \u00e5r vid drift upp till 30 \u00b0C<\/span>\u200b<\/li>\n<li data-start=\"773\" data-end=\"881\"><strong data-start=\"775\" data-end=\"795\">Sj\u00e4lvurladdning:<\/strong> <span class=\"relative -mx-px my-[-0.2rem] rounded px-px py-[0.2rem]\">Mindre \u00e4n 1% per \u00e5r vid 20 \u00b0C<\/span>\u200b<\/li>\n<li data-start=\"882\" data-end=\"980\"><strong data-start=\"884\" data-end=\"894\">Skydd:<\/strong> <span class=\"relative -mx-px my-[-0.2rem] rounded px-px py-[0.2rem]\">Utrustad med kortslutningsskydd<\/span>\u200b<\/li>\n<li data-start=\"981\" data-end=\"1096\"><strong data-start=\"983\" data-end=\"1010\">Ers\u00e4tter artikelnummer:<\/strong> <span class=\"relative -mx-px my-[-0.2rem] rounded px-px py-[0.2rem]\">6309395<\/span>\u200b<\/li>\n<\/ul>\n<p data-start=\"1098\" data-end=\"1123\"><strong data-start=\"1098\" data-end=\"1123\">Anv\u00e4ndning i sirener:<\/strong><\/p>\n<ul data-start=\"1125\" data-end=\"1354\">\n<li data-start=\"1125\" data-end=\"1239\"><strong data-start=\"1127\" data-end=\"1153\">Inomhussirenen PG8901:<\/strong> <span class=\"relative -mx-px my-[-0.2rem] rounded px-px py-[0.2rem]\">Kr\u00e4ver 1 st BAT-ER-3.6-batteri.<\/span>\u200b<\/li>\n<li data-start=\"1240\" data-end=\"1354\"><strong data-start=\"1242\" data-end=\"1268\">Utomhussirenen PG8911:<\/strong> <span class=\"relative -mx-px my-[-0.2rem] rounded px-px py-[0.2rem]\">Kr\u00e4ver 2 st BAT-ER-3.6-batterier.<\/span>\u200b<\/li>\n<\/ul>\n<p data-start=\"1356\" data-end=\"1369\"><strong data-start=\"1356\" data-end=\"1369\">F\u00f6rdelar:<\/strong><\/p>\n<ul data-start=\"1371\" data-end=\"1924\">\n<li data-start=\"1371\" data-end=\"1489\"><strong data-start=\"1373\" data-end=\"1403\">Brett temperaturintervall:<\/strong> <span class=\"relative -mx-px my-[-0.2rem] rounded px-px py-[0.2rem]\">Batteriet fungerar optimalt i b\u00e5de kalla och varma milj\u00f6er, vilket g\u00f6r det idealiskt f\u00f6r olika geografiska omr\u00e5den.<\/span>\u200b<\/li>\n<li data-start=\"1490\" data-end=\"1597\"><strong data-start=\"1492\" data-end=\"1511\">L\u00e5ng livsl\u00e4ngd:<\/strong> <span class=\"relative -mx-px my-[-0.2rem] rounded px-px py-[0.2rem]\">Den f\u00f6rv\u00e4ntade livsl\u00e4ngden p\u00e5 \u00f6ver 5 \u00e5r minimerar behovet av frekventa batteribyten, vilket sparar tid och underh\u00e5llskostnader.<\/span>\u200b<\/li>\n<li data-start=\"1598\" data-end=\"1710\"><strong data-start=\"1600\" data-end=\"1624\">L\u00e5g sj\u00e4lvurladdning:<\/strong> <span class=\"relative -mx-px my-[-0.2rem] rounded px-px py-[0.2rem]\">Med mindre \u00e4n 1% sj\u00e4lvurladdning per \u00e5r vid 20 \u00b0C beh\u00e5ller batteriet sin kapacitet under l\u00e4ngre perioder utan anv\u00e4ndning.<\/span>\u200b<\/li>\n<li data-start=\"1711\" data-end=\"1817\"><strong data-start=\"1713\" data-end=\"1731\">H\u00f6g kapacitet:<\/strong> <span class=\"relative -mx-px my-[-0.2rem] rounded px-px py-[0.2rem]\">Med en kapacitet p\u00e5 13 Ah s\u00e4kerst\u00e4ller batteriet en stabil str\u00f6mtillf\u00f6rsel till sirenerna, vilket f\u00f6rb\u00e4ttrar systemets p\u00e5litlighet.<\/span>\u200b<\/li>\n<li data-start=\"1818\" data-end=\"1924\"><strong data-start=\"1820\" data-end=\"1838\">Inbyggt skydd:<\/strong> <span class=\"relative -mx-px my-[-0.2rem] rounded px-px py-[0.2rem]\">Kortslutningsskyddet ger extra s\u00e4kerhet mot potentiella elektriska fel.<\/span>\u200b<\/li>\n<\/ul>\n<p data-start=\"1926\" data-end=\"1949\"><strong data-start=\"1926\" data-end=\"1949\">Anv\u00e4ndningsomr\u00e5den:<\/strong><\/p>\n<p data-start=\"1951\" data-end=\"2076\"><span class=\"relative -mx-px my-[-0.2rem] rounded px-px py-[0.2rem]\">BAT-ER-3.6 \u00e4r s\u00e4rskilt utformat f\u00f6r att anv\u00e4ndas i tr\u00e5dl\u00f6sa sirener som ing\u00e5r i Neo-larmsystemet, inklusive PG8901 och PG8911 modellerna.<\/span><\/p>\n<p data-start=\"1951\" data-end=\"2076\"><span class=\"relative -mx-px my-[-0.2rem] rounded px-px py-[0.2rem]\">Dess robusta design g\u00f6r det ocks\u00e5 l\u00e4mpligt f\u00f6r andra s\u00e4kerhetsapplikationer d\u00e4r p\u00e5litlig och l\u00e5ngvarig batteridrift kr\u00e4vs.<\/span><\/p>\n","protected":false},"excerpt":{"rendered":"<p><span class=\"relative -mx-px my-[-0.2rem] rounded px-px py-[0.2rem]\">PowerG Battery Siren 3.6 V \u00e4r ett litiumbatteri designat f\u00f6r att driva tr\u00e5dl\u00f6sa sirener i Neo-larmsystemet.<\/span><\/p>\n<p><span class=\"relative -mx-px my-[-0.2rem] rounded px-px py-[0.2rem]\">Med en sp\u00e4nning p\u00e5 3,6 V och en kapacitet p\u00e5 13 Ah, erbjuder det l\u00e5ngvarig och p\u00e5litlig drift.<\/span><\/p>\n<p><span class=\"relative -mx-px my-[-0.2rem] rounded px-px py-[0.2rem]\">Batteriet fungerar effektivt i temperaturer mellan -55 \u00b0C och +85 \u00b0C och har en f\u00f6rv\u00e4ntad livsl\u00e4ngd p\u00e5 \u00f6ver 5 \u00e5r vid drift upp till 30 \u00b0C.<\/span><\/p>\n","protected":false},"featured_media":145286,"template":"","meta":{"_acf_changed":false},"product_brand":[],"product_cat":[1562,1862],"product_tag":[2419,2420],"class_list":{"0":"post-56993","1":"product","2":"type-product","3":"status-publish","4":"has-post-thumbnail","6":"product_cat-larmdon-blixtljus","7":"product_cat-batterier-knappcell","8":"product_tag-rel-batteri","9":"product_tag-rel-larmdonblixt","10":"product_shipping_class-postnord-varubrev","11":"pa_brands-satel","12":"pa_dsc-neo-hybridlarm-ovriga-tillbehor","13":"tm-no-options","15":"first","16":"onbackorder","17":"sale","18":"featured","19":"taxable","20":"shipping-taxable","21":"purchasable","22":"product-type-simple"},"acf":[],"_links":{"self":[{"href":"https:\/\/secureus.se\/dk\/wp-json\/wp\/v2\/product\/56993","targetHints":{"allow":["GET"]}}],"collection":[{"href":"https:\/\/secureus.se\/dk\/wp-json\/wp\/v2\/product"}],"about":[{"href":"https:\/\/secureus.se\/dk\/wp-json\/wp\/v2\/types\/product"}],"wp:featuredmedia":[{"embeddable":true,"href":"https:\/\/secureus.se\/dk\/wp-json\/wp\/v2\/media\/145286"}],"wp:attachment":[{"href":"https:\/\/secureus.se\/dk\/wp-json\/wp\/v2\/media?parent=56993"}],"wp:term":[{"taxonomy":"product_brand","embeddable":true,"href":"https:\/\/secureus.se\/dk\/wp-json\/wp\/v2\/product_brand?post=56993"},{"taxonomy":"product_cat","embeddable":true,"href":"https:\/\/secureus.se\/dk\/wp-json\/wp\/v2\/product_cat?post=56993"},{"taxonomy":"product_tag","embeddable":true,"href":"https:\/\/secureus.se\/dk\/wp-json\/wp\/v2\/product_tag?post=56993"}],"curies":[{"name":"wp","href":"https:\/\/api.w.org\/{rel}","templated":true}]}}