{"id":56999,"date":"2022-03-10T15:57:00","date_gmt":"2022-03-10T14:57:00","guid":{"rendered":"https:\/\/secureus.se\/produkt\/lithium-extra-longlife-9-volts-batteri-fran-pk-cell-ej-uppladdningsbart\/"},"modified":"2026-04-06T11:31:35","modified_gmt":"2026-04-06T09:31:35","slug":"9v-batteri-lithium-cr9v-long-life-1200mah","status":"publish","type":"product","link":"https:\/\/secureus.se\/dk\/9v-batteri-lithium-cr9v-long-life-1200mah\/","title":{"rendered":"9V batteri Lithium CR9V \u2013 Lang levetid 1200mAh"},"content":{"rendered":"<h1><strong>9V batteri Lithium CR9V \u2013 Lang levetid 1200mAh<\/strong><\/h1>\n<p>Dette h\u00f8jtydende CR9V-batteri med en kapacitet p\u00e5 1200mAh er den perfekte l\u00f8sning til applikationer, der kr\u00e6ver ekstra str\u00f8m og langvarig ydeevne.<\/p>\n<p>Lithium-teknologi betyder, at batteriet holder betydeligt l\u00e6ngere end almindelige alkaliske batterier, og dets \u00f8gede kapacitet giver den fordel, at det sj\u00e6ldent beh\u00f8ver at blive udskiftet.<\/p>\n<p><strong>Fordele ved litiumbatteri sammenlignet med alkaliske batterier:<\/strong><\/p>\n<ul>\n<li>L\u00e6ngere levetid: Op til 3-5 gange l\u00e6ngere end alkaliske batterier.<\/li>\n<li>P\u00e5lidelig ydeevne i ekstreme temperaturer: T\u00e5ler -40\u00b0C til +60\u00b0C uden at p\u00e5virke ydeevnen.<\/li>\n<li>H\u00f8jere energit\u00e6thed: Ideel til udstyr i kontinuerlig brug, s\u00e5som sikkerhedsalarmer, branddetektorer og medicinsk udstyr.<\/li>\n<li>Lettere v\u00e6gt: Lithium-batterier vejer mindre end deres alkaliske modstykker, hvilket g\u00f8r dem nemmere at h\u00e5ndtere i b\u00e6rbare enheder.<\/li>\n<\/ul>\n<p><strong>Anvendelsesomr\u00e5der:<\/strong><\/p>\n<ul>\n<li>Sikkerhedsudstyr, s\u00e5som brand- og tyverialarmer.<\/li>\n<li>Medicinsk udstyr.<\/li>\n<li>Elektroniske enheder i ekstreme milj\u00f8er.<\/li>\n<li>Professionel brug, hvor langtidsdrift er et krav.<\/li>\n<\/ul>\n<p><strong>Produktspecifikationer:<\/strong><\/p>\n<ul>\n<li>Type: 9V Lithium (CR9V)<\/li>\n<li>Kapacitet: 1200mAh<\/li>\n<li>Arbejdstemperatur: -40\u00b0C til +60\u00b0C<\/li>\n<li>Lang levetid til kr\u00e6vende applikationer<\/li>\n<\/ul>\n<p>Invester i et batteri, der leverer p\u00e5lidelig og langtidsholdbar ydeevne i dine mest kr\u00e6vende enheder.<\/p>","protected":false},"excerpt":{"rendered":"<p>Dette 9V lithiumbatteri (CR9V) med 1200mAh er designet til kr\u00e6vende applikationer s\u00e5som sikkerhedsprodukter og udstyr, der bruges i ekstreme temperaturer. Med lang levetid og p\u00e5lidelig ydeevne kan den modst\u00e5 arbejdstemperaturer fra -40\u00b0C til +60\u00b0C. H\u00f8jere holdbarhed end alkaliske batterier.<\/p>","protected":false},"featured_media":145295,"template":"","meta":{"_acf_changed":false},"product_brand":[],"product_cat":[1862],"product_tag":[2419],"class_list":{"0":"post-56999","1":"product","2":"type-product","3":"status-publish","4":"has-post-thumbnail","6":"product_cat-batterier-knappcell","7":"product_tag-rel-batteri","8":"product_shipping_class-postnord-varubrev","9":"pa_brands-pk-cell","10":"tm-no-options","12":"first","13":"instock","14":"sale","15":"featured","16":"taxable","17":"shipping-taxable","18":"purchasable","19":"product-type-simple"},"acf":[],"_links":{"self":[{"href":"https:\/\/secureus.se\/dk\/wp-json\/wp\/v2\/product\/56999","targetHints":{"allow":["GET"]}}],"collection":[{"href":"https:\/\/secureus.se\/dk\/wp-json\/wp\/v2\/product"}],"about":[{"href":"https:\/\/secureus.se\/dk\/wp-json\/wp\/v2\/types\/product"}],"wp:featuredmedia":[{"embeddable":true,"href":"https:\/\/secureus.se\/dk\/wp-json\/wp\/v2\/media\/145295"}],"wp:attachment":[{"href":"https:\/\/secureus.se\/dk\/wp-json\/wp\/v2\/media?parent=56999"}],"wp:term":[{"taxonomy":"product_brand","embeddable":true,"href":"https:\/\/secureus.se\/dk\/wp-json\/wp\/v2\/product_brand?post=56999"},{"taxonomy":"product_cat","embeddable":true,"href":"https:\/\/secureus.se\/dk\/wp-json\/wp\/v2\/product_cat?post=56999"},{"taxonomy":"product_tag","embeddable":true,"href":"https:\/\/secureus.se\/dk\/wp-json\/wp\/v2\/product_tag?post=56999"}],"curies":[{"name":"wp","href":"https:\/\/api.w.org\/{rel}","templated":true}]}}