{"id":57003,"date":"2022-03-10T15:57:00","date_gmt":"2022-03-10T14:57:00","guid":{"rendered":"https:\/\/secureus.se\/produkt\/longlife-aaa-lr03-batteri-4-pack-fran-pk-cell-ej-uppladdningsbart\/"},"modified":"2026-03-13T12:09:03","modified_gmt":"2026-03-13T11:09:03","slug":"longlife-aaa-lr03-batteri-4-pack-fran-pk-cell-ej-uppladdningsbart","status":"publish","type":"product","link":"https:\/\/secureus.se\/dk\/longlife-aaa-lr03-batteri-4-pack-fran-pk-cell-ej-uppladdningsbart\/","title":{"rendered":"Batteri AAA LR03 Batteri 4-pak Longlife"},"content":{"rendered":"<p>AAA - LR03 1,5 Volt er et meget alsidigt batteri og fungerer i alle produkttyper, der kr\u00e6ver lidt ekstra, s\u00e5som sikkerhedsprodukter og andre produkter, der har brug for en lang levetid.<\/p>\n<p>Fordi dette batteri kommer i en praktisk 4-pak, sparer du b\u00e5de p\u00e5 milj\u00f8et og indk\u00f8bsomkostninger.<\/p>\n<p>Batterierne har h\u00f8j imponerende ydeevne og den lang levetid, som PK-cell er kendt for.<\/p>","protected":false},"excerpt":{"rendered":"<p>AAA - LR03 1,5 Volt er et meget alsidigt batteri og fungerer i alle produkttyper, der kr\u00e6ver lidt ekstra, s\u00e5som sikkerhedsprodukter og andre produkter, der har brug for en lang levetid. Siden<\/p>","protected":false},"featured_media":145107,"template":"","meta":{"_acf_changed":false},"product_brand":[],"product_cat":[1324,1862],"product_tag":[2419],"class_list":{"0":"post-57003","1":"product","2":"type-product","3":"status-publish","4":"has-post-thumbnail","6":"product_cat-outlet","7":"product_cat-batterier-knappcell","8":"product_tag-rel-batteri","9":"product_shipping_class-postnord-varubrev","10":"pa_brands-pk-cell","11":"tm-no-options","13":"first","14":"outofstock","15":"sale","16":"featured","17":"taxable","18":"shipping-taxable","19":"purchasable","20":"product-type-simple"},"acf":[],"_links":{"self":[{"href":"https:\/\/secureus.se\/dk\/wp-json\/wp\/v2\/product\/57003","targetHints":{"allow":["GET"]}}],"collection":[{"href":"https:\/\/secureus.se\/dk\/wp-json\/wp\/v2\/product"}],"about":[{"href":"https:\/\/secureus.se\/dk\/wp-json\/wp\/v2\/types\/product"}],"wp:featuredmedia":[{"embeddable":true,"href":"https:\/\/secureus.se\/dk\/wp-json\/wp\/v2\/media\/145107"}],"wp:attachment":[{"href":"https:\/\/secureus.se\/dk\/wp-json\/wp\/v2\/media?parent=57003"}],"wp:term":[{"taxonomy":"product_brand","embeddable":true,"href":"https:\/\/secureus.se\/dk\/wp-json\/wp\/v2\/product_brand?post=57003"},{"taxonomy":"product_cat","embeddable":true,"href":"https:\/\/secureus.se\/dk\/wp-json\/wp\/v2\/product_cat?post=57003"},{"taxonomy":"product_tag","embeddable":true,"href":"https:\/\/secureus.se\/dk\/wp-json\/wp\/v2\/product_tag?post=57003"}],"curies":[{"name":"wp","href":"https:\/\/api.w.org\/{rel}","templated":true}]}}