{"id":57050,"date":"2022-03-10T15:48:00","date_gmt":"2022-03-10T14:48:00","guid":{"rendered":"https:\/\/secureus.se\/produkt\/skyddskapa-larmknapp-gron-for-lk-50g\/"},"modified":"2025-12-31T19:56:51","modified_gmt":"2025-12-31T18:56:51","slug":"skyddskapa-larmknapp-gron-for-lk-50g","status":"publish","type":"product","link":"https:\/\/secureus.se\/dk\/skyddskapa-larmknapp-gron-for-lk-50g\/","title":{"rendered":"Alarmknap til beskyttelsesd\u00e6ksel gr\u00f8n (til LK-50G)"},"content":{"rendered":"<p>Beskyttelsesh\u00e6tte lavet af UV-bestandig polycarbonat for at beskytte alarmknapper mod h\u00e6rv\u00e6rk og h\u00e6rv\u00e6rk.<\/p>\n<p>Beregnet til overflademontering og kan bruges til forskellige form\u00e5l.<\/p>","protected":false},"excerpt":{"rendered":"<p>Brandalarmknap \u2013 Brandknap \u2013 Beskyttelsesd\u00e6ksel som tilbeh\u00f8r \u2013 R\u00f8de\/gr\u00f8nne alarmknapper til evakuering <\/p>","protected":false},"featured_media":145310,"template":"","meta":{"_acf_changed":false},"product_brand":[],"product_cat":[1830,4828],"product_tag":[2938,2958,3130],"class_list":{"0":"post-57050","1":"product","2":"type-product","3":"status-publish","4":"has-post-thumbnail","6":"product_cat-brandknappar","7":"product_cat-nodknappar","8":"product_tag-brandknappar","9":"product_tag-stonehouse-produkt","10":"product_tag-tillbehor-oppna-brandknappar","11":"product_shipping_class-postnord-varubrev","12":"pa_brands-stonehouse-security","13":"tm-no-options","15":"first","16":"instock","17":"sale","18":"featured","19":"taxable","20":"shipping-taxable","21":"purchasable","22":"product-type-simple"},"acf":[],"_links":{"self":[{"href":"https:\/\/secureus.se\/dk\/wp-json\/wp\/v2\/product\/57050","targetHints":{"allow":["GET"]}}],"collection":[{"href":"https:\/\/secureus.se\/dk\/wp-json\/wp\/v2\/product"}],"about":[{"href":"https:\/\/secureus.se\/dk\/wp-json\/wp\/v2\/types\/product"}],"wp:featuredmedia":[{"embeddable":true,"href":"https:\/\/secureus.se\/dk\/wp-json\/wp\/v2\/media\/145310"}],"wp:attachment":[{"href":"https:\/\/secureus.se\/dk\/wp-json\/wp\/v2\/media?parent=57050"}],"wp:term":[{"taxonomy":"product_brand","embeddable":true,"href":"https:\/\/secureus.se\/dk\/wp-json\/wp\/v2\/product_brand?post=57050"},{"taxonomy":"product_cat","embeddable":true,"href":"https:\/\/secureus.se\/dk\/wp-json\/wp\/v2\/product_cat?post=57050"},{"taxonomy":"product_tag","embeddable":true,"href":"https:\/\/secureus.se\/dk\/wp-json\/wp\/v2\/product_tag?post=57050"}],"curies":[{"name":"wp","href":"https:\/\/api.w.org\/{rel}","templated":true}]}}