{"id":57078,"date":"2022-03-10T15:47:00","date_gmt":"2022-03-10T14:47:00","guid":{"rendered":"https:\/\/secureus.se\/produkt\/overfallsknapp-mekanisk-hb-105-m-alarmtech\/"},"modified":"2026-04-01T13:18:44","modified_gmt":"2026-04-01T11:18:44","slug":"overfallsknapp-mekanisk-hb-105-m-alarmtech","status":"publish","type":"product","link":"https:\/\/secureus.se\/dk\/overfallsknapp-mekanisk-hb-105-m-alarmtech\/","title":{"rendered":"Overfaldsknap Mekanisk HB-105-M Alarmtech"},"content":{"rendered":"<p>HB 105-M er en mekanisk overfaldskontakt, der kan bruges til forskellige applikationer i et alarmsystem.<\/p>\n<p>HB105 har to fjederbelastede trykknapper med skiftevis (NC\/NO) funktion i en klemr\u00e6kke. Afh\u00e6ngigt af tilslutningen kan den bruges til dobbelttryk eller til separate funktioner p\u00e5 hver trykknap. Der er ogs\u00e5 en indgang til at styre den indbyggede LED.<\/p>\n<p>Sabotageafbryder til beskyttelse mod \u00e5bning.<\/p>","protected":false},"excerpt":{"rendered":"<p>Produkter fra det professionelle marked - Alarmtech - Altid lav pris<\/p>\n<p>&nbsp;<\/p>","protected":false},"featured_media":145149,"template":"","meta":{"_acf_changed":false},"product_brand":[],"product_cat":[3221,4092],"product_tag":[],"class_list":{"0":"post-57078","1":"product","2":"type-product","3":"status-publish","4":"has-post-thumbnail","6":"product_cat-tradade-larmenheter","7":"product_cat-overfallsknappar","8":"product_shipping_class-postnord-varubrev","9":"pa_brands-alarmtech","10":"tm-no-options","12":"first","13":"instock","14":"sale","15":"featured","16":"taxable","17":"shipping-taxable","18":"purchasable","19":"product-type-simple"},"acf":[],"_links":{"self":[{"href":"https:\/\/secureus.se\/dk\/wp-json\/wp\/v2\/product\/57078","targetHints":{"allow":["GET"]}}],"collection":[{"href":"https:\/\/secureus.se\/dk\/wp-json\/wp\/v2\/product"}],"about":[{"href":"https:\/\/secureus.se\/dk\/wp-json\/wp\/v2\/types\/product"}],"wp:featuredmedia":[{"embeddable":true,"href":"https:\/\/secureus.se\/dk\/wp-json\/wp\/v2\/media\/145149"}],"wp:attachment":[{"href":"https:\/\/secureus.se\/dk\/wp-json\/wp\/v2\/media?parent=57078"}],"wp:term":[{"taxonomy":"product_brand","embeddable":true,"href":"https:\/\/secureus.se\/dk\/wp-json\/wp\/v2\/product_brand?post=57078"},{"taxonomy":"product_cat","embeddable":true,"href":"https:\/\/secureus.se\/dk\/wp-json\/wp\/v2\/product_cat?post=57078"},{"taxonomy":"product_tag","embeddable":true,"href":"https:\/\/secureus.se\/dk\/wp-json\/wp\/v2\/product_tag?post=57078"}],"curies":[{"name":"wp","href":"https:\/\/api.w.org\/{rel}","templated":true}]}}