{"id":57109,"date":"2022-03-10T15:42:00","date_gmt":"2022-03-10T14:42:00","guid":{"rendered":"https:\/\/secureus.se\/produkt\/kapsling-small-till-neo-multi-40-va-trafo\/"},"modified":"2026-04-16T12:10:15","modified_gmt":"2026-04-16T10:10:15","slug":"dsc-kapsling-small-40-va","status":"publish","type":"product","link":"https:\/\/secureus.se\/dk\/dsc-kapsling-small-40-va\/","title":{"rendered":"Kapsling Multi small 40 VA Transformer til DSC \u2013 Paradox og Risco AWO150"},"content":{"rendered":"<h1><strong>DSC Kapsling Multi (Lille) 40 VA<\/strong> er en alsidig og praktisk l\u00f8sning til montering og beskyttelse af alarmsystemets elektronik.<\/h1>\n<p>Dette kabinet er designet til at rumme en 40 VA transformer og giver en p\u00e5lidelig str\u00f8mforsyning til forskelligt sikkerhedsudstyr, herunder DSC NEO, Paradox og Risco.<\/p>\n<p>Med sin kompakte st\u00f8rrelse (280 x 290 x 80 mm) er den ideel til b\u00e5de hjemme- og erhvervsmilj\u00f8er, hvor pladsen kan v\u00e6re begr\u00e6nset.<\/p>\n<p>Huset er lavet af robust metalplade og har en IP-beskyttelsesklasse p\u00e5 IP 20, hvilket betyder, at det er velegnet til indend\u00f8rs installation.<\/p>\n<p>Den er desuden udstyret med en sabotagekontakt, som giver ekstra sikkerhed mod uautoriseret adgang. Med to n\u00f8gler inkluderet kan du nemt l\u00e5se kabinettet for at beskytte det f\u00f8lsomme udstyr indeni.<\/p>\n<p>Transformatoren har en str\u00f8mkapacitet p\u00e5 2,2A\/16VAC og 2A\/18VAC, hvilket g\u00f8r den til en effektiv og kraftfuld str\u00f8mforsyningskomponent.<\/p>\n<p>Kabinettet underst\u00f8tter ogs\u00e5 et 7Ah backup-batteri, som sikrer, at systemet forbliver aktivt selv i tilf\u00e6lde af str\u00f8msvigt.<\/p>\n<p>Uanset om du installerer et alarmsystem i en bolig- eller erhvervsejendom, tilbyder DSC Enclosure Multi (Small) en p\u00e5lidelig og sikker l\u00f8sning til at beskytte dit elektroniske udstyr og sikkerhedsl\u00f8sninger.<\/p>","protected":false},"excerpt":{"rendered":"<p>DSC Kabinet med l\u00e5s og transformer er universal og passer til alle alarmsystemer eller udstyr, der har behov for str\u00f8mforsyning.<\/p>\n<p>Dette kabinet er designet til at beskytte og overv\u00e5ge elektronik i forskellige installationsmilj\u00f8er.<\/p>","protected":false},"featured_media":145206,"template":"","meta":{"_acf_changed":false},"product_brand":[],"product_cat":[3323,1322],"product_tag":[3311,3022],"class_list":{"0":"post-57109","1":"product","2":"type-product","3":"status-publish","4":"has-post-thumbnail","6":"product_cat-kapsling","7":"product_cat-dsc-larm-neo-power-hybridlarm","8":"product_tag-dsc-neo-svensk-manual","9":"product_tag-neo-central-kapslingar","10":"product_shipping_class-postnord-varubrev","11":"pa_brands-pulsar","12":"pa_dsc-neo-hybridlarm-kapslingar-boxar","13":"tm-has-options","15":"first","16":"instock","17":"sale","18":"featured","19":"taxable","20":"shipping-taxable","21":"purchasable","22":"product-type-simple"},"acf":[],"_links":{"self":[{"href":"https:\/\/secureus.se\/dk\/wp-json\/wp\/v2\/product\/57109","targetHints":{"allow":["GET"]}}],"collection":[{"href":"https:\/\/secureus.se\/dk\/wp-json\/wp\/v2\/product"}],"about":[{"href":"https:\/\/secureus.se\/dk\/wp-json\/wp\/v2\/types\/product"}],"wp:featuredmedia":[{"embeddable":true,"href":"https:\/\/secureus.se\/dk\/wp-json\/wp\/v2\/media\/145206"}],"wp:attachment":[{"href":"https:\/\/secureus.se\/dk\/wp-json\/wp\/v2\/media?parent=57109"}],"wp:term":[{"taxonomy":"product_brand","embeddable":true,"href":"https:\/\/secureus.se\/dk\/wp-json\/wp\/v2\/product_brand?post=57109"},{"taxonomy":"product_cat","embeddable":true,"href":"https:\/\/secureus.se\/dk\/wp-json\/wp\/v2\/product_cat?post=57109"},{"taxonomy":"product_tag","embeddable":true,"href":"https:\/\/secureus.se\/dk\/wp-json\/wp\/v2\/product_tag?post=57109"}],"curies":[{"name":"wp","href":"https:\/\/api.w.org\/{rel}","templated":true}]}}