{"id":57110,"date":"2022-03-10T15:42:00","date_gmt":"2022-03-10T14:42:00","guid":{"rendered":"https:\/\/secureus.se\/produkt\/dsc-neo-knappsats-tradbunden-hs2lcdrf-med-powerg-transceiver-engelsk-text\/"},"modified":"2026-03-22T14:20:53","modified_gmt":"2026-03-22T13:20:53","slug":"dsc-hardwired-keypad-powerg-hs2lcdrf-eng","status":"publish","type":"product","link":"https:\/\/secureus.se\/dk\/dsc-hardwired-keypad-powerg-hs2lcdrf-eng\/","title":{"rendered":"DSC Hardwired tastatur PowerG HS2LCDRF Radio Underst\u00f8tter engelsk, fransk, italiensk, tysk, hollandsk og polsk."},"content":{"rendered":"<p><strong>DSC Hardwired tastatur PowerG HS2LCDRF<\/strong> er et avanceret kablet tastatur, der er perfekt til DSC NEO alarmsystemer.<\/p>\n<p>Dette tastatur er udstyret med et tydeligt LCD-display, der viser information p\u00e5 engelsk samt underst\u00f8ttelse af fem andre sprog: fransk, italiensk, tysk, hollandsk og polsk.<\/p>\n<p>Med en indbygget radiomodtager muligg\u00f8r HS2LCDRF tilslutning af tr\u00e5dl\u00f8se sensorer og andre NEO-produkter, hvilket giver stor fleksibilitet i installation og brug.<\/p>\n<p>Tastaturet har frit programmerbare tekster til sektioner og alarmomr\u00e5der og g\u00f8r det nemt at l\u00e6se h\u00e6ndelseshukommelsen direkte p\u00e5 displayet.<\/p>\n<p>Den har fem funktionstaster til genveje og tre n\u00f8dtaster for hurtig adgang til vigtige funktioner.<\/p>\n<p>Str\u00f8mforbruget er mellem 55 og 105 mA, hvilket g\u00f8r den energieffektiv.<\/p>\n<p>Derudover tilbyder tastaturet intuitive programmeringsmuligheder og et brugervenligt design, hvilket g\u00f8r det til en ideel l\u00f8sning for b\u00e5de hjem og virksomheder, der leder efter p\u00e5lidelig og fleksibel sikkerhed.<\/p>","protected":false},"excerpt":{"rendered":"<p>DSC Hardwired Keypad PowerG HS2LCDRF er et kablet tastatur med radio, underst\u00f8tter engelsk og fem sprog, og tilbyder fleksible sikkerhedsl\u00f8sninger til NEO alarmsystemet.<\/p>","protected":false},"featured_media":145220,"template":"","meta":{"_acf_changed":false},"product_brand":[],"product_cat":[3329,1322],"product_tag":[3311,3028,3029],"class_list":{"0":"post-57110","1":"product","2":"type-product","3":"status-publish","4":"has-post-thumbnail","6":"product_cat-knappsats-kod","7":"product_cat-dsc-larm-neo-power-hybridlarm","8":"product_tag-dsc-neo-svensk-manual","9":"product_tag-neo-knappsats-manoverpaneler","10":"product_tag-neo-dsc-knappsats-manoverpaneler","11":"product_shipping_class-postnord-varubrev","12":"pa_brands-4dsc","13":"pa_dsc-neo-hybridlarm-knappsatser","14":"tm-has-options","16":"first","17":"instock","18":"sale","19":"featured","20":"taxable","21":"shipping-taxable","22":"purchasable","23":"product-type-simple"},"acf":[],"_links":{"self":[{"href":"https:\/\/secureus.se\/dk\/wp-json\/wp\/v2\/product\/57110","targetHints":{"allow":["GET"]}}],"collection":[{"href":"https:\/\/secureus.se\/dk\/wp-json\/wp\/v2\/product"}],"about":[{"href":"https:\/\/secureus.se\/dk\/wp-json\/wp\/v2\/types\/product"}],"wp:featuredmedia":[{"embeddable":true,"href":"https:\/\/secureus.se\/dk\/wp-json\/wp\/v2\/media\/145220"}],"wp:attachment":[{"href":"https:\/\/secureus.se\/dk\/wp-json\/wp\/v2\/media?parent=57110"}],"wp:term":[{"taxonomy":"product_brand","embeddable":true,"href":"https:\/\/secureus.se\/dk\/wp-json\/wp\/v2\/product_brand?post=57110"},{"taxonomy":"product_cat","embeddable":true,"href":"https:\/\/secureus.se\/dk\/wp-json\/wp\/v2\/product_cat?post=57110"},{"taxonomy":"product_tag","embeddable":true,"href":"https:\/\/secureus.se\/dk\/wp-json\/wp\/v2\/product_tag?post=57110"}],"curies":[{"name":"wp","href":"https:\/\/api.w.org\/{rel}","templated":true}]}}