{"id":57112,"date":"2022-03-10T15:42:00","date_gmt":"2022-03-10T14:42:00","guid":{"rendered":"https:\/\/secureus.se\/produkt\/kapsling-large-till-neo-multi-80-va-trafo\/"},"modified":"2026-04-01T14:36:17","modified_gmt":"2026-04-01T12:36:17","slug":"dsc-kapsling-multi-80-va","status":"publish","type":"product","link":"https:\/\/secureus.se\/dk\/dsc-kapsling-multi-80-va\/","title":{"rendered":"Kapsling Multi (stor) med indbygget 80 VA Trafo Multi til DSC \u2013 Paradox og Risco AWO300"},"content":{"rendered":"<h1><strong>DSC kabinet Multi med indbygget 80 VA<\/strong> transformer er en robust og alsidig l\u00f8sning til alle alarm- og teleinstallationer.<\/h1>\n<p>Den er designet til at v\u00e6re kompatibel med Risco-, DSC NEO- og Paradox-systemer, hvilket g\u00f8r den til et fremragende valg for brugere, der leder efter en p\u00e5lidelig og sikker str\u00f8mforsyning.<\/p>\n<p>Huset er lavet af metalplade og tilbyder IP-beskyttelse (IP20), hvilket betyder, at det er beregnet til indend\u00f8rs brug.<\/p>\n<p>Transformatoren har en udgang p\u00e5 80 VA og leverer en str\u00f8m p\u00e5 op til 5 A med forskellige sp\u00e6ndinger (16VAC, 18VAC, 20VAC).<\/p>\n<p>Kabinettet rummer et 7Ah eller 17Ah batteri og har dimensioner p\u00e5 320 x 400 x 120 mm (\u00b1 2 mm). Den er ogs\u00e5 udstyret med en sabotagekontakt for at sikre yderligere beskyttelse mod uautoriseret adgang. Skabet kan monteres p\u00e5 overfladen, hvilket letter installation i forskellige milj\u00f8er.<\/p>\n<p><strong>Teknisk specifikation:<\/strong><\/p>\n<ul>\n<li><strong>Str\u00f8m:<\/strong> 5A \/ 16VAC, 4,5A \/ 18VAC, 4A \/ 20VAC<\/li>\n<li><strong>Batterikapacitet:<\/strong> 1 x 7Ah \/ 1 x 17Ah<\/li>\n<li><strong>M\u00e5le:<\/strong> 320 x 400 x 120 mm (+\/- 2 mm)<\/li>\n<li><strong>Materiale:<\/strong> Plade<\/li>\n<li><strong>IP beskyttelse:<\/strong> IP 20 (indend\u00f8rs installation)<\/li>\n<\/ul>\n<p>Skabet er en effektiv og sikker l\u00f8sning til installationer, der kr\u00e6ver h\u00f8j kvalitet og p\u00e5lidelighed.<\/p>\n<p>Det er en del af DSC&#039;s forpligtelse til at tilbyde overlegne sikkerhedsl\u00f8sninger til b\u00e5de hjem og virksomheder.<\/p>","protected":false},"excerpt":{"rendered":"<p>DSC Enclosure Multi er et stort kabinet med en indbygget 80 VA transformer, ideel til DSC, Paradox og Risco installationer.<\/p>\n<p>Den tilbyder p\u00e5lidelig str\u00f8mforsyning og er perfekt til b\u00e5de alarm- og telekommunikationsinstallationer.<\/p>","protected":false},"featured_media":145079,"template":"","meta":{"_acf_changed":false},"product_brand":[],"product_cat":[3323,1322],"product_tag":[3311,3022],"class_list":{"0":"post-57112","1":"product","2":"type-product","3":"status-publish","4":"has-post-thumbnail","6":"product_cat-kapsling","7":"product_cat-dsc-larm-neo-power-hybridlarm","8":"product_tag-dsc-neo-svensk-manual","9":"product_tag-neo-central-kapslingar","10":"product_shipping_class-postnord-varubrev","11":"pa_brands-pulsar","12":"pa_dsc-neo-hybridlarm-kapslingar-boxar","13":"tm-has-options","15":"first","16":"instock","17":"sale","18":"featured","19":"taxable","20":"shipping-taxable","21":"purchasable","22":"product-type-simple"},"acf":[],"_links":{"self":[{"href":"https:\/\/secureus.se\/dk\/wp-json\/wp\/v2\/product\/57112","targetHints":{"allow":["GET"]}}],"collection":[{"href":"https:\/\/secureus.se\/dk\/wp-json\/wp\/v2\/product"}],"about":[{"href":"https:\/\/secureus.se\/dk\/wp-json\/wp\/v2\/types\/product"}],"wp:featuredmedia":[{"embeddable":true,"href":"https:\/\/secureus.se\/dk\/wp-json\/wp\/v2\/media\/145079"}],"wp:attachment":[{"href":"https:\/\/secureus.se\/dk\/wp-json\/wp\/v2\/media?parent=57112"}],"wp:term":[{"taxonomy":"product_brand","embeddable":true,"href":"https:\/\/secureus.se\/dk\/wp-json\/wp\/v2\/product_brand?post=57112"},{"taxonomy":"product_cat","embeddable":true,"href":"https:\/\/secureus.se\/dk\/wp-json\/wp\/v2\/product_cat?post=57112"},{"taxonomy":"product_tag","embeddable":true,"href":"https:\/\/secureus.se\/dk\/wp-json\/wp\/v2\/product_tag?post=57112"}],"curies":[{"name":"wp","href":"https:\/\/api.w.org\/{rel}","templated":true}]}}