{"id":57147,"date":"2022-03-10T15:28:00","date_gmt":"2022-03-10T14:28:00","guid":{"rendered":"https:\/\/secureus.se\/produkt\/nyckelband-employee-sakerhetsspanne-j-klamma-i-plast-100-pack\/"},"modified":"2025-12-31T19:53:13","modified_gmt":"2025-12-31T18:53:13","slug":"nyckelband-employee-sakerhetsspanne-j-klamma-i-plast-100-pack","status":"publish","type":"product","link":"https:\/\/secureus.se\/dk\/nyckelband-employee-sakerhetsspanne-j-klamma-i-plast-100-pack\/","title":{"rendered":"N\u00f8glering Medarbejder Bl\u00e5 Sikkerhedssp\u00e6nde J-clips i plast 100-pak"},"content":{"rendered":"<div>\n<div id=\"Product-Description\">\n<p>Rem 15 mm &quot;medarbejder&quot; sikkerhedssp\u00e6nde og J-klemme (100-pak)<\/p>\n<p>15 mm snor med f\u00e6rdig hvid tekst &quot;Medarbejder&quot;<\/p>\n<p>&nbsp;<\/p>\n<\/div>\n<\/div>","protected":false},"excerpt":{"rendered":"<p>Snor 15 mm \u201cEmployee\u201d Sikkerhedssp\u00e6nde og J-clip (100-pak) 15 mm lanyard med f\u00e6rdig hvid tekst \u201cEmployee\u201d &nbsp;<\/p>","protected":false},"featured_media":145430,"template":"","meta":{"_acf_changed":false},"product_brand":[],"product_cat":[1875],"product_tag":[4360,4352,2958],"class_list":{"0":"post-57147","1":"product","2":"type-product","3":"status-publish","4":"has-post-thumbnail","6":"product_cat-nyckelband","7":"product_tag-15mm","8":"product_tag-blaa-nyckelband","9":"product_tag-stonehouse-produkt","10":"product_shipping_class-tunga-paket","11":"pa_brands-stonehouse-security","12":"pa_farg-bla","13":"pa_farg-nyckelband-bla","14":"pa_rfid-tillbehor-nyckelband-halsband","15":"tm-no-options","17":"first","18":"instock","19":"sale","20":"featured","21":"taxable","22":"shipping-taxable","23":"purchasable","24":"product-type-simple"},"acf":[],"_links":{"self":[{"href":"https:\/\/secureus.se\/dk\/wp-json\/wp\/v2\/product\/57147","targetHints":{"allow":["GET"]}}],"collection":[{"href":"https:\/\/secureus.se\/dk\/wp-json\/wp\/v2\/product"}],"about":[{"href":"https:\/\/secureus.se\/dk\/wp-json\/wp\/v2\/types\/product"}],"wp:featuredmedia":[{"embeddable":true,"href":"https:\/\/secureus.se\/dk\/wp-json\/wp\/v2\/media\/145430"}],"wp:attachment":[{"href":"https:\/\/secureus.se\/dk\/wp-json\/wp\/v2\/media?parent=57147"}],"wp:term":[{"taxonomy":"product_brand","embeddable":true,"href":"https:\/\/secureus.se\/dk\/wp-json\/wp\/v2\/product_brand?post=57147"},{"taxonomy":"product_cat","embeddable":true,"href":"https:\/\/secureus.se\/dk\/wp-json\/wp\/v2\/product_cat?post=57147"},{"taxonomy":"product_tag","embeddable":true,"href":"https:\/\/secureus.se\/dk\/wp-json\/wp\/v2\/product_tag?post=57147"}],"curies":[{"name":"wp","href":"https:\/\/api.w.org\/{rel}","templated":true}]}}