{"id":57158,"date":"2022-03-10T15:28:00","date_gmt":"2022-03-10T14:28:00","guid":{"rendered":"https:\/\/secureus.se\/produkt\/nyckelband-15-mm-visitor-sakerhetsspanne-j-klamma-i-plast-100-pack-farg-bla\/"},"modified":"2025-12-31T19:40:05","modified_gmt":"2025-12-31T18:40:05","slug":"nyckelband-15-mm-visitor-sakerhetsspanne-j-klamma-i-plast-100-pack-farg-bla","status":"publish","type":"product","link":"https:\/\/secureus.se\/dk\/nyckelband-15-mm-visitor-sakerhetsspanne-j-klamma-i-plast-100-pack-farg-bla\/","title":{"rendered":"N\u00f8glering 15 mm Visitor Blue Sikkerhedssp\u00e6nde Plastik J-clip 100-pak"},"content":{"rendered":"<p>N\u00f8glering 15 mm &quot;Visitor&quot; sikkerhedssp\u00e6nde og J-clips i plast (100-pak)<\/p>\n<p>15 mm snor med f\u00e6rdig hvid tekst &#039;VISITOR&#039;<\/p>","protected":false},"excerpt":{"rendered":"<p>N\u00f8glesnor 15 mm &quot;Visitor&quot; Sikkerhedssp\u00e6nde og J-clips i plast (100-pak) 15 mm snor med f\u00e6rdig hvid tekst &#039;VISITOR&#039;<\/p>","protected":false},"featured_media":145441,"template":"","meta":{"_acf_changed":false},"product_brand":[],"product_cat":[1875],"product_tag":[4360,4352,2958],"class_list":{"0":"post-57158","1":"product","2":"type-product","3":"status-publish","4":"has-post-thumbnail","6":"product_cat-nyckelband","7":"product_tag-15mm","8":"product_tag-blaa-nyckelband","9":"product_tag-stonehouse-produkt","10":"product_shipping_class-tunga-paket","11":"pa_brands-stonehouse-security","12":"pa_farg-bla","13":"pa_farg-nyckelband-bla","14":"pa_rfid-tillbehor-nyckelband-halsband","15":"tm-no-options","17":"first","18":"instock","19":"sale","20":"featured","21":"taxable","22":"shipping-taxable","23":"purchasable","24":"product-type-simple"},"acf":[],"_links":{"self":[{"href":"https:\/\/secureus.se\/dk\/wp-json\/wp\/v2\/product\/57158","targetHints":{"allow":["GET"]}}],"collection":[{"href":"https:\/\/secureus.se\/dk\/wp-json\/wp\/v2\/product"}],"about":[{"href":"https:\/\/secureus.se\/dk\/wp-json\/wp\/v2\/types\/product"}],"wp:featuredmedia":[{"embeddable":true,"href":"https:\/\/secureus.se\/dk\/wp-json\/wp\/v2\/media\/145441"}],"wp:attachment":[{"href":"https:\/\/secureus.se\/dk\/wp-json\/wp\/v2\/media?parent=57158"}],"wp:term":[{"taxonomy":"product_brand","embeddable":true,"href":"https:\/\/secureus.se\/dk\/wp-json\/wp\/v2\/product_brand?post=57158"},{"taxonomy":"product_cat","embeddable":true,"href":"https:\/\/secureus.se\/dk\/wp-json\/wp\/v2\/product_cat?post=57158"},{"taxonomy":"product_tag","embeddable":true,"href":"https:\/\/secureus.se\/dk\/wp-json\/wp\/v2\/product_tag?post=57158"}],"curies":[{"name":"wp","href":"https:\/\/api.w.org\/{rel}","templated":true}]}}