{"id":57195,"date":"2022-03-10T15:27:00","date_gmt":"2022-03-10T14:27:00","guid":{"rendered":"https:\/\/secureus.se\/produkt\/ensidig-eko-serie-id-korthallare-liggande-for-cr80-kort-100-pack-farg-rod\/"},"modified":"2026-01-02T12:19:41","modified_gmt":"2026-01-02T11:19:41","slug":"id-korthallare-passerkortshallare-rod-enkel-liggande-100-pack","status":"publish","type":"product","link":"https:\/\/secureus.se\/dk\/id-korthallare-passerkortshallare-rod-enkel-liggande-100-pack\/","title":{"rendered":"Kortholder til adgangskort \/ ID-kort \u2013 Eko BioBadge CR80 Landskabsfarvet, Enkeltsidet, R\u00f8d (100-pak)"},"content":{"rendered":"<div id=\"Product-Description\">\n<p>Vores r\u00f8de enkeltsidede ID-kortholder i liggende format er et praktisk og milj\u00f8venligt alternativ, lavet af oxo-nedbrydelig plast. Det robuste design med formst\u00f8bte kanter forhindrer kort i at b\u00f8je eller revne, hvilket reducerer behovet for at udskifte kort og sparer b\u00e5de tid og penge.<\/p>\n<ul>\n<li><strong>S\u00e6lges i pakker af 100 stk<\/strong><\/li>\n<li><strong>M\u00e5le:<\/strong> 86 x 54 mm<\/li>\n<li><strong>Passer til kort i standard CR80-st\u00f8rrelse<\/strong><\/li>\n<li><strong>Enkeltsidet design til klar kortpr\u00e6sentation<\/strong><\/li>\n<li>Perfekt til ID-kort, adgangskort og andre kort i samme format.<\/li>\n<\/ul>\n<p>Et farverigt og milj\u00f8bevidst valg til arbejdspladser, events og andre milj\u00f8er, hvor ID og adgangskort bruges flittigt.<\/p>\n<p>Kontakt os for flere farver og muligheder!<\/p>\n<\/div>","protected":false},"excerpt":{"rendered":"<p>R\u00f8d enkeltsidet ID-kortholder i liggende format, lavet af oxo-nedbrydelig plast. Passer til standardkort i CR80 st\u00f8rrelse (86\u00d754 mm). Leveres i pakker af 100 stk.<\/p>","protected":false},"featured_media":145636,"template":"","meta":{"_acf_changed":false},"product_brand":[],"product_cat":[4886,1667],"product_tag":[4523,2847,4524,2958],"class_list":{"0":"post-57195","1":"product","2":"type-product","3":"status-publish","4":"has-post-thumbnail","6":"product_cat-enkelsidig-liggande-korthallare","7":"product_cat-korthallare-passerkort-idkort","8":"product_tag-enkelsidig-korthallare","9":"product_tag-korthallare-liggande-eko","10":"product_tag-liggande-korthallare","11":"product_tag-stonehouse-produkt","12":"product_shipping_class-tunga-paket","13":"pa_brands-stonehouse-security","14":"pa_farg-rod","15":"pa_rfid-tillbehor-korthallare","16":"tm-no-options","18":"first","19":"instock","20":"sale","21":"taxable","22":"shipping-taxable","23":"purchasable","24":"product-type-simple"},"acf":[],"_links":{"self":[{"href":"https:\/\/secureus.se\/dk\/wp-json\/wp\/v2\/product\/57195","targetHints":{"allow":["GET"]}}],"collection":[{"href":"https:\/\/secureus.se\/dk\/wp-json\/wp\/v2\/product"}],"about":[{"href":"https:\/\/secureus.se\/dk\/wp-json\/wp\/v2\/types\/product"}],"wp:featuredmedia":[{"embeddable":true,"href":"https:\/\/secureus.se\/dk\/wp-json\/wp\/v2\/media\/145636"}],"wp:attachment":[{"href":"https:\/\/secureus.se\/dk\/wp-json\/wp\/v2\/media?parent=57195"}],"wp:term":[{"taxonomy":"product_brand","embeddable":true,"href":"https:\/\/secureus.se\/dk\/wp-json\/wp\/v2\/product_brand?post=57195"},{"taxonomy":"product_cat","embeddable":true,"href":"https:\/\/secureus.se\/dk\/wp-json\/wp\/v2\/product_cat?post=57195"},{"taxonomy":"product_tag","embeddable":true,"href":"https:\/\/secureus.se\/dk\/wp-json\/wp\/v2\/product_tag?post=57195"}],"curies":[{"name":"wp","href":"https:\/\/api.w.org\/{rel}","templated":true}]}}