{"id":57199,"date":"2022-03-10T15:27:00","date_gmt":"2022-03-10T14:27:00","guid":{"rendered":"https:\/\/secureus.se\/produkt\/ensidig-eko-serie-id-korthallare-liggande-for-cr80-kort-100-pack-farg-vit\/"},"modified":"2025-12-31T19:51:00","modified_gmt":"2025-12-31T18:51:00","slug":"id-korthallare-passerkortshallare-transparent-enkel-liggande-100-pack","status":"publish","type":"product","link":"https:\/\/secureus.se\/dk\/id-korthallare-passerkortshallare-transparent-enkel-liggande-100-pack\/","title":{"rendered":"Kortholder til adgangskort \/ ID-kort \u2013 Eko BioBadge CR80 Landskabsfarvet, Enkeltsidet, Transparent (100-pak)"},"content":{"rendered":"<div id=\"Product-Description\">\n<p>Vores gennemsigtige enkeltsidede landskabs-id-kortholder er et b\u00e6redygtigt valg lavet af oxo-nedbrydelig plast, der hj\u00e6lper virksomheder med at reducere deres CO2-fodaftryk. Kortholderens smarte design med formst\u00f8bte kanter beskytter kortene mod at b\u00f8je eller revne, hvilket reducerer behovet for at udskifte kortene og sparer b\u00e5de tid og penge.<\/p>\n<ul>\n<li><strong>S\u00e6lges i pakker af 100 stk<\/strong><\/li>\n<li><strong>M\u00e5le:<\/strong> 86 x 54 mm<\/li>\n<li><strong>Passer til kort i standard CR80-st\u00f8rrelse<\/strong><\/li>\n<li><strong>Enkeltsidet for enkel og overskuelig kortvisning<\/strong><\/li>\n<li>Perfekt til ID-kort, adgangskort og andre kort i samme format.<\/li>\n<\/ul>\n<p>En glimrende mulighed for kontorer, events og andre milj\u00f8er, hvor kort og adgangskort bruges hyppigt.<\/p>\n<p>Kontakt os for flere farver og modeller! Kombiner med vores <strong>snor<\/strong> for en komplet l\u00f8sning!<\/p>\n<\/div>","protected":false},"excerpt":{"rendered":"<p>Gennemsigtig enkeltsidet ID-kortholder i liggende format, lavet af oxo-nedbrydelig plast. Perfekt til at vise standard pass-kort i CR80-st\u00f8rrelse (86x54 mm). Leveres i pakker af 100 stk.<\/p>","protected":false},"featured_media":145468,"template":"","meta":{"_acf_changed":false},"product_brand":[],"product_cat":[4886,1667],"product_tag":[4523,2847,4524,2958,4525],"class_list":{"0":"post-57199","1":"product","2":"type-product","3":"status-publish","4":"has-post-thumbnail","6":"product_cat-enkelsidig-liggande-korthallare","7":"product_cat-korthallare-passerkort-idkort","8":"product_tag-enkelsidig-korthallare","9":"product_tag-korthallare-liggande-eko","10":"product_tag-liggande-korthallare","11":"product_tag-stonehouse-produkt","12":"product_tag-transparent-korthallare","13":"product_shipping_class-tunga-paket","14":"pa_brands-stonehouse-security","15":"pa_farg-transparent","16":"pa_rfid-tillbehor-korthallare","17":"tm-no-options","19":"first","20":"instock","21":"sale","22":"taxable","23":"shipping-taxable","24":"purchasable","25":"product-type-simple"},"acf":[],"_links":{"self":[{"href":"https:\/\/secureus.se\/dk\/wp-json\/wp\/v2\/product\/57199","targetHints":{"allow":["GET"]}}],"collection":[{"href":"https:\/\/secureus.se\/dk\/wp-json\/wp\/v2\/product"}],"about":[{"href":"https:\/\/secureus.se\/dk\/wp-json\/wp\/v2\/types\/product"}],"wp:featuredmedia":[{"embeddable":true,"href":"https:\/\/secureus.se\/dk\/wp-json\/wp\/v2\/media\/145468"}],"wp:attachment":[{"href":"https:\/\/secureus.se\/dk\/wp-json\/wp\/v2\/media?parent=57199"}],"wp:term":[{"taxonomy":"product_brand","embeddable":true,"href":"https:\/\/secureus.se\/dk\/wp-json\/wp\/v2\/product_brand?post=57199"},{"taxonomy":"product_cat","embeddable":true,"href":"https:\/\/secureus.se\/dk\/wp-json\/wp\/v2\/product_cat?post=57199"},{"taxonomy":"product_tag","embeddable":true,"href":"https:\/\/secureus.se\/dk\/wp-json\/wp\/v2\/product_tag?post=57199"}],"curies":[{"name":"wp","href":"https:\/\/api.w.org\/{rel}","templated":true}]}}