{"id":57227,"date":"2022-03-10T15:27:00","date_gmt":"2022-03-10T14:27:00","guid":{"rendered":"https:\/\/secureus.se\/produkt\/ensidig-eko-serie-id-korthallare-staende-for-cr80-kort-100-pack-farg-svart\/"},"modified":"2026-04-13T15:13:15","modified_gmt":"2026-04-13T13:13:15","slug":"id-korthallare-passerkortshallare-svart-enkel-staende-100-pack","status":"publish","type":"product","link":"https:\/\/secureus.se\/dk\/id-korthallare-passerkortshallare-svart-enkel-staende-100-pack\/","title":{"rendered":"Kortholder til adgangskort \/ ID-kort \u2013 Eko BioBadge CR80 Vertikal, Enkeltsidet, Sort (100-pak)"},"content":{"rendered":"<p>Den sorte enkeltsidede ID-kortholder i portr\u00e6tformat er en holdbar og milj\u00f8venlig mulighed for visning af ID-kort, adgangskort og andre vigtige kort. Denne kortholder er lavet af oxo-nedbrydelig plast og hj\u00e6lper med at reducere CO2-fodaftrykket uden at g\u00e5 p\u00e5 kompromis med kvalitet eller funktionalitet.<\/p>\n<ul>\n<li><strong>S\u00e6lges i pakker af 100 stk<\/strong><\/li>\n<li><strong>M\u00e5le:<\/strong> 86 x 54 mm<\/li>\n<li><strong>Passer til kort i standard CR80-st\u00f8rrelse<\/strong><\/li>\n<li><strong>Enkeltsidet design til klar og sikker kortpr\u00e6sentation<\/strong><\/li>\n<li>St\u00f8bte kanter beskytter kort mod at b\u00f8je og revne<\/li>\n<\/ul>\n<p>Perfekt til arbejdspladser, events og andre milj\u00f8er, hvor der kr\u00e6ves en praktisk og holdbar kortholder. Tr\u00e6f et milj\u00f8bevidst valg uden at g\u00e5 p\u00e5 kompromis med funktionaliteten.<\/p>\n<p><strong>V\u00e6lg denne holdbare og milj\u00f8venlige kortholder til dine behov i dag!<\/strong><\/p>","protected":false},"excerpt":{"rendered":"<p>Sort enkeltsidet ID-kortholder i portr\u00e6tformat, lavet af oxo-nedbrydelig plast. Passer til standardkort i CR80 st\u00f8rrelse (86\u00d754 mm). Leveres i pakker af 100 stk.<\/p>","protected":false},"featured_media":145229,"template":"","meta":{"_acf_changed":false},"product_brand":[],"product_cat":[4888,1667],"product_tag":[4523,2869,2851,4526],"class_list":{"0":"post-57227","1":"product","2":"type-product","3":"status-publish","4":"has-post-thumbnail","6":"product_cat-enkelsidig-staende-korthallare","7":"product_cat-korthallare-passerkort-idkort","8":"product_tag-enkelsidig-korthallare","9":"product_tag-korthallare-staende","10":"product_tag-korthallare-staende-eko","11":"product_tag-svart-korthallare","12":"product_shipping_class-tunga-paket","13":"pa_brands-stonehouse-security","14":"pa_farg-svart","15":"pa_rfid-tillbehor-korthallare","16":"tm-no-options","18":"first","19":"instock","20":"sale","21":"taxable","22":"shipping-taxable","23":"purchasable","24":"product-type-simple"},"acf":[],"_links":{"self":[{"href":"https:\/\/secureus.se\/dk\/wp-json\/wp\/v2\/product\/57227","targetHints":{"allow":["GET"]}}],"collection":[{"href":"https:\/\/secureus.se\/dk\/wp-json\/wp\/v2\/product"}],"about":[{"href":"https:\/\/secureus.se\/dk\/wp-json\/wp\/v2\/types\/product"}],"wp:featuredmedia":[{"embeddable":true,"href":"https:\/\/secureus.se\/dk\/wp-json\/wp\/v2\/media\/145229"}],"wp:attachment":[{"href":"https:\/\/secureus.se\/dk\/wp-json\/wp\/v2\/media?parent=57227"}],"wp:term":[{"taxonomy":"product_brand","embeddable":true,"href":"https:\/\/secureus.se\/dk\/wp-json\/wp\/v2\/product_brand?post=57227"},{"taxonomy":"product_cat","embeddable":true,"href":"https:\/\/secureus.se\/dk\/wp-json\/wp\/v2\/product_cat?post=57227"},{"taxonomy":"product_tag","embeddable":true,"href":"https:\/\/secureus.se\/dk\/wp-json\/wp\/v2\/product_tag?post=57227"}],"curies":[{"name":"wp","href":"https:\/\/api.w.org\/{rel}","templated":true}]}}