{"id":57228,"date":"2022-03-10T15:27:00","date_gmt":"2022-03-10T14:27:00","guid":{"rendered":"https:\/\/secureus.se\/produkt\/dubbelsidig-eko-serie-id-korthallare-staende-for-cr80-kort-100-pack-farg-genomskinlig\/"},"modified":"2025-12-31T19:44:01","modified_gmt":"2025-12-31T18:44:01","slug":"id-korthallare-passerkortshallare-transparent-dubbel-staende-100-pack","status":"publish","type":"product","link":"https:\/\/secureus.se\/dk\/id-korthallare-passerkortshallare-transparent-dubbel-staende-100-pack\/","title":{"rendered":"Kortholder til adgangskort \/ ID-kort \u2013 Eko BioBadge CR80 Vertikal, Dobbeltsidet, Transparent (100-pak)"},"content":{"rendered":"<div id=\"Product-Description\">\n<p>Den gennemsigtige dobbeltsidede ID-kortholder i portr\u00e6tformat er det perfekte valg til sikker og holdbar pr\u00e6sentation af ID-kort, paskort og andre vigtige kort. Denne kortholder er lavet af oxo-nedbrydelig plast og hj\u00e6lper med at reducere CO2-aftrykket og tilbyder samtidig den h\u00f8jeste kvalitet og funktionalitet.<\/p>\n<ul>\n<li><strong>S\u00e6lges i pakker af 100 stk<\/strong><\/li>\n<li><strong>M\u00e5le:<\/strong> 86 x 54 mm<\/li>\n<li><strong>Passer til kort i standard CR80-st\u00f8rrelse<\/strong><\/li>\n<li><strong>Dobbelt design til fleksibel brug p\u00e5 begge sider<\/strong><\/li>\n<li>Formst\u00f8bte kanter, der mindsker risikoen for korte b\u00f8jninger og revner<\/li>\n<\/ul>\n<p>Denne milj\u00f8venlige kortholder er ideel til arbejdspladser, events og andre sammenh\u00e6nge, hvor b\u00e6redygtighed og funktionalitet er prioriteret. Hold dine kort beskyttede og synlige, mens du tr\u00e6ffer et bevidst valg for milj\u00f8et.<\/p>\n<p><strong>Bestil din gennemsigtige dobbeltsidede kortholder i dag!<\/strong><\/p>\n<\/div>","protected":false},"excerpt":{"rendered":"<p>Transparent dobbeltsidet ID-kortholder i portr\u00e6tformat, fremstillet af oxo-nedbrydelig plast. Passer til standardkort i st\u00f8rrelsen CR80 (86\u00d754 mm). Leveres i pakker af 100 stk.<\/p>","protected":false},"featured_media":145337,"template":"","meta":{"_acf_changed":false},"product_brand":[],"product_cat":[1667,4887],"product_tag":[4528,2869,2851,2958,4525],"class_list":{"0":"post-57228","1":"product","2":"type-product","3":"status-publish","4":"has-post-thumbnail","6":"product_cat-korthallare-passerkort-idkort","7":"product_cat-dubbelsidig-staende-korthallare","8":"product_tag-dubbelsidig-korthallare","9":"product_tag-korthallare-staende","10":"product_tag-korthallare-staende-eko","11":"product_tag-stonehouse-produkt","12":"product_tag-transparent-korthallare","13":"product_shipping_class-tunga-paket","14":"pa_brands-stonehouse-security","15":"pa_farg-transparent","16":"pa_rfid-tillbehor-korthallare","17":"tm-no-options","19":"first","20":"instock","21":"sale","22":"taxable","23":"shipping-taxable","24":"purchasable","25":"product-type-simple"},"acf":[],"_links":{"self":[{"href":"https:\/\/secureus.se\/dk\/wp-json\/wp\/v2\/product\/57228","targetHints":{"allow":["GET"]}}],"collection":[{"href":"https:\/\/secureus.se\/dk\/wp-json\/wp\/v2\/product"}],"about":[{"href":"https:\/\/secureus.se\/dk\/wp-json\/wp\/v2\/types\/product"}],"wp:featuredmedia":[{"embeddable":true,"href":"https:\/\/secureus.se\/dk\/wp-json\/wp\/v2\/media\/145337"}],"wp:attachment":[{"href":"https:\/\/secureus.se\/dk\/wp-json\/wp\/v2\/media?parent=57228"}],"wp:term":[{"taxonomy":"product_brand","embeddable":true,"href":"https:\/\/secureus.se\/dk\/wp-json\/wp\/v2\/product_brand?post=57228"},{"taxonomy":"product_cat","embeddable":true,"href":"https:\/\/secureus.se\/dk\/wp-json\/wp\/v2\/product_cat?post=57228"},{"taxonomy":"product_tag","embeddable":true,"href":"https:\/\/secureus.se\/dk\/wp-json\/wp\/v2\/product_tag?post=57228"}],"curies":[{"name":"wp","href":"https:\/\/api.w.org\/{rel}","templated":true}]}}