{"id":57236,"date":"2022-03-10T15:27:00","date_gmt":"2022-03-10T14:27:00","guid":{"rendered":"https:\/\/secureus.se\/produkt\/dubbelsidig-eko-serie-id-korthallare-staende-for-cr80-kort-100-pack-farg-svart\/"},"modified":"2026-02-17T13:21:13","modified_gmt":"2026-02-17T12:21:13","slug":"id-korthallare-passerkortshallare-svart-dubbel-staende-100-pack","status":"publish","type":"product","link":"https:\/\/secureus.se\/dk\/id-korthallare-passerkortshallare-svart-dubbel-staende-100-pack\/","title":{"rendered":"Kortholder til adgangskort \/ ID-kort \u2013 Eko BioBadge CR80 Vertikal, Dobbeltsidet, Sort (100-pak)"},"content":{"rendered":"<div id=\"Product-Description\">\n<p>Den sorte dobbeltsidede ID-kortholder i portr\u00e6tformat er designet til at im\u00f8dekomme b\u00e5de holdbarheds- og sikkerhedsbehov. Fremstillet af oxo-nedbrydelig plast hj\u00e6lper det med at reducere CO2-fodaftrykket, samtidig med at det tilbyder robust og p\u00e5lidelig kvalitet.<\/p>\n<ul>\n<li><strong>S\u00e6lges i pakker af 100 stk<\/strong><\/li>\n<li><strong>M\u00e5le:<\/strong> 86 x 54 mm<\/li>\n<li><strong>Passer til kort i standard CR80-st\u00f8rrelse<\/strong><\/li>\n<li><strong>Dobbelt design til at vise og beskytte begge sider af kortet<\/strong><\/li>\n<li>St\u00f8bte kanter forhindrer kortets b\u00f8jning og revner, hvilket reducerer behovet for at udskifte kort<\/li>\n<\/ul>\n<p>Perfekt til brug p\u00e5 arbejdspladser, events og andre professionelle sammenh\u00e6nge. Det holdbare design kombinerer stil og funktionalitet for at sikre, at dine adgangskort, ID-kort og andre vigtige kort forbliver sikre og let tilg\u00e6ngelige.<\/p>\n<p><strong>Bestil din sorte dobbeltsidede kortholder i dag og tag et b\u00e6redygtigt valg!<\/strong><\/p>\n<\/div>","protected":false},"excerpt":{"rendered":"<p>Sort dobbeltsidet ID-kortholder i portr\u00e6tformat, lavet af oxo-nedbrydelig plast. Passer til standardkort i CR80 st\u00f8rrelse (86\u00d754 mm). Leveres i pakker af 100 stk.<\/p>","protected":false},"featured_media":145492,"template":"","meta":{"_acf_changed":false},"product_brand":[],"product_cat":[4887,1667],"product_tag":[4528,2869,2851,2958,4526],"class_list":{"0":"post-57236","1":"product","2":"type-product","3":"status-publish","4":"has-post-thumbnail","6":"product_cat-dubbelsidig-staende-korthallare","7":"product_cat-korthallare-passerkort-idkort","8":"product_tag-dubbelsidig-korthallare","9":"product_tag-korthallare-staende","10":"product_tag-korthallare-staende-eko","11":"product_tag-stonehouse-produkt","12":"product_tag-svart-korthallare","13":"product_shipping_class-tunga-paket","14":"pa_brands-stonehouse-security","15":"pa_farg-svart","16":"pa_rfid-tillbehor-korthallare","17":"tm-no-options","19":"first","20":"instock","21":"sale","22":"taxable","23":"shipping-taxable","24":"purchasable","25":"product-type-simple"},"acf":[],"_links":{"self":[{"href":"https:\/\/secureus.se\/dk\/wp-json\/wp\/v2\/product\/57236","targetHints":{"allow":["GET"]}}],"collection":[{"href":"https:\/\/secureus.se\/dk\/wp-json\/wp\/v2\/product"}],"about":[{"href":"https:\/\/secureus.se\/dk\/wp-json\/wp\/v2\/types\/product"}],"wp:featuredmedia":[{"embeddable":true,"href":"https:\/\/secureus.se\/dk\/wp-json\/wp\/v2\/media\/145492"}],"wp:attachment":[{"href":"https:\/\/secureus.se\/dk\/wp-json\/wp\/v2\/media?parent=57236"}],"wp:term":[{"taxonomy":"product_brand","embeddable":true,"href":"https:\/\/secureus.se\/dk\/wp-json\/wp\/v2\/product_brand?post=57236"},{"taxonomy":"product_cat","embeddable":true,"href":"https:\/\/secureus.se\/dk\/wp-json\/wp\/v2\/product_cat?post=57236"},{"taxonomy":"product_tag","embeddable":true,"href":"https:\/\/secureus.se\/dk\/wp-json\/wp\/v2\/product_tag?post=57236"}],"curies":[{"name":"wp","href":"https:\/\/api.w.org\/{rel}","templated":true}]}}