{"id":57237,"date":"2022-03-10T15:27:00","date_gmt":"2022-03-10T14:27:00","guid":{"rendered":"https:\/\/secureus.se\/produkt\/nyckelband-20-mm-sakerhetsspanne-och-spanne-av-metall-100-pack-farg-svart\/"},"modified":"2026-01-02T12:13:15","modified_gmt":"2026-01-02T11:13:15","slug":"nyckelband-20mm-svart-sakerhetsspanne-metallklamma-100-pack","status":"publish","type":"product","link":"https:\/\/secureus.se\/dk\/nyckelband-20mm-svart-sakerhetsspanne-metallklamma-100-pack\/","title":{"rendered":"N\u00f8glering 20 mm sort - sikkerhedssp\u00e6nde og metalclips - pakke med 100 stk"},"content":{"rendered":"<div id=\"Product-Description\">\n<p>Disse holdbare n\u00f8gleringe er lavet af genanvendt PET-materiale og har en bredde p\u00e5 20 mm og en l\u00e6ngde p\u00e5 90 cm. Med deres robuste konstruktion og flade sikkerhedssp\u00e6nde er de ideelle til sikker og komfortabel brug i b\u00e5de arbejdsmilj\u00f8er og events. Det indbyggede metalsp\u00e6nde g\u00f8r, at ID-kort, n\u00f8gleringe eller andre genstande nemt kan fastg\u00f8res og vises tydeligt.<\/p>\n<p><strong>Funktioner og fordele:<\/strong><\/p>\n<ul>\n<li><strong>Holdbart materiale:<\/strong> Genanvendt PET-materiale, der kombinerer milj\u00f8venlighed med lang levetid.<\/li>\n<li><strong>Sikkerhedssp\u00e6nde:<\/strong> Til sikker brug og nem fjernelse, n\u00e5r det er n\u00f8dvendigt.<\/li>\n<li><strong>Metal clips:<\/strong> Holdbar metaludl\u00f8serklemme til at holde genstande p\u00e5 plads.<\/li>\n<li><strong>Brugerdefinerede anvendelser:<\/strong> Perfekt til ID-kort, visitkort, n\u00f8gleringe, USB-sticks og mobiltelefoner.<\/li>\n<\/ul>\n<p><strong>Specifikationer:<\/strong><\/p>\n<ul>\n<li><strong>Bredde:<\/strong> 20 mm<\/li>\n<li><strong>L\u00e6ngde:<\/strong> 90 cm<\/li>\n<li><strong>Farver:<\/strong> Sort (f\u00e5s ogs\u00e5 i r\u00f8d, bl\u00e5 og hvid)<\/li>\n<li><strong>Emballage:<\/strong> S\u00e6lges i s\u00e6t af 100 stk<\/li>\n<\/ul>\n<p>Disse lanyards er et must for virksomheder, skoler og arrangementer, hvor sikkerhed og nem identifikation er en prioritet. Bestil i dag for at give dine medarbejdere eller g\u00e6ster en praktisk og p\u00e5lidelig l\u00f8sning!<\/p>\n<\/div>","protected":false},"excerpt":{"rendered":"<p>N\u00f8glering 20 mm i slidst\u00e6rkt genanvendt PET-materiale med sikkerhedssp\u00e6nde og metalclips. Perfekt til ID-kort, n\u00f8glebrikker og memory sticks. S\u00e6lges i pakker med 100 og 20 mm ogs\u00e5 tilg\u00e6ngelig i r\u00f8d, bl\u00e5 og hvid.<\/p>","protected":false},"featured_media":145162,"template":"","meta":{"_acf_changed":false},"product_brand":[],"product_cat":[1875],"product_tag":[4359,2958,4349],"class_list":{"0":"post-57237","1":"product","2":"type-product","3":"status-publish","4":"has-post-thumbnail","6":"product_cat-nyckelband","7":"product_tag-20mm","8":"product_tag-stonehouse-produkt","9":"product_tag-svart-nyckelband","10":"product_shipping_class-tunga-paket","11":"pa_brands-stonehouse-security","12":"pa_farg-svart","13":"pa_farg-nyckelband-svart","14":"pa_rfid-tillbehor-nyckelband-halsband","15":"tm-no-options","17":"first","18":"instock","19":"sale","20":"featured","21":"taxable","22":"shipping-taxable","23":"purchasable","24":"product-type-simple"},"acf":[],"_links":{"self":[{"href":"https:\/\/secureus.se\/dk\/wp-json\/wp\/v2\/product\/57237","targetHints":{"allow":["GET"]}}],"collection":[{"href":"https:\/\/secureus.se\/dk\/wp-json\/wp\/v2\/product"}],"about":[{"href":"https:\/\/secureus.se\/dk\/wp-json\/wp\/v2\/types\/product"}],"wp:featuredmedia":[{"embeddable":true,"href":"https:\/\/secureus.se\/dk\/wp-json\/wp\/v2\/media\/145162"}],"wp:attachment":[{"href":"https:\/\/secureus.se\/dk\/wp-json\/wp\/v2\/media?parent=57237"}],"wp:term":[{"taxonomy":"product_brand","embeddable":true,"href":"https:\/\/secureus.se\/dk\/wp-json\/wp\/v2\/product_brand?post=57237"},{"taxonomy":"product_cat","embeddable":true,"href":"https:\/\/secureus.se\/dk\/wp-json\/wp\/v2\/product_cat?post=57237"},{"taxonomy":"product_tag","embeddable":true,"href":"https:\/\/secureus.se\/dk\/wp-json\/wp\/v2\/product_tag?post=57237"}],"curies":[{"name":"wp","href":"https:\/\/api.w.org\/{rel}","templated":true}]}}