{"id":57240,"date":"2022-03-10T15:27:00","date_gmt":"2022-03-10T14:27:00","guid":{"rendered":"https:\/\/secureus.se\/produkt\/dubbelsidig-eko-serie-id-korthallare-liggande-for-cr80-kort-100-pack-farg-ljus-bla\/"},"modified":"2026-01-02T12:15:11","modified_gmt":"2026-01-02T11:15:11","slug":"dubbelsidig-eko-serie-id-korthallare-liggande-for-cr80-kort-100-pack-farg-ljus-bla","status":"publish","type":"product","link":"https:\/\/secureus.se\/dk\/dubbelsidig-eko-serie-id-korthallare-liggande-for-cr80-kort-100-pack-farg-ljus-bla\/","title":{"rendered":"Kortholder til adgangskort \/ ID-kort \u2013 Eko BioBadge CR80 Landskabsfarvet, Dobbeltsidet, Lysebl\u00e5 (100-pak)"},"content":{"rendered":"<div>\n<div id=\"Product-Description\">\n<p>Vores nye serie af \u00f8kologisk nedbrydelige enkeltsidede ID-kortholdere, disse er fremstillet af biologisk nedbrydelig plast.<\/p>\n<p>Disse kortholdere spiller en stor rolle i at hj\u00e6lpe os alle med at reducere vores CO2-fodaftryk.<\/p>\n<p>Det formst\u00f8bte kantdesign reducerer stress p\u00e5 kort og revner, hvilket resulterer i f\u00e6rre kortudstedelser, hvilket sparer dine kunder b\u00e5de tid og penge.<\/p>\n<p>86 mm x 54 mm<\/p>\n<p>Passer til standard CR80 kreditst\u00f8rrelse<\/p>\n<p>S\u00e6lges i pakker af 100 stk<\/p>\n<\/div>\n<\/div>","protected":false},"excerpt":{"rendered":"<p>Vores nye serie af \u00f8kologisk nedbrydelige enkeltsidede ID-kortholdere, disse er fremstillet af biologisk nedbrydelig plast. Disse kortholdere spiller en stor rolle i at hj\u00e6lpe os alle med at reducere vores CO2-fodaftryk. Det<\/p>","protected":false},"featured_media":145499,"template":"","meta":{"_acf_changed":false},"product_brand":[],"product_cat":[4885,1667],"product_tag":[2847,2958],"class_list":{"0":"post-57240","1":"product","2":"type-product","3":"status-publish","4":"has-post-thumbnail","6":"product_cat-dubbelsidig-liggande-korthallare","7":"product_cat-korthallare-passerkort-idkort","8":"product_tag-korthallare-liggande-eko","9":"product_tag-stonehouse-produkt","10":"product_shipping_class-tunga-paket","11":"pa_brands-stonehouse-security","12":"pa_farg-bla","13":"pa_rfid-tillbehor-korthallare","14":"tm-no-options","16":"first","17":"instock","18":"sale","19":"taxable","20":"shipping-taxable","21":"purchasable","22":"product-type-simple"},"acf":[],"_links":{"self":[{"href":"https:\/\/secureus.se\/dk\/wp-json\/wp\/v2\/product\/57240","targetHints":{"allow":["GET"]}}],"collection":[{"href":"https:\/\/secureus.se\/dk\/wp-json\/wp\/v2\/product"}],"about":[{"href":"https:\/\/secureus.se\/dk\/wp-json\/wp\/v2\/types\/product"}],"wp:featuredmedia":[{"embeddable":true,"href":"https:\/\/secureus.se\/dk\/wp-json\/wp\/v2\/media\/145499"}],"wp:attachment":[{"href":"https:\/\/secureus.se\/dk\/wp-json\/wp\/v2\/media?parent=57240"}],"wp:term":[{"taxonomy":"product_brand","embeddable":true,"href":"https:\/\/secureus.se\/dk\/wp-json\/wp\/v2\/product_brand?post=57240"},{"taxonomy":"product_cat","embeddable":true,"href":"https:\/\/secureus.se\/dk\/wp-json\/wp\/v2\/product_cat?post=57240"},{"taxonomy":"product_tag","embeddable":true,"href":"https:\/\/secureus.se\/dk\/wp-json\/wp\/v2\/product_tag?post=57240"}],"curies":[{"name":"wp","href":"https:\/\/api.w.org\/{rel}","templated":true}]}}