{"id":57241,"date":"2022-03-10T15:27:00","date_gmt":"2022-03-10T14:27:00","guid":{"rendered":"https:\/\/secureus.se\/produkt\/nyckelband-20-mm-sakerhetsspanne-och-spanne-av-metall-100-pack-farg-bla\/"},"modified":"2025-12-31T19:48:55","modified_gmt":"2025-12-31T18:48:55","slug":"nyckelband-20mm-bla-metallklamma-100-pack","status":"publish","type":"product","link":"https:\/\/secureus.se\/dk\/nyckelband-20mm-bla-metallklamma-100-pack\/","title":{"rendered":"N\u00f8glering 20 mm Bl\u00e5 - Sikkerhedssp\u00e6nde og Metalclips - 100-pak"},"content":{"rendered":"<div id=\"Product-Description\">\n<p>V\u00e6lg vores midnatsbl\u00e5 20 mm brede snore for en holdbar, professionel og praktisk l\u00f8sning til visning af ID-kort og adgangskort. Fremstillet af genbrugt PET-materiale og udstyret med b\u00e5de et sikkerhedssp\u00e6nde og en holdbar metalclips, kombinerer disse lanyards sikkerhed og milj\u00f8venlighed.<\/p>\n<ul>\n<li><strong>Milj\u00f8venligt materiale:<\/strong> Fremstillet af slidst\u00e6rkt, genanvendt PET-materiale.<\/li>\n<li><strong>Sikkerhedssp\u00e6nde:<\/strong> Til hurtig udl\u00f8sning ved behov, hvilket sikrer brugersikkerheden.<\/li>\n<li><strong>Metal clips:<\/strong> Holdbar metaludl\u00f8serclips til sikker fastg\u00f8relse af ID-kort, adgangskort og n\u00f8glebrikker.<\/li>\n<li><strong>Professionelt udseende:<\/strong> Den midnatsbl\u00e5 farve giver et stilrent og professionelt indtryk.<\/li>\n<li><strong>Alsidig brug:<\/strong> Perfekt til arbejdspladser, events og daglig brug. Velegnet til ID-kort, n\u00f8glebrikker, USB-sticks, visitkort og mobiltelefoner.<\/li>\n<\/ul>\n<p><strong>Specifikationer:<\/strong><\/p>\n<ul>\n<li><strong>Bredde:<\/strong> 20 mm<\/li>\n<li><strong>L\u00e6ngde:<\/strong> 90 cm<\/li>\n<li><strong>Materiale:<\/strong> Genanvendt PET-materiale<\/li>\n<li><strong>Farve:<\/strong> Midnatsbl\u00e5<\/li>\n<li><strong>Emballage:<\/strong> 100 stk pr pakke<\/li>\n<\/ul>\n<p>Holdbarhed og funktionalitet m\u00f8des i disse midnatsbl\u00e5 n\u00f8gleringe - en perfekt l\u00f8sning til sikker og stilfuld fremvisning af kort og pas.<\/p>\n<\/div>","protected":false},"excerpt":{"rendered":"<p>Bl\u00e5 snor i 20 mm bredde, lavet af genanvendt PET-materiale. Udstyret med metalclips og sikkerhedssp\u00e6nde. S\u00e6lges i pakker af 100 stk.<\/p>","protected":false},"featured_media":145170,"template":"","meta":{"_acf_changed":false},"product_brand":[],"product_cat":[1875],"product_tag":[4359,4352,2958],"class_list":{"0":"post-57241","1":"product","2":"type-product","3":"status-publish","4":"has-post-thumbnail","6":"product_cat-nyckelband","7":"product_tag-20mm","8":"product_tag-blaa-nyckelband","9":"product_tag-stonehouse-produkt","10":"product_shipping_class-tunga-paket","11":"pa_brands-stonehouse-security","12":"pa_farg-bla","13":"pa_farg-nyckelband-bla","14":"pa_rfid-tillbehor-nyckelband-halsband","15":"tm-no-options","17":"first","18":"instock","19":"sale","20":"featured","21":"taxable","22":"shipping-taxable","23":"purchasable","24":"product-type-simple"},"acf":[],"_links":{"self":[{"href":"https:\/\/secureus.se\/dk\/wp-json\/wp\/v2\/product\/57241","targetHints":{"allow":["GET"]}}],"collection":[{"href":"https:\/\/secureus.se\/dk\/wp-json\/wp\/v2\/product"}],"about":[{"href":"https:\/\/secureus.se\/dk\/wp-json\/wp\/v2\/types\/product"}],"wp:featuredmedia":[{"embeddable":true,"href":"https:\/\/secureus.se\/dk\/wp-json\/wp\/v2\/media\/145170"}],"wp:attachment":[{"href":"https:\/\/secureus.se\/dk\/wp-json\/wp\/v2\/media?parent=57241"}],"wp:term":[{"taxonomy":"product_brand","embeddable":true,"href":"https:\/\/secureus.se\/dk\/wp-json\/wp\/v2\/product_brand?post=57241"},{"taxonomy":"product_cat","embeddable":true,"href":"https:\/\/secureus.se\/dk\/wp-json\/wp\/v2\/product_cat?post=57241"},{"taxonomy":"product_tag","embeddable":true,"href":"https:\/\/secureus.se\/dk\/wp-json\/wp\/v2\/product_tag?post=57241"}],"curies":[{"name":"wp","href":"https:\/\/api.w.org\/{rel}","templated":true}]}}