{"id":57247,"date":"2022-03-10T15:26:00","date_gmt":"2022-03-10T14:26:00","guid":{"rendered":"https:\/\/secureus.se\/produkt\/nyckelband-eko-10-mm-sakerhetsspanne-hummerklamma-i-metall-100-pack-farg-violett\/"},"modified":"2026-01-02T12:11:28","modified_gmt":"2026-01-02T11:11:28","slug":"nyckelband-eko-10-mm-sakerhetsspanne-hummerklamma-i-metall-100-pack-farg-violett","status":"publish","type":"product","link":"https:\/\/secureus.se\/dk\/nyckelband-eko-10-mm-sakerhetsspanne-hummerklamma-i-metall-100-pack-farg-violett\/","title":{"rendered":"N\u00f8glering Eco Lilla 10 mm Sikkerhedssp\u00e6nde hummerl\u00e5s 100 stk"},"content":{"rendered":"<p>Deluxe r\u00f8d 10mm polyester rem med sikkerhedssp\u00e6nde fastg\u00f8relse &quot;hummer clip&quot; i metal.<\/p>\n<p>Leveres i pakker med 100 n\u00f8gler<\/p>\n<p>Sikkerhedssp\u00e6ndet giver \u00f8get sikkerhed ved at l\u00f8sne sig, n\u00e5r det tr\u00e6kkes eller fanges i f.eks. Maskiner.<\/p>\n<p>Snoren kan nemt s\u00e6ttes p\u00e5 igen efter afmontering.<\/p>\n<p>Perfekt til fremvisning af ID-kort, bes\u00f8gskort eller vedh\u00e6ftning af andre ting s\u00e5som mobiltelefoner, fl\u00f8jter, USB-sticks osv.<\/p>","protected":false},"excerpt":{"rendered":"<p>Deluxe r\u00f8d 10mm polyester rem med sikkerhedssp\u00e6nde fastg\u00f8relse &quot;hummer clip&quot; i metal. Leveres i pakker med 100 n\u00f8gler Sikkerhedssp\u00e6ndet giver \u00f8get sikkerhed ved at l\u00f8sne sig, n\u00e5r det tr\u00e6kkes eller fanges i<\/p>","protected":false},"featured_media":145583,"template":"","meta":{"_acf_changed":false},"product_brand":[],"product_cat":[1875],"product_tag":[4348,4355],"class_list":{"0":"post-57247","1":"product","2":"type-product","3":"status-publish","4":"has-post-thumbnail","6":"product_cat-nyckelband","7":"product_tag-10mm","8":"product_tag-lila-nyckelband","9":"product_shipping_class-tunga-paket","10":"pa_brands-stonehouse-security","11":"pa_farg-lila","12":"pa_farg-nyckelband-lila","13":"pa_rfid-tillbehor-nyckelband-halsband","14":"tm-no-options","16":"first","17":"instock","18":"sale","19":"featured","20":"taxable","21":"shipping-taxable","22":"purchasable","23":"product-type-simple"},"acf":[],"_links":{"self":[{"href":"https:\/\/secureus.se\/dk\/wp-json\/wp\/v2\/product\/57247","targetHints":{"allow":["GET"]}}],"collection":[{"href":"https:\/\/secureus.se\/dk\/wp-json\/wp\/v2\/product"}],"about":[{"href":"https:\/\/secureus.se\/dk\/wp-json\/wp\/v2\/types\/product"}],"wp:featuredmedia":[{"embeddable":true,"href":"https:\/\/secureus.se\/dk\/wp-json\/wp\/v2\/media\/145583"}],"wp:attachment":[{"href":"https:\/\/secureus.se\/dk\/wp-json\/wp\/v2\/media?parent=57247"}],"wp:term":[{"taxonomy":"product_brand","embeddable":true,"href":"https:\/\/secureus.se\/dk\/wp-json\/wp\/v2\/product_brand?post=57247"},{"taxonomy":"product_cat","embeddable":true,"href":"https:\/\/secureus.se\/dk\/wp-json\/wp\/v2\/product_cat?post=57247"},{"taxonomy":"product_tag","embeddable":true,"href":"https:\/\/secureus.se\/dk\/wp-json\/wp\/v2\/product_tag?post=57247"}],"curies":[{"name":"wp","href":"https:\/\/api.w.org\/{rel}","templated":true}]}}