{"id":57249,"date":"2022-03-10T15:26:00","date_gmt":"2022-03-10T14:26:00","guid":{"rendered":"https:\/\/secureus.se\/produkt\/jojo-mini-bla\/"},"modified":"2026-04-08T09:01:10","modified_gmt":"2026-04-08T07:01:10","slug":"utdragbar-nyckelring-med-jojo-och-clips-bla-30mm","status":"publish","type":"product","link":"https:\/\/secureus.se\/dk\/utdragbar-nyckelring-med-jojo-och-clips-bla-30mm\/","title":{"rendered":"Udtr\u00e6kkelig n\u00f8glering med yoyo og clips \u2013 Bl\u00e5 30 mm"},"content":{"rendered":"<p>Denne popul\u00e6re fleksible yo-yo er lavet af slidst\u00e6rkt ABS-plastik og kommer med en metaln\u00f8glering. Med en st\u00f8rrelse p\u00e5 30 mm i diameter og 10 mm i tykkelse er den kompakt, men alligevel robust, perfekt til daglig brug. Udstyret med en holdbar 60 cm ledning tilbyder den b\u00e5de bekvemmelighed og funktionalitet.<\/p>\n<h4>Funktioner og fordele:<\/h4>\n<ul>\n<li><strong>B\u00e6redygtigt design:<\/strong> Fremstillet af slidst\u00e6rkt ABS-plastik til langvarig brug.<\/li>\n<li><strong>St\u00e6rk b\u00e6lteclips:<\/strong> Stabil fastg\u00f8relsesanordning til sikker fastg\u00f8relse til b\u00e6lter, lommer eller tasker.<\/li>\n<li><strong>St\u00e6rk metal n\u00f8glering:<\/strong> Robust metal n\u00f8glering for ekstra holdbarhed.<\/li>\n<li><strong>Flere farvevalg:<\/strong> F\u00e5s i sort, gul, hvid, bl\u00e5 og gr\u00f8n, s\u00e5 den passer til din stil og behov.<\/li>\n<li><strong>Lang strengl\u00e6ngde:<\/strong> Udstyret med en 60 cm lang nylonsnor for nem adgang. Hvis du har brug for en l\u00e6ngere ledningsl\u00e6ngde, s\u00e5 tjek artiklen &quot;9046-jojo-Black Extra 1,2 meter&quot;<\/li>\n<\/ul>\n<h4>Anvendelsesomr\u00e5der:<\/h4>\n<ul>\n<li><strong>Kontor personale:<\/strong> Perfekt til at opbevare n\u00f8gler eller ID-kort let tilg\u00e6ngelige.<\/li>\n<li><strong>Sikkerhedspersonale:<\/strong> Ideel til at b\u00e6re sikkerhedsudstyr eller n\u00f8gler.<\/li>\n<li><strong>Event personale:<\/strong> Praktisk til at holde ID-kort eller adgangskort synlige og let tilg\u00e6ngelige.<\/li>\n<li><strong>Daglig brug:<\/strong> En praktisk l\u00f8sning til alle, der har brug for hurtig og nem adgang til deres n\u00f8gler eller kort.<\/li>\n<\/ul>\n<h4>Teknisk specifikation:<\/h4>\n<ul>\n<li><strong>Materiale:<\/strong> ABS plast<\/li>\n<li><strong>St\u00f8rrelse:<\/strong> 30 mm i diameter, 10 mm i tykkelse<\/li>\n<li><strong>Ledningsl\u00e6ngde:<\/strong> 60 cm<\/li>\n<li><strong>Farve:<\/strong> Sort, gul, hvid, bl\u00e5, gr\u00f8n<\/li>\n<\/ul>\n<h3>Fordele ved den udvidelige n\u00f8glering:<\/h3>\n<ul>\n<li>Enkel og ligetil installation<\/li>\n<li>Der kr\u00e6ves ingen boring<\/li>\n<li>Hurtig installation<\/li>\n<li>Ideel til massive tage s\u00e5som beton, hvor boring kan v\u00e6re vanskelig eller u\u00f8nsket<\/li>\n<\/ul>","protected":false},"excerpt":{"rendered":"<p>Denne handy udtr\u00e6kkelige n\u00f8glering med yo-yo i ABS-plastik er perfekt til nem og sikker adgang til dine n\u00f8gler eller ID-kort. Den leveres med en metaln\u00f8glering og en kraftig clips til sikker fastg\u00f8relse.<\/p>","protected":false},"featured_media":147633,"template":"","meta":{"_acf_changed":false},"product_brand":[],"product_cat":[1676,2901,1324],"product_tag":[2958],"class_list":{"0":"post-57249","1":"product","2":"type-product","3":"status-publish","4":"has-post-thumbnail","6":"product_cat-jojos-och-nyckelringar","7":"product_cat-jojo-yoyo-alltid-i-lager","8":"product_cat-outlet","9":"product_tag-stonehouse-produkt","10":"product_shipping_class-postnord-varubrev","11":"pa_brands-stonehouse-security","12":"pa_farg-bla","13":"pa_rfid-tillbehor-jojo","14":"tm-no-options","16":"first","17":"instock","18":"sale","19":"featured","20":"taxable","21":"shipping-taxable","22":"purchasable","23":"product-type-simple"},"acf":[],"_links":{"self":[{"href":"https:\/\/secureus.se\/dk\/wp-json\/wp\/v2\/product\/57249","targetHints":{"allow":["GET"]}}],"collection":[{"href":"https:\/\/secureus.se\/dk\/wp-json\/wp\/v2\/product"}],"about":[{"href":"https:\/\/secureus.se\/dk\/wp-json\/wp\/v2\/types\/product"}],"wp:featuredmedia":[{"embeddable":true,"href":"https:\/\/secureus.se\/dk\/wp-json\/wp\/v2\/media\/147633"}],"wp:attachment":[{"href":"https:\/\/secureus.se\/dk\/wp-json\/wp\/v2\/media?parent=57249"}],"wp:term":[{"taxonomy":"product_brand","embeddable":true,"href":"https:\/\/secureus.se\/dk\/wp-json\/wp\/v2\/product_brand?post=57249"},{"taxonomy":"product_cat","embeddable":true,"href":"https:\/\/secureus.se\/dk\/wp-json\/wp\/v2\/product_cat?post=57249"},{"taxonomy":"product_tag","embeddable":true,"href":"https:\/\/secureus.se\/dk\/wp-json\/wp\/v2\/product_tag?post=57249"}],"curies":[{"name":"wp","href":"https:\/\/api.w.org\/{rel}","templated":true}]}}